{"id":18623,"date":"2022-02-24T14:25:48","date_gmt":"2022-02-24T19:25:48","guid":{"rendered":"https:\/\/420now.co\/product\/420now-papier-a-rouler-king-size\/"},"modified":"2026-02-07T10:27:17","modified_gmt":"2026-02-07T15:27:17","slug":"420now-papier-a-rouler-king-size","status":"publish","type":"product","link":"https:\/\/420now.co\/fr-ca\/product\/420now-papier-a-rouler-king-size\/","title":{"rendered":"420Now Papier \u00e0 rouler King Size"},"content":{"rendered":"","protected":false},"excerpt":{"rendered":"<p>Papiers \u00e0 rouler au chanvre de qualit\u00e9 sup\u00e9rieure en King Size! Nos propres papiers \u00e0 rouler sont fabriqu\u00e9s \u00e0 partir de papier de chanvre de la plus haute qualit\u00e9 disponible et vous les adorerez pour rouler vos propres gros joints \u00e9pais. Le papier de chanvre a une vitesse de combustion lente et est fabriqu\u00e9 \u00e0 partir de plantes de chanvre qui contiennent un haut degr\u00e9 de fibres. Ils assurent \u00e9galement une fum\u00e9e enti\u00e8rement naturelle lorsque vous \u00eates pr\u00eat \u00e0 rouler et \u00e0 allumer.     <\/p>\n<p>Assurez-vous d\u2019avoir des papiers de qualit\u00e9 sup\u00e9rieure sous la main et ajoutez un ou deux paquets \u00e0 votre panier maintenant, avec votre herbe.<\/p>\n","protected":false},"featured_media":17098,"comment_status":"closed","ping_status":"closed","template":"","meta":{"_acf_changed":false},"product_brand":[],"product_cat":[261],"product_tag":[],"class_list":{"0":"post-18623","1":"product","2":"type-product","3":"status-publish","4":"has-post-thumbnail","6":"product_cat-papier-a-rouler","8":"first","9":"instock","10":"shipping-taxable","11":"purchasable","12":"product-type-simple"},"acf":[],"_links":{"self":[{"href":"https:\/\/420now.co\/fr-ca\/wp-json\/wp\/v2\/product\/18623","targetHints":{"allow":["GET"]}}],"collection":[{"href":"https:\/\/420now.co\/fr-ca\/wp-json\/wp\/v2\/product"}],"about":[{"href":"https:\/\/420now.co\/fr-ca\/wp-json\/wp\/v2\/types\/product"}],"replies":[{"embeddable":true,"href":"https:\/\/420now.co\/fr-ca\/wp-json\/wp\/v2\/comments?post=18623"}],"wp:featuredmedia":[{"embeddable":true,"href":"https:\/\/420now.co\/fr-ca\/wp-json\/wp\/v2\/media\/17098"}],"wp:attachment":[{"href":"https:\/\/420now.co\/fr-ca\/wp-json\/wp\/v2\/media?parent=18623"}],"wp:term":[{"taxonomy":"product_brand","embeddable":true,"href":"https:\/\/420now.co\/fr-ca\/wp-json\/wp\/v2\/product_brand?post=18623"},{"taxonomy":"product_cat","embeddable":true,"href":"https:\/\/420now.co\/fr-ca\/wp-json\/wp\/v2\/product_cat?post=18623"},{"taxonomy":"product_tag","embeddable":true,"href":"https:\/\/420now.co\/fr-ca\/wp-json\/wp\/v2\/product_tag?post=18623"}],"curies":[{"name":"wp","href":"https:\/\/api.w.org\/{rel}","templated":true}]}}