{"id":18624,"date":"2022-02-12T13:22:36","date_gmt":"2022-02-12T18:22:36","guid":{"rendered":"https:\/\/420now.co\/product\/cali-bubba\/"},"modified":"2026-03-09T19:02:00","modified_gmt":"2026-03-09T23:02:00","slug":"cali-bubba","status":"publish","type":"product","link":"https:\/\/420now.co\/fr-ca\/product\/cali-bubba\/","title":{"rendered":"Cali Bubba"},"content":{"rendered":"<p>Avec une moyenne d\u2019environ 24% de THC, Cali Bubba \u00e0 dominante Indica est un excellent choix pour une fum\u00e9e en soir\u00e9e\/nuit. Une s\u00e9dation de longue dur\u00e9e apr\u00e8s une bouff\u00e9e rapide qui commence par procurer des sentiments d\u2019euphorie et de bonheur \u00e9difiants. <\/p>\n<p>Les parents de cette vari\u00e9t\u00e9 comprennent Bubba Kush et Cali Kush et offre \u00e0 la fois aux utilisateurs m\u00e9dicaux et aux vrais amateurs de cannabis des avantages!<\/p>\n<p>Indica Dominant.<\/p>\n<h2>Cali Bubba Description des mauvaises herbes<\/h2>\n<p>Et la vari\u00e9t\u00e9 \u00e0 pr\u00e9dominance Indica , sa lign\u00e9e comprend Bubba Kush et Cali Kush, comme mentionn\u00e9 ci-dessus. Il a un ar\u00f4me le plus souvent d\u00e9crit comme des notes sucr\u00e9es et fruit\u00e9es contre un fort parfum de haschisch. Certains d\u00e9tectent \u00e9galement le caf\u00e9 lorsqu\u2019il est moulu. Elle fournit en moyenne 24% de THC, ce qui est consid\u00e9r\u00e9 comme tr\u00e8s puissant. Les d\u00e9butants voudront peut-\u00eatre \u00eatre prudents &#8211; bien que beaucoup trouvent que c\u2019est une excellente vari\u00e9t\u00e9 \u00e0 haute teneur en THC pour les d\u00e9butants.    <\/p>\n<h2>Cali Bubba Effets des mauvaises herbes<\/h2>\n<p>Attendez-vous \u00e0 un high b\u00e9at peu de temps apr\u00e8s avoir fini de fumer. Il s\u2019installe et remonte le moral avec une \u00e9nergie mentale euphorique, ainsi qu\u2019un bourdonnement corporel doux et r\u00e9confortant qui remplit de sensations de relaxation profonde. Tout en profitant de l\u2019euphorie et des effets corporels profonds, vous pouvez avoir l\u2019impression de ne pas pouvoir arr\u00eater de sourire &#8211; l\u2019effet sourire permanent.  <\/p>\n<p>Il est fortement recommand\u00e9 de consid\u00e9rer Cali Bubba comme une fum\u00e9e de soir ou de nuit &#8211; \u00e0 mesure que les effets s\u2019estompent, vous aurez probablement h\u00e2te de tomber dans un sommeil profond.<\/p>\n<h2>Cali Bubba Avantages m\u00e9dicaux<\/h2>\n<p>Cette vari\u00e9t\u00e9 est la pr\u00e9f\u00e9r\u00e9e de certains utilisateurs m\u00e9dicaux pour diverses raisons, mais surtout consid\u00e9r\u00e9e comme l\u2019aide au sommeil. Pour les personnes souffrant de troubles du sommeil, y compris l\u2019insomnie, c\u2019est un excellent choix \u00e0 essayer. Chaque personne est diff\u00e9rente et diff\u00e9rentes souches peuvent avoir des effets diff\u00e9rents sur les gens, mais en g\u00e9n\u00e9ral, Cali Bubba aide \u00e0 r\u00e9soudre les probl\u00e8mes de sommeil.  <\/p>\n<p>Il a \u00e9galement d\u2019autres avantages m\u00e9dicaux :<\/p>\n<ul>\n<li>Arthrite<\/li>\n<li>Douleur chronique<\/li>\n<li>D\u00e9pression<\/li>\n<li>Maux de t\u00eate et migraines<\/li>\n<li>Douleurs musculaires<\/li>\n<\/ul>\n<p><em>REMARQUE : Les informations sur ce site sont fournies \u00e0 des fins \u00e9ducatives seulement et ne remplacent pas un avis m\u00e9dical professionnel. Consultez un professionnel de la sant\u00e9 avant utilisation.  Pour les adultes \u00e2g\u00e9s de 19 ans ou plus seulement.<\/em><\/p>\n<h2>Livraison de Cali Bubba dans la r\u00e9gion de Toronto<\/h2>\n<p>Si vous \u00eates dans la r\u00e9gion du Grand Toronto (RGT), vous pouvez cultiver de l\u2019herbe Cali Bubba en 2 heures* \u00e0 votre porte! Commandez avant 20 h et l\u2019un de nos chauffeurs vous livrera le jour m\u00eame, 2 heures gratuitement, lorsque vous commandez un minimum de 100,00 $ de l\u2019un des produits sur notre site Web.<\/p>\n<p>*Livraison en deux heures \u00e0 Toronto (Scarborough, North York, Etobicoke, DownTown, York \u2013 toutes les r\u00e9gions \u00e0 l\u2019int\u00e9rieur des fronti\u00e8res de la ville de Toronto), Richmond Hill, King, Aurora, Newmarket, Woodbridge, Vaughan et Markham.<\/p>\n<p>Pour les r\u00e9gions p\u00e9riph\u00e9riques telles que Brampton, Caledon, Mississauga, Pickering, Ajax, Whitby, Oshawa, Clarington, Scugog, Uxbridge, East Gwillimbury, Georgina et Brock, nous visons deux heures, mais veuillez vous attendre \u00e0 la possibilit\u00e9 de 3 heures pour la livraison. Si votre adresse se trouve dans ces r\u00e9gions p\u00e9riph\u00e9riques, vous pouvez nous contacter pour conna\u00eetre les d\u00e9lais de livraison pr\u00e9vus ce jour-l\u00e0. <\/p>\n","protected":false},"excerpt":{"rendered":"<p>Avec une moyenne d\u2019environ 24% de THC, Cali Bubba \u00e0 dominante Indica est un excellent choix pour une fum\u00e9e en soir\u00e9e\/nuit. Une s\u00e9dation de longue dur\u00e9e apr\u00e8s une bouff\u00e9e rapide qui commence par procurer des sentiments d\u2019euphorie et de bonheur \u00e9difiants. <\/p>\n<p>Les parents de cette vari\u00e9t\u00e9 comprennent Bubba Kush et Cali Kush et offre \u00e0 la fois aux utilisateurs m\u00e9dicaux et aux vrais amateurs de cannabis des avantages!<\/p>\n<p>Indica Dominant.<\/p>\n","protected":false},"featured_media":17093,"comment_status":"open","ping_status":"closed","template":"","meta":{"_acf_changed":false},"product_brand":[],"product_cat":[250],"product_tag":[303],"class_list":{"0":"post-18624","1":"product","2":"type-product","3":"status-publish","4":"has-post-thumbnail","6":"product_cat-pot-indica","7":"product_tag-june-special-fr-ca","8":"pa_weight-1-oz-fr-ca","9":"pa_weight-1-2-oz-fr-ca","10":"pa_weight-1-4-oz-fr-ca-2","12":"first","13":"instock","14":"shipping-taxable","15":"purchasable","16":"product-type-variable"},"acf":[],"_links":{"self":[{"href":"https:\/\/420now.co\/fr-ca\/wp-json\/wp\/v2\/product\/18624","targetHints":{"allow":["GET"]}}],"collection":[{"href":"https:\/\/420now.co\/fr-ca\/wp-json\/wp\/v2\/product"}],"about":[{"href":"https:\/\/420now.co\/fr-ca\/wp-json\/wp\/v2\/types\/product"}],"replies":[{"embeddable":true,"href":"https:\/\/420now.co\/fr-ca\/wp-json\/wp\/v2\/comments?post=18624"}],"wp:featuredmedia":[{"embeddable":true,"href":"https:\/\/420now.co\/fr-ca\/wp-json\/wp\/v2\/media\/17093"}],"wp:attachment":[{"href":"https:\/\/420now.co\/fr-ca\/wp-json\/wp\/v2\/media?parent=18624"}],"wp:term":[{"taxonomy":"product_brand","embeddable":true,"href":"https:\/\/420now.co\/fr-ca\/wp-json\/wp\/v2\/product_brand?post=18624"},{"taxonomy":"product_cat","embeddable":true,"href":"https:\/\/420now.co\/fr-ca\/wp-json\/wp\/v2\/product_cat?post=18624"},{"taxonomy":"product_tag","embeddable":true,"href":"https:\/\/420now.co\/fr-ca\/wp-json\/wp\/v2\/product_tag?post=18624"}],"curies":[{"name":"wp","href":"https:\/\/api.w.org\/{rel}","templated":true}]}}