{"id":18630,"date":"2022-01-15T17:52:58","date_gmt":"2022-01-15T22:52:58","guid":{"rendered":"https:\/\/420now.co\/product\/savoureux-thc-jumbo-sour-keys\/"},"modified":"2026-02-08T12:26:48","modified_gmt":"2026-02-08T17:26:48","slug":"savoureux-thc-jumbo-sour-keys","status":"publish","type":"product","link":"https:\/\/420now.co\/fr-ca\/product\/savoureux-thc-jumbo-sour-keys\/","title":{"rendered":"Savoureuses cl\u00e9s acides jumbo au THC"},"content":{"rendered":"<p>Tasty THC est bas\u00e9e en Ontario et produit des produits de cannabis de haute qualit\u00e9 depuis plus de cinq ans. Leur mission est de rendre les comestibles de cannabis de haute qualit\u00e9 abordables et accessibles au grand public.  Alors que de nombreux producteurs de bonbons au cannabis et d\u2019aliments comestibles parlent de produits faits main, Tasty THC fabrique et emballe fi\u00e8rement tous ses produits avec des proc\u00e9d\u00e9s m\u00e9caniques qui garantissent des produits constants et sains (non touch\u00e9s par les mains humaines).<\/p>\n<p>Le cannabis provient de cultivateurs r\u00e9put\u00e9s qui ont au moins 35 ans d\u2019exp\u00e9rience dans le secteur de la culture du cannabis. Cela signifie des garanties quant \u00e0 la qualit\u00e9 du cannabis que Tasty THC utilise dans tous leurs produits. <\/p>\n<p>Au cours de la derni\u00e8re d\u00e9cennie, le THC savoureux est devenu un favori des consommateurs exigeants de comestibles au cannabis et des patients m\u00e9dicaux. Leurs produits sont r\u00e9guli\u00e8rement test\u00e9s en laboratoire afin d\u2019assurer la qualit\u00e9 et la pr\u00e9cision du dosage tant pour le THC que pour le CBD. <\/p>\n<h2>Ingr\u00e9dients de THC savoureux<\/h2>\n<ul>\n<li>Sucre<\/li>\n<li>Glucose<\/li>\n<li>Glucose-fructose<\/li>\n<li>G\u00e9latine<\/li>\n<li>Eau<\/li>\n<li>Huile de coco<\/li>\n<li>Sel<\/li>\n<li>L\u00e9cithine de tournesol<\/li>\n<li>Vanillin<\/li>\n<li>Colorants alimentaires<\/li>\n<li>Distillat de THC<\/li>\n<li>Isolat de CBD<\/li>\n<li>Ar\u00f4me<\/li>\n<\/ul>\n<p>Veuillez conserver dans un endroit frais et sec pour une fra\u00eecheur optimale. Restez hors de port\u00e9e des enfants. <\/p>\n<h2>Livraison gratuite de THC savoureux dans la r\u00e9gion du Grand Toronto (r\u00e9gion du Grand Toronto)<\/h2>\n<p>Si vous \u00eates dans la r\u00e9gion du Grand Toronto (GTA), vous pouvez obtenir n\u2019importe lequel des produits Tasty THC que nous offrons en moins de 2 heures* \u00e0 votre porte! Commandez avant 20 h et l\u2019un de nos chauffeurs vous livrera le jour m\u00eame, 2 heures gratuitement, lorsque vous commandez un minimum de 100,00 $ de l\u2019un des produits sur notre site Web.<\/p>\n<p>*Livraison en deux heures \u00e0 Toronto (Scarborough, North York, Etobicoke, DownTown, York \u2013 toutes les r\u00e9gions \u00e0 l\u2019int\u00e9rieur des fronti\u00e8res de la ville de Toronto), Richmond Hill, King, Aurora, Newmarket, Woodbridge, Vaughan et Markham.<\/p>\n<p>Pour les r\u00e9gions p\u00e9riph\u00e9riques telles que Brampton, Caledon, Mississauga, Pickering, Ajax, Whitby, Oshawa, Clarington, Scugog, Uxbridge, East Gwillimbury, Georgina et Brock, nous visons deux heures, mais veuillez vous attendre \u00e0 la possibilit\u00e9 de 3 heures pour la livraison. Si votre adresse se trouve dans ces r\u00e9gions p\u00e9riph\u00e9riques, vous pouvez nous contacter pour conna\u00eetre les d\u00e9lais de livraison pr\u00e9vus ce jour-l\u00e0. <\/p>\n","protected":false},"excerpt":{"rendered":"<p>Les savoureux THC Jumbo Sour Keys, faits avec 600 mg de distillat de THC 94% sans solvant et 50 mg de CBD, offrent une excellente fa\u00e7on confortable de consommer du cannabis. Chaque morceau contient 50 mg de THC et 4,1 mg de CBD. <\/p>\n<p>12 pi\u00e8ces par paquet.<\/p>\n<p>Si vous d\u00e9butez avec le THC savoureux, commencez avec une demi-pi\u00e8ce et attendez 90 minutes pour d\u00e9tecter les effets et comprendre votre propre tol\u00e9rance. Restez hors de port\u00e9e des enfants. <\/p>\n<p>Disponible en Sativa ou Indica.<\/p>\n<p>Veuillez noter que la photo du produit peut ne pas \u00eatre \u00e0 jour.<\/p>\n","protected":false},"featured_media":17061,"comment_status":"open","ping_status":"closed","template":"","meta":{"_acf_changed":false},"product_brand":[340],"product_cat":[225,219,231],"product_tag":[302,290,316],"class_list":{"0":"post-18630","1":"product","2":"type-product","3":"status-publish","4":"has-post-thumbnail","6":"product_brand-tasty-thc","7":"product_cat-bonbons","8":"product_cat-comestibles","9":"product_cat-gummies-fr-ca","10":"product_tag-indica-fr-ca","11":"product_tag-sativa-fr-ca","12":"product_tag-tasty-thc-fr-ca","14":"first","15":"instock","16":"shipping-taxable","17":"purchasable","18":"product-type-variable"},"acf":[],"_links":{"self":[{"href":"https:\/\/420now.co\/fr-ca\/wp-json\/wp\/v2\/product\/18630","targetHints":{"allow":["GET"]}}],"collection":[{"href":"https:\/\/420now.co\/fr-ca\/wp-json\/wp\/v2\/product"}],"about":[{"href":"https:\/\/420now.co\/fr-ca\/wp-json\/wp\/v2\/types\/product"}],"replies":[{"embeddable":true,"href":"https:\/\/420now.co\/fr-ca\/wp-json\/wp\/v2\/comments?post=18630"}],"wp:featuredmedia":[{"embeddable":true,"href":"https:\/\/420now.co\/fr-ca\/wp-json\/wp\/v2\/media\/17061"}],"wp:attachment":[{"href":"https:\/\/420now.co\/fr-ca\/wp-json\/wp\/v2\/media?parent=18630"}],"wp:term":[{"taxonomy":"product_brand","embeddable":true,"href":"https:\/\/420now.co\/fr-ca\/wp-json\/wp\/v2\/product_brand?post=18630"},{"taxonomy":"product_cat","embeddable":true,"href":"https:\/\/420now.co\/fr-ca\/wp-json\/wp\/v2\/product_cat?post=18630"},{"taxonomy":"product_tag","embeddable":true,"href":"https:\/\/420now.co\/fr-ca\/wp-json\/wp\/v2\/product_tag?post=18630"}],"curies":[{"name":"wp","href":"https:\/\/api.w.org\/{rel}","templated":true}]}}