{"id":18636,"date":"2021-12-28T18:02:51","date_gmt":"2021-12-28T23:02:51","guid":{"rendered":"https:\/\/420now.co\/product\/acapulco-gold\/"},"modified":"2026-03-12T16:27:53","modified_gmt":"2026-03-12T20:27:53","slug":"acapulco-gold","status":"publish","type":"product","link":"https:\/\/420now.co\/fr-ca\/product\/acapulco-gold\/","title":{"rendered":"Acapulco Gold"},"content":{"rendered":"<p>D\u2019apr\u00e8s son nom, la vari\u00e9t\u00e9 Acapulco Gold a ses racines dans la r\u00e9gion d\u2019Acapulco au Mexique. Hybride \u00e0 tendance Sativa , cette vari\u00e9t\u00e9 est bien connue pour son effet \u00e9nergisant. Une vari\u00e9t\u00e9 classique qui remonte au d\u00e9but des ann\u00e9es 60, p\u00e9riode \u00e0 laquelle elle \u00e9tait \u00e9tiquet\u00e9e \u00ab pot de connaisseur \u00bb. Si vous \u00eates un fan de l\u2019acteur Jack Nicholson, vous serez peut-\u00eatre int\u00e9ress\u00e9 d\u2019apprendre Acapulco Gold est l\u2019une de ses vari\u00e9t\u00e9s pr\u00e9f\u00e9r\u00e9es!   <\/p>\n<p>Si vous avez d\u00e9j\u00e0 regard\u00e9 Cheech et Chong, vous vous souvenez peut-\u00eatre du film \u00ab <em>Up In Smoke?<\/em> \u00bb, au cours duquel dans l\u2019une des sc\u00e8nes, Acapulco Gold \u00e9tait mis en \u00e9vidence, ce qui a motiv\u00e9 encore plus d\u2019int\u00e9r\u00eat pour cette vari\u00e9t\u00e9 de cannabis lors de la sortie du film.<\/p>\n<p>Le groupe rock Led Zeppelin mentionne la tension dans sa chanson \u00ab <em>Over The Hills And Far Away<\/em> \u00bb. En d\u2019autres termes, cette vari\u00e9t\u00e9 est un classique appr\u00e9ci\u00e9 depuis des d\u00e9cennies &#8211; qui vaut la peine d\u2019\u00eatre essay\u00e9 par vous-m\u00eame! <\/p>\n<p>Heureux, \u00c9lev\u00e9 et \u00c9nergique sont les descriptions les plus courantes des fans Acapulco Gold .<\/p>\n<h2>Acapulco Gold Descriptif<\/h2>\n<p>Comme nous l\u2019avons mentionn\u00e9 ci-dessus, cette vari\u00e9t\u00e9 trouve ses racines dans la r\u00e9gion d\u2019Acapulco, au Mexique, parmi les r\u00e9gions montagneuses \u00e0 l\u2019ext\u00e9rieur de la ville. Il tire \u00e9galement son nom de ses couleurs dor\u00e9es brun\u00e2tres ou vertes et dor\u00e9es, ainsi que de ses poils orange. La vari\u00e9t\u00e9 contient en moyenne environ 19% de THC avec parfois des tests allant jusqu\u2019\u00e0 23%. Son ar\u00f4me est souvent incomparable et d\u00e9crit comme un caramel reconnaissable.   <\/p>\n<p>Aujourd\u2019hui, Skunk #1 est souvent consid\u00e9r\u00e9e comme la \u00ab&nbsp;colonne vert\u00e9brale&nbsp;\u00bb de la communaut\u00e9 cannabique moderne, car de nombreuses vari\u00e9t\u00e9s ont la Skunk #1 dans leur g\u00e9n\u00e9tique &#8211; mais en r\u00e9alit\u00e9, Acapulco Gold est l\u2019une des vari\u00e9t\u00e9s dont la Skunk descend.<\/p>\n<p>Elle a \u00e9t\u00e9 nomm\u00e9e par High Times comme l\u2019une des <em>25 plus grandes vari\u00e9t\u00e9s de tous les temps<\/em> en 2014.<\/p>\n<h2>Acapulco Gold Avantages<\/h2>\n<p>Si jamais vous ressentez un manque de motivation, vous voudrez peut-\u00eatre vous tourner vers votre r\u00e9serve Acapulco Gold. C\u2019est une excellente Sativa pour ceux qui recherchent un high \u00e9nergique &#8211; c\u2019est une excellente fum\u00e9e de jour, car elle vous laisse g\u00e9n\u00e9ralement lucide. Il y a quelques rares cas de rapports de parano\u00efa, mais en g\u00e9n\u00e9ral, Acapulco Gold est bien tol\u00e9r\u00e9, m\u00eame par les d\u00e9butants les plus frais.  <\/p>\n<p>Acapulco Gold a une vari\u00e9t\u00e9 d\u2019utilisations m\u00e9dicales, notamment comme traitement pour :<\/p>\n<ul>\n<li>Fatigue<\/li>\n<li>Douleurs<\/li>\n<li>D\u00e9pression<\/li>\n<li>Anxi\u00e9t\u00e9<\/li>\n<li>Perte d\u2019app\u00e9tit<\/li>\n<\/ul>\n<p><em>REMARQUE : Les informations sur ce site sont fournies \u00e0 des fins \u00e9ducatives seulement et ne remplacent pas un avis m\u00e9dical professionnel. Consultez un professionnel de la sant\u00e9 avant utilisation.  Pour les adultes \u00e2g\u00e9s de 19 ans ou plus seulement.<\/em><\/p>\n<p>C\u2019est l\u2019une de ces vari\u00e9t\u00e9s c\u00e9l\u00e8bres pour susciter des sentiments de bonheur et d\u2019\u00e9l\u00e9vation, tout en gardant la t\u00eate claire tout en motivant la cr\u00e9ativit\u00e9.<\/p>\n<p>Cela peut causer une s\u00e9cheresse oculaire et une bouche s\u00e8che chez certains &#8211; avoir une boisson \u00e0 port\u00e9e de main vous aidera si ce sympt\u00f4me de bouche s\u00e8che vous frappe.<\/p>\n<h2>Acapulco Gold Livraison de mauvaises herbes dans la r\u00e9gion du Grand Toronto<\/h2>\n<p>Livraison gratuite en 2 heures : Livraison en deux heures avec Acapulco Gold \u00e0 Toronto (Scarborough, North York, Etobicoke, DownTown, York \u2013 toutes les r\u00e9gions \u00e0 l\u2019int\u00e9rieur des fronti\u00e8res de la ville de Toronto), Richmond Hill, King, Aurora, Newmarket, Woodbridge, Vaughan et Markham.<\/p>\n<p>\u00c9galement disponible pour exp\u00e9dition partout au Canada.<\/p>\n<p>Une commande minimale de 100,00 sur l\u2019un de nos produits est requise.<\/p>\n","protected":false},"excerpt":{"rendered":"<p>D\u2019apr\u00e8s son nom, la vari\u00e9t\u00e9 Acapulco Gold a ses racines dans la r\u00e9gion d\u2019Acapulco au Mexique. Hybride \u00e0 tendance Sativa , cette vari\u00e9t\u00e9 est bien connue pour son effet \u00e9nergisant. Une vari\u00e9t\u00e9 classique qui remonte au d\u00e9but des ann\u00e9es 60, p\u00e9riode \u00e0 laquelle elle \u00e9tait \u00e9tiquet\u00e9e \u00ab pot de connaisseur \u00bb. Si vous \u00eates un fan de l\u2019acteur Jack Nicholson, vous serez peut-\u00eatre int\u00e9ress\u00e9 d\u2019apprendre Acapulco Gold est l\u2019une de ses vari\u00e9t\u00e9s pr\u00e9f\u00e9r\u00e9es!   <\/p>\n<p>Le groupe rock Led Zeppelin mentionne la tension dans sa chanson \u00ab <em>Over The Hills And Far Away<\/em> \u00bb. En d\u2019autres termes, cette vari\u00e9t\u00e9 est un classique appr\u00e9ci\u00e9 depuis des d\u00e9cennies &#8211; qui vaut la peine d\u2019\u00eatre essay\u00e9 par vous-m\u00eame! <\/p>\n<p>Heureux, \u00c9lev\u00e9 et \u00c9nergique sont les descriptions les plus courantes des fans Acapulco Gold .<\/p>\n","protected":false},"featured_media":17053,"comment_status":"open","ping_status":"closed","template":"","meta":{"_acf_changed":false},"product_brand":[],"product_cat":[255],"product_tag":[],"class_list":{"0":"post-18636","1":"product","2":"type-product","3":"status-publish","4":"has-post-thumbnail","6":"product_cat-pot-sativa","7":"pa_weight-1-oz-fr-ca","8":"pa_weight-1-2-oz-fr-ca","9":"pa_weight-1-4-oz-fr-ca-2","11":"first","12":"instock","13":"shipping-taxable","14":"purchasable","15":"product-type-variable"},"acf":[],"_links":{"self":[{"href":"https:\/\/420now.co\/fr-ca\/wp-json\/wp\/v2\/product\/18636","targetHints":{"allow":["GET"]}}],"collection":[{"href":"https:\/\/420now.co\/fr-ca\/wp-json\/wp\/v2\/product"}],"about":[{"href":"https:\/\/420now.co\/fr-ca\/wp-json\/wp\/v2\/types\/product"}],"replies":[{"embeddable":true,"href":"https:\/\/420now.co\/fr-ca\/wp-json\/wp\/v2\/comments?post=18636"}],"wp:featuredmedia":[{"embeddable":true,"href":"https:\/\/420now.co\/fr-ca\/wp-json\/wp\/v2\/media\/17053"}],"wp:attachment":[{"href":"https:\/\/420now.co\/fr-ca\/wp-json\/wp\/v2\/media?parent=18636"}],"wp:term":[{"taxonomy":"product_brand","embeddable":true,"href":"https:\/\/420now.co\/fr-ca\/wp-json\/wp\/v2\/product_brand?post=18636"},{"taxonomy":"product_cat","embeddable":true,"href":"https:\/\/420now.co\/fr-ca\/wp-json\/wp\/v2\/product_cat?post=18636"},{"taxonomy":"product_tag","embeddable":true,"href":"https:\/\/420now.co\/fr-ca\/wp-json\/wp\/v2\/product_tag?post=18636"}],"curies":[{"name":"wp","href":"https:\/\/api.w.org\/{rel}","templated":true}]}}