{"id":18644,"date":"2021-11-19T09:31:51","date_gmt":"2021-11-19T14:31:51","guid":{"rendered":"https:\/\/420now.co\/product\/justin-trudeau-kush-aaaa\/"},"modified":"2026-03-12T17:13:32","modified_gmt":"2026-03-12T21:13:32","slug":"justin-trudeau-kush-aaaa","status":"publish","type":"product","link":"https:\/\/420now.co\/fr-ca\/product\/justin-trudeau-kush-aaaa\/","title":{"rendered":"Justin Trudeau Kush AAAA"},"content":{"rendered":"<p>Une fum\u00e9e tr\u00e8s satisfaisante avec une forte bouff\u00e9e &#8211; un high corporel que beaucoup appr\u00e9cient \u00e0 la fois en journ\u00e9e et en soir\u00e9e. Indica Hybride dominant.<\/p>\n<h2>Justin Trudeau Kush Descriptif<\/h2>\n<p>Cette vari\u00e9t\u00e9 est d\u2019une couleur vert for\u00eat avec des poils orange et a une saveur terreuse d\u2019agrumes avec des notes bois\u00e9es de pin. Sa lign\u00e9e exacte est inconnue, mais sa teneur en THC se situe entre 19 et 20%, ce qui en fait un nouveau favori de nombreux amateurs de cannabis. <\/p>\n<h2>Justin Trudeau Kush Effets<\/h2>\n<p>Attendez-vous \u00e0 un high rapide et tr\u00e8s relaxant tout en \u00e9tant capable de maintenir une vigilance mentale qui peut m\u00eame inclure un sentiment de motivation &#8211; id\u00e9al pour ceux qui ont besoin d\u2019effectuer des t\u00e2ches ennuyeuses ou qui travaillent sur des projets cr\u00e9atifs et qui ont de la difficult\u00e9 \u00e0 d\u00e9marrer.<\/p>\n<p>L\u2019effet atteint tr\u00e8s rapidement, mais en m\u00eame temps, les fans de cette vari\u00e9t\u00e9 la d\u00e9crivent comme un high \u00ab&nbsp;\u00e9quilibr\u00e9&nbsp;\u00bb. Vous voudrez peut-\u00eatre exp\u00e9rimenter un peu avec votre dose &#8211; quelques personnes ont not\u00e9 qu\u2019une trop grande quantit\u00e9 peut entra\u00eener un l\u00e9ger mal de t\u00eate lorsque l\u2019effet vous quitte, mais sinon une bonne humeur d\u00e8s la premi\u00e8re inspiration. <\/p>\n<p>Nomm\u00e9e \u00e9videmment en l\u2019honneur de <a href=\"https:\/\/en.wikipedia.org\/wiki\/Justin_Trudeau\" target=\"_blank\" rel=\"nofollow noopener\">l\u2019actuel premier ministre<\/a> du Canada, et l\u2019une des nouvelles vari\u00e9t\u00e9s disponibles qui est un \u00ab must \u00bb pour ceux qui aiment d\u00e9couvrir des vari\u00e9t\u00e9s nouvelles ou uniques.<\/p>\n<h2>Utilisations m\u00e9dicales de Justin Trudeau Kush<\/h2>\n<p>En raison de sa promotion de la relaxation, cette kush a trouv\u00e9 une vari\u00e9t\u00e9 d\u2019utilisations m\u00e9dicales, y compris comme traitement pour les sympt\u00f4mes de :<\/p>\n<ul>\n<li>Insomnie<\/li>\n<li>Douleur chronique<\/li>\n<li>Douleur aigu\u00eb<\/li>\n<li>Troubles de l\u2019alimentation<\/li>\n<li>Stress chronique<\/li>\n<li>Fatigue<\/li>\n<\/ul>\n<p><em>REMARQUE : Les informations sur ce site sont fournies \u00e0 des fins \u00e9ducatives seulement et ne remplacent pas un avis m\u00e9dical professionnel. Consultez un professionnel de la sant\u00e9 avant utilisation.  Pour les adultes \u00e2g\u00e9s de 19 ans ou plus seulement.<\/em><\/p>\n<p>C\u2019est aussi un excellent bourgeon pour les occasions sociales et les bonnes conversations avec des amis et des connaissances.<\/p>\n<h2>Livraison de Justin Trudeau Kush dans la r\u00e9gion de Toronto<\/h2>\n<p>Si vous \u00eates dans la r\u00e9gion du Grand Toronto (RGT), vous pouvez vous procurer de l\u2019herbe JTK (aussi connue sous le nom de Justin Trudope) en 2 heures* \u00e0 votre porte! Commandez avant 20 h et l\u2019un de nos chauffeurs vous livrera le jour m\u00eame, 2 heures gratuitement, lorsque vous commandez un minimum de 100,00 $ de l\u2019un des produits sur notre site Web.<\/p>\n<p>*Livraison en deux heures \u00e0 Toronto (Scarborough, North York, Etobicoke, DownTown, York \u2013 toutes les r\u00e9gions \u00e0 l\u2019int\u00e9rieur des fronti\u00e8res de la ville de Toronto), Richmond Hill, King, Aurora, Newmarket, Woodbridge, Vaughan et Markham.<\/p>\n<p>Nous exp\u00e9dions \u00e9galement partout au Canada et dans des r\u00e9gions \u00e9loign\u00e9es en dehors de notre zone de livraison gratuite habituelle.<\/p>\n","protected":false},"excerpt":{"rendered":"<p>Une fum\u00e9e tr\u00e8s satisfaisante avec une forte bouff\u00e9e &#8211; un high corporel que beaucoup appr\u00e9cient \u00e0 la fois en journ\u00e9e et en soir\u00e9e. Un high relaxant qui permet toujours la vivacit\u00e9 mentale et la cr\u00e9ativit\u00e9. <\/p>\n<p>Indica Hybride dominant<\/p>\n","protected":false},"featured_media":17042,"comment_status":"open","ping_status":"closed","template":"","meta":{"_acf_changed":false},"product_brand":[],"product_cat":[250],"product_tag":[],"class_list":{"0":"post-18644","1":"product","2":"type-product","3":"status-publish","4":"has-post-thumbnail","6":"product_cat-pot-indica","7":"pa_weight-1-oz-fr-ca","8":"pa_weight-1-2-oz-fr-ca","9":"pa_weight-1-4-oz-fr-ca-2","11":"first","12":"instock","13":"shipping-taxable","14":"purchasable","15":"product-type-variable"},"acf":[],"_links":{"self":[{"href":"https:\/\/420now.co\/fr-ca\/wp-json\/wp\/v2\/product\/18644","targetHints":{"allow":["GET"]}}],"collection":[{"href":"https:\/\/420now.co\/fr-ca\/wp-json\/wp\/v2\/product"}],"about":[{"href":"https:\/\/420now.co\/fr-ca\/wp-json\/wp\/v2\/types\/product"}],"replies":[{"embeddable":true,"href":"https:\/\/420now.co\/fr-ca\/wp-json\/wp\/v2\/comments?post=18644"}],"wp:featuredmedia":[{"embeddable":true,"href":"https:\/\/420now.co\/fr-ca\/wp-json\/wp\/v2\/media\/17042"}],"wp:attachment":[{"href":"https:\/\/420now.co\/fr-ca\/wp-json\/wp\/v2\/media?parent=18644"}],"wp:term":[{"taxonomy":"product_brand","embeddable":true,"href":"https:\/\/420now.co\/fr-ca\/wp-json\/wp\/v2\/product_brand?post=18644"},{"taxonomy":"product_cat","embeddable":true,"href":"https:\/\/420now.co\/fr-ca\/wp-json\/wp\/v2\/product_cat?post=18644"},{"taxonomy":"product_tag","embeddable":true,"href":"https:\/\/420now.co\/fr-ca\/wp-json\/wp\/v2\/product_tag?post=18644"}],"curies":[{"name":"wp","href":"https:\/\/api.w.org\/{rel}","templated":true}]}}