{"id":18656,"date":"2022-07-15T07:30:45","date_gmt":"2022-07-15T11:30:45","guid":{"rendered":"https:\/\/420now.co\/product\/backwoods-cigars-aromatique-sucre\/"},"modified":"2026-03-11T22:09:58","modified_gmt":"2026-03-12T02:09:58","slug":"backwoods-cigars-aromatique-sucre","status":"publish","type":"product","link":"https:\/\/420now.co\/fr-ca\/product\/backwoods-cigars-aromatique-sucre\/","title":{"rendered":"Backwoods Cigars &#8211; Aromatique sucr\u00e9"},"content":{"rendered":"","protected":false},"excerpt":{"rendered":"<p>Les cigares aromatiques sucr\u00e9s ont \u00e9t\u00e9 cr\u00e9\u00e9s pour ceux qui veulent un bon cigare et qui est tr\u00e8s doux. C\u2019est le m\u00e9lange Backwoods Cigars Signature &#8211; vous adorerez le parfum distinct de ce cigare \u00e0 fumer doux. Bien s\u00fbr, vous appr\u00e9cierez \u00e9galement l\u2019emballage de feuilles enti\u00e8rement naturel.  <\/p>\n<p>Cigares Backwoods de renomm\u00e9e mondiale &#8211; Paquet de 5.<\/p>\n","protected":false},"featured_media":17188,"comment_status":"open","ping_status":"closed","template":"","meta":{"_acf_changed":false},"product_brand":[385],"product_cat":[253],"product_tag":[292],"class_list":{"0":"post-18656","1":"product","2":"type-product","3":"status-publish","4":"has-post-thumbnail","6":"product_brand-backwoods","7":"product_cat-joints-preroules","8":"product_tag-backwoods-fr-ca","10":"first","11":"instock","12":"shipping-taxable","13":"purchasable","14":"product-type-simple"},"acf":[],"_links":{"self":[{"href":"https:\/\/420now.co\/fr-ca\/wp-json\/wp\/v2\/product\/18656","targetHints":{"allow":["GET"]}}],"collection":[{"href":"https:\/\/420now.co\/fr-ca\/wp-json\/wp\/v2\/product"}],"about":[{"href":"https:\/\/420now.co\/fr-ca\/wp-json\/wp\/v2\/types\/product"}],"replies":[{"embeddable":true,"href":"https:\/\/420now.co\/fr-ca\/wp-json\/wp\/v2\/comments?post=18656"}],"wp:featuredmedia":[{"embeddable":true,"href":"https:\/\/420now.co\/fr-ca\/wp-json\/wp\/v2\/media\/17188"}],"wp:attachment":[{"href":"https:\/\/420now.co\/fr-ca\/wp-json\/wp\/v2\/media?parent=18656"}],"wp:term":[{"taxonomy":"product_brand","embeddable":true,"href":"https:\/\/420now.co\/fr-ca\/wp-json\/wp\/v2\/product_brand?post=18656"},{"taxonomy":"product_cat","embeddable":true,"href":"https:\/\/420now.co\/fr-ca\/wp-json\/wp\/v2\/product_cat?post=18656"},{"taxonomy":"product_tag","embeddable":true,"href":"https:\/\/420now.co\/fr-ca\/wp-json\/wp\/v2\/product_tag?post=18656"}],"curies":[{"name":"wp","href":"https:\/\/api.w.org\/{rel}","templated":true}]}}