{"id":18657,"date":"2022-06-21T07:03:10","date_gmt":"2022-06-21T11:03:10","guid":{"rendered":"https:\/\/420now.co\/product\/storm-extracts-1500mg-indica-thc-indica\/"},"modified":"2026-02-08T14:39:08","modified_gmt":"2026-02-08T19:39:08","slug":"storm-extracts-1500mg-indica-thc-indica","status":"publish","type":"product","link":"https:\/\/420now.co\/fr-ca\/product\/storm-extracts-1500mg-indica-thc-indica\/","title":{"rendered":"Storm Extracts 1500mg Indica THC Indica"},"content":{"rendered":"<p>Storm Extracts rend simple et facile la m\u00e9dication avec sa teinture de THC. 1500 mg de THC Indica dans le flacon de 30 ml.   <\/p>\n<p>Les teintures Storm Exctracts sont infus\u00e9es d\u2019huile MCT biologique contenant 1 500 mg de THC. Cette teinture a un effet corporel profond\u00e9ment relaxant et est id\u00e9ale pour l\u2019insomnie, le stress et la douleur, la perte d\u2019app\u00e9tit et l\u2019arthrite. <\/p>\n<p>1500 mg de THC (total par bouteille), 50 MG PAR ML.<\/p>\n<h2>Teintures de cannabis &#8211; Un m\u00e9dicament \u00e0 l\u2019ancienne mais efficace<\/h2>\n<p>Les teintures existent depuis des centaines d\u2019ann\u00e9es et sont utilis\u00e9es comme m\u00e9dicaments depuis aussi longtemps. Ils sont un excellent moyen d\u2019obtenir des compos\u00e9s concentr\u00e9s \u00e0 partir de mati\u00e8res v\u00e9g\u00e9tales, y compris le cannabis.   <\/p>\n<p>Les teintures fonctionnent mieux lorsqu\u2019elles sont absorb\u00e9es sous la langue et peuvent avoir un effet plus rapide que les <a href=\"https:\/\/420now.co\/fr-ca\/product-category\/comestibles\/\" target=\"_blank\" rel=\"noopener\">comestibles au cannabis<\/a>. C\u2019est l\u2019une des raisons pour lesquelles beaucoup gardent des teintures \u2013 surtout ceux qui se m\u00e9dicamentent avec du cannabis.  <\/p>\n<p>\u00c0 l\u2019int\u00e9rieur de la bouteille de 30 ml (ce qui \u00e9quivaut \u00e0 environ 1 once liquide), il y a un compte-gouttes qui, lorsqu\u2019il est rempli, contient environ 1 ml. Il est pr\u00e9f\u00e9rable si vous d\u00e9butez dans les teintures de cannabis de commencer avec une plus petite quantit\u00e9 qu\u2019un compte-gouttes complet. <\/p>\n<p>Puisque vous utilisez une teinture, vous devez placer la quantit\u00e9 de teinture que vous voulez soigner sous votre langue et la maintenir pendant environ une demi-minute avant d\u2019avaler. Sous la langue, il y a des muqueuses qui sont absorb\u00e9es directement dans la circulation sanguine. C\u2019est pourquoi les teintures agissent plus rapidement que les produits comestibles &#8211; le concentr\u00e9 de la teinture contourne votre syst\u00e8me digestif et votre foie.    <\/p>\n<p>Vous commencerez probablement \u00e0 ressentir les effets dans les 15 \u00e0 30 minutes.<\/p>\n<h2>Avantages de l\u2019huile MCT<\/h2>\n<p>Prendre une teinture de cannabis qui utilise de l\u2019huile MCT comme base peut \u00e9galement avoir d\u2019autres avantages pour la sant\u00e9. L\u2019huile MCT \u00e0 elle seule semble aider \u00e0 combattre les infections bact\u00e9riennes, les probl\u00e8mes digestifs, les probl\u00e8mes h\u00e9patiques (lorsque l\u2019huile MCT est combin\u00e9e \u00e0 la vitamine E), les convulsions, l\u2019autisme, les troubles neurologiques (probl\u00e8mes de m\u00e9moire, maladie d\u2019Alzheimer, manque de jugement) car l\u2019huile MCT peut fournir de l\u2019\u00e9nergie au cerveau. <\/p>\n<h2>Livraison gratuite en deux heures &#8211; Teintures d\u2019extraits de temp\u00eate<\/h2>\n<p>Si vous \u00eates dans la r\u00e9gion du Grand Toronto (RGT), vous pouvez obtenir des teintures d\u2019extraits de temp\u00eate dans les 2 heures* \u00e0 votre porte! Commandez avant 20 h et l\u2019un de nos chauffeurs vous livrera le jour m\u00eame, 2 heures gratuitement, lorsque vous commandez un minimum de 100,00 $ de l\u2019un des produits sur notre site Web.<\/p>\n<p>*Livraison en deux heures \u00e0 Toronto (Scarborough, North York, Etobicoke, DownTown, York \u2013 toutes les r\u00e9gions \u00e0 l\u2019int\u00e9rieur des fronti\u00e8res de la ville de Toronto), Richmond Hill, King, Aurora, Newmarket, Woodbridge, Vaughan et Markham.  <\/p>\n","protected":false},"excerpt":{"rendered":"<p>Storm Extracts rend simple et facile la m\u00e9dication avec sa teinture de THC. 1500 mg de THC Indica dans le flacon de 30 ml.   <\/p>\n<p>Les teintures Storm Exctracts sont infus\u00e9es d\u2019huile MCT biologique contenant 1 500 mg de THC. Cette teinture a un effet corporel profond\u00e9ment relaxant et est id\u00e9ale pour l\u2019insomnie, le stress et la douleur, la perte d\u2019app\u00e9tit et l\u2019arthrite. <\/p>\n<p>1500 mg de THC (total par bouteille), 50 MG PAR ML.<\/p>\n","protected":false},"featured_media":17175,"comment_status":"open","ping_status":"closed","template":"","meta":{"_acf_changed":false},"product_brand":[367],"product_cat":[269],"product_tag":[],"class_list":{"0":"post-18657","1":"product","2":"type-product","3":"status-publish","4":"has-post-thumbnail","6":"product_brand-storm-extracts","7":"product_cat-teintures","9":"first","10":"instock","11":"shipping-taxable","12":"purchasable","13":"product-type-simple"},"acf":[],"_links":{"self":[{"href":"https:\/\/420now.co\/fr-ca\/wp-json\/wp\/v2\/product\/18657","targetHints":{"allow":["GET"]}}],"collection":[{"href":"https:\/\/420now.co\/fr-ca\/wp-json\/wp\/v2\/product"}],"about":[{"href":"https:\/\/420now.co\/fr-ca\/wp-json\/wp\/v2\/types\/product"}],"replies":[{"embeddable":true,"href":"https:\/\/420now.co\/fr-ca\/wp-json\/wp\/v2\/comments?post=18657"}],"wp:featuredmedia":[{"embeddable":true,"href":"https:\/\/420now.co\/fr-ca\/wp-json\/wp\/v2\/media\/17175"}],"wp:attachment":[{"href":"https:\/\/420now.co\/fr-ca\/wp-json\/wp\/v2\/media?parent=18657"}],"wp:term":[{"taxonomy":"product_brand","embeddable":true,"href":"https:\/\/420now.co\/fr-ca\/wp-json\/wp\/v2\/product_brand?post=18657"},{"taxonomy":"product_cat","embeddable":true,"href":"https:\/\/420now.co\/fr-ca\/wp-json\/wp\/v2\/product_cat?post=18657"},{"taxonomy":"product_tag","embeddable":true,"href":"https:\/\/420now.co\/fr-ca\/wp-json\/wp\/v2\/product_tag?post=18657"}],"curies":[{"name":"wp","href":"https:\/\/api.w.org\/{rel}","templated":true}]}}