{"id":18659,"date":"2022-07-15T07:15:49","date_gmt":"2022-07-15T11:15:49","guid":{"rendered":"https:\/\/420now.co\/product\/backwoods-cigars-creme-russe\/"},"modified":"2026-03-11T22:09:56","modified_gmt":"2026-03-12T02:09:56","slug":"backwoods-cigars-creme-russe","status":"publish","type":"product","link":"https:\/\/420now.co\/fr-ca\/product\/backwoods-cigars-creme-russe\/","title":{"rendered":"Backwoods Cigars &#8211; Cr\u00e8me russe"},"content":{"rendered":"","protected":false},"excerpt":{"rendered":"<p>Cr\u00e8me russe &#8211; lorsque vous \u00eates pr\u00eat pour quelque chose de doux, de cr\u00e9meux et de d\u00e9licieux &#8211; lorsque vous \u00eates pr\u00eat pour quelque chose de diff\u00e9rent.<\/p>\n<p>Cigares Backwoods de renomm\u00e9e mondiale &#8211; Paquet de 5.<\/p>\n","protected":false},"featured_media":17186,"comment_status":"open","ping_status":"closed","template":"","meta":{"_acf_changed":false},"product_brand":[385],"product_cat":[253,202],"product_tag":[292],"class_list":{"0":"post-18659","1":"product","2":"type-product","3":"status-publish","4":"has-post-thumbnail","6":"product_brand-backwoods","7":"product_cat-joints-preroules","8":"product_cat-uncategorized-fr-ca","9":"product_tag-backwoods-fr-ca","11":"first","12":"instock","13":"shipping-taxable","14":"purchasable","15":"product-type-simple"},"acf":[],"_links":{"self":[{"href":"https:\/\/420now.co\/fr-ca\/wp-json\/wp\/v2\/product\/18659","targetHints":{"allow":["GET"]}}],"collection":[{"href":"https:\/\/420now.co\/fr-ca\/wp-json\/wp\/v2\/product"}],"about":[{"href":"https:\/\/420now.co\/fr-ca\/wp-json\/wp\/v2\/types\/product"}],"replies":[{"embeddable":true,"href":"https:\/\/420now.co\/fr-ca\/wp-json\/wp\/v2\/comments?post=18659"}],"wp:featuredmedia":[{"embeddable":true,"href":"https:\/\/420now.co\/fr-ca\/wp-json\/wp\/v2\/media\/17186"}],"wp:attachment":[{"href":"https:\/\/420now.co\/fr-ca\/wp-json\/wp\/v2\/media?parent=18659"}],"wp:term":[{"taxonomy":"product_brand","embeddable":true,"href":"https:\/\/420now.co\/fr-ca\/wp-json\/wp\/v2\/product_brand?post=18659"},{"taxonomy":"product_cat","embeddable":true,"href":"https:\/\/420now.co\/fr-ca\/wp-json\/wp\/v2\/product_cat?post=18659"},{"taxonomy":"product_tag","embeddable":true,"href":"https:\/\/420now.co\/fr-ca\/wp-json\/wp\/v2\/product_tag?post=18659"}],"curies":[{"name":"wp","href":"https:\/\/api.w.org\/{rel}","templated":true}]}}