{"id":18660,"date":"2022-04-30T11:57:58","date_gmt":"2022-04-30T15:57:58","guid":{"rendered":"https:\/\/420now.co\/product\/tique-airis\/"},"modified":"2026-02-07T17:41:49","modified_gmt":"2026-02-07T22:41:49","slug":"tique-airis","status":"publish","type":"product","link":"https:\/\/420now.co\/fr-ca\/product\/tique-airis\/","title":{"rendered":"Tique Airis"},"content":{"rendered":"<h2>Caract\u00e9ristiques de Airis Tick<\/h2>\n<p>Le vaporisateur Airis Tick poss\u00e8de de nombreuses fonctionnalit\u00e9s que vous allez adorer! Jetez-y un coup d\u2019\u0153il : <\/p>\n<h3>Connexion rapide magn\u00e9tique<\/h3>\n<p>Compatible avec la plupart des cartouches d\u2019huile \u00e0 filetage 510, il suffit d\u2019installer l\u2019adaptateur de filetage magn\u00e9tique \u00e0 connexion rapide inclus sur une cartouche, puis de le faire glisser dans la fente situ\u00e9e sous le capuchon.<\/p>\n<h3>Fen\u00eatre de vue du niveau d\u2019huile<\/h3>\n<p>Vous saurez toujours combien d\u2019huile vous avez gr\u00e2ce \u00e0 la fen\u00eatre d\u2019affichage du niveau d\u2019huile. Ne manquez jamais! Il est facile de v\u00e9rifier rapidement et de voir combien d\u2019huile il reste dans votre cartouche.  <\/p>\n<h3>Accepte les cartouches de grand diam\u00e8tre<\/h3>\n<p>Parce que l\u2019Airis Tick est livr\u00e9 de s\u00e9rie avec un port de cartouche de 12 mm, presque toutes les cartouches d\u2019huile sur le march\u00e9 sont compatibles!<\/p>\n<h3>Capuchon d\u2019embout buccal discret<\/h3>\n<p>Airistech a incorpor\u00e9 un capuchon sup\u00e9rieur facile \u00e0 ouvrir dans son Airis Tick qui cache compl\u00e8tement l\u2019embout buccal et la cartouche.  <\/p>\n<h3>Pr\u00e9chauffer l\u2019huile<\/h3>\n<p>Vous avez maintenant la possibilit\u00e9 de pr\u00e9chauffer l\u2019huile dans la cartouche. Cela aide \u00e0 pr\u00e9venir les conditions de traction dure qui peuvent survenir lorsque certaines huiles se solidifient dans la cartouche.   <\/p>\n<h3>Tension variable<\/h3>\n<p>Cela vous donne 3 options de tension &#8211; 3,4, 3,7 ou 4,2 volts &#8211; Vous pouvez facilement passer d\u2019une option de tension \u00e0 l\u2019autre en appuyant sur le bouton d\u2019alimentation. Cela vous permet d\u2019ajuster la tension en fonction de l\u2019huile que vous utilisez. Certaines huiles fonctionnent mieux \u00e0 un r\u00e9glage de tension sp\u00e9cifique et vous pouvez maintenant choisir celle qui fonctionne le mieux pour vous et votre huile.  <\/p>\n<h3>Chargement micro-USB<\/h3>\n<p>Plus de facilit\u00e9 et de commodit\u00e9 &#8211; Utilisez n\u2019importe quel c\u00e2ble micro-USB pour charger l\u2019Airis Tick.<\/p>\n<h3>Batterie de qualit\u00e9 sup\u00e9rieure<\/h3>\n<p>Livr\u00e9 avec une batterie de 650 mAh de qualit\u00e9 sup\u00e9rieure qui a \u00e9t\u00e9 soigneusement test\u00e9e pour assurer une puissance constante et une longue dur\u00e9e.  <\/p>\n<h3>Compatibilit\u00e9 universelle des cartouches<\/h3>\n<p>Fonctionne avec la plupart des cartouches disponibles sur le march\u00e9. Avec le diam\u00e8tre de l\u2019appareil \u00e0 batterie de 12 mm, il fonctionne parfaitement avec des cartouches d\u2019un diam\u00e8tre \u00e9gal ou inf\u00e9rieur \u00e0 11,5 mm et d\u2019une longueur allant jusqu\u2019\u00e0 62 mm.   <\/p>\n<h3>Accepte les cartouches de 5 ml et de 1,0 ml<\/h3>\n<p>Chaque airis Tick comprend deux adaptateurs magn\u00e9tiques diff\u00e9rents &#8211; un pour les cartouches de 0,5 ml et un pour les cartouches de 1,0 ml. Choisissez celui qui correspond \u00e0 votre style de vie et \u00e0 vos pr\u00e9f\u00e9rences. (Cartouches non incluses).  <\/p>\n<h3>Qu\u2019est-ce qui est inclus dans la bo\u00eete?<\/h3>\n<ul>\n<li>1 vaporisateur \u00e0 tiques airis\n<li>Adaptateur de 1 \u00e0 .5 ml\n<li>1 &#8211; Adaptateur de 1 ml\n<li>1 c\u00e2ble de chargement micro-USB\n<li>Manuel de l\u2019utilisateur\n<\/ul>\n<h2>Livraison de vaporisateurs de tiques airis dans la r\u00e9gion de Toronto<\/h2>\n<p>Si vous \u00eates dans la r\u00e9gion du Grand Toronto (RGT), vous pouvez vous procurer des vaporisateurs airis Tick dans les 2 heures* \u00e0 votre porte! Commandez en ligne avant 20h et l\u2019un de nos chauffeurs vous livrera le jour m\u00eame, 2 heures gratuitement, lorsque vous commandez un minimum de 100,00 $ de l\u2019un des produits sur notre site Web. <\/p>\n<p>*Livraison en deux heures \u00e0 Toronto (Scarborough, North York, Etobicoke, DownTown, York \u2013 toutes les r\u00e9gions \u00e0 l\u2019int\u00e9rieur des fronti\u00e8res de la ville de Toronto), Richmond Hill, King, Aurora, Newmarket, Woodbridge, Vaughan et Markham.<\/p>\n","protected":false},"excerpt":{"rendered":"<p>Facile, rapide et agr\u00e9able, c\u2019est ce qu\u2019est l\u2019Airis Tick. Vous pouvez vaporiser votre huile pr\u00e9f\u00e9r\u00e9e avec ultra-discr\u00e9tion dans cet appareil portable.   <\/p>\n<p>Avec une connexion rapide magn\u00e9tique, il est compatible avec la plupart des cartouches d\u2019huile \u00e0 filetage 510. Il accepte \u00e9galement les cartouches extra larges avec son port de 12 mm, ce qui signifie que presque toutes les cartouches conviendront.   <\/p>\n<p>Trois options de tension et la possibilit\u00e9 de pr\u00e9chauffer votre huile, ce qui aidera \u00e0 pr\u00e9venir les conditions de \u00ab traction dure \u00bb si l\u2019huile de votre cartouche se solidifie.<\/p>\n<p>Disponible en rouge, blanc et noir. Qu\u2019est-ce qu\u2019il ne faut pas aimer avec la tique Airis? <\/p>\n<p><strong>EN RUPTURE DE STOCK<\/strong><\/p>\n","protected":false},"featured_media":17157,"comment_status":"open","ping_status":"closed","template":"","meta":{"_acf_changed":false},"product_brand":[],"product_cat":[282],"product_tag":[],"class_list":{"0":"post-18660","1":"product","2":"type-product","3":"status-publish","4":"has-post-thumbnail","6":"product_cat-trousse-de-demarrage","8":"first","9":"outofstock","10":"shipping-taxable","11":"purchasable","12":"product-type-variable"},"acf":[],"_links":{"self":[{"href":"https:\/\/420now.co\/fr-ca\/wp-json\/wp\/v2\/product\/18660","targetHints":{"allow":["GET"]}}],"collection":[{"href":"https:\/\/420now.co\/fr-ca\/wp-json\/wp\/v2\/product"}],"about":[{"href":"https:\/\/420now.co\/fr-ca\/wp-json\/wp\/v2\/types\/product"}],"replies":[{"embeddable":true,"href":"https:\/\/420now.co\/fr-ca\/wp-json\/wp\/v2\/comments?post=18660"}],"wp:featuredmedia":[{"embeddable":true,"href":"https:\/\/420now.co\/fr-ca\/wp-json\/wp\/v2\/media\/17157"}],"wp:attachment":[{"href":"https:\/\/420now.co\/fr-ca\/wp-json\/wp\/v2\/media?parent=18660"}],"wp:term":[{"taxonomy":"product_brand","embeddable":true,"href":"https:\/\/420now.co\/fr-ca\/wp-json\/wp\/v2\/product_brand?post=18660"},{"taxonomy":"product_cat","embeddable":true,"href":"https:\/\/420now.co\/fr-ca\/wp-json\/wp\/v2\/product_cat?post=18660"},{"taxonomy":"product_tag","embeddable":true,"href":"https:\/\/420now.co\/fr-ca\/wp-json\/wp\/v2\/product_tag?post=18660"}],"curies":[{"name":"wp","href":"https:\/\/api.w.org\/{rel}","templated":true}]}}