{"id":18661,"date":"2022-05-12T09:46:54","date_gmt":"2022-05-12T13:46:54","guid":{"rendered":"https:\/\/420now.co\/product\/outil-de-tamponnage-en-acier-inoxydable\/"},"modified":"2025-04-11T09:46:34","modified_gmt":"2025-04-11T13:46:34","slug":"outil-de-tamponnage-en-acier-inoxydable","status":"publish","type":"product","link":"https:\/\/420now.co\/fr-ca\/product\/outil-de-tamponnage-en-acier-inoxydable\/","title":{"rendered":"Outil de tamponnage en acier inoxydable"},"content":{"rendered":"<p>Fabriqu\u00e9 en acier inoxydable, cet outil \u00e0 dab (\u00e9galement connu sous le nom de \u00ab baguette \u00bb ou \u00ab dabber \u00bb) est une excellente alternative aux outils faits maison ou \u00e0 l\u2019utilisation de vos doigts.  <\/p>\n<p>Achetez-en un seul ou obtenez-en un gratuitement lorsque vous achetez <a href=\"https:\/\/420now.co\/fr-ca\/categorie-produit\/concentres\/resine-vivante\/\">des diamants ou<\/a> des <a href=\"https:\/\/420now.co\/fr-ca\/categorie-produit\/concentres\/diamants\/\">diamants<\/a> chez nous!<\/p>\n<p>C\u2019est un outil indispensable pour le dabbing &#8211; une m\u00e9thode de consommation de certaines formes concentr\u00e9es de THC comme les diamants et la colophane vivante. Ces concentr\u00e9s sont form\u00e9s \u00e0 l\u2019aide d\u2019une huile de butane pour extraire les huiles hautement concentr\u00e9es que l\u2019on trouve dans le cannabis. Le r\u00e9sultat est un produit qui contient au moins quatre fois la quantit\u00e9 de THC trouv\u00e9e dans la fleur de cannabis &#8211; mais g\u00e9n\u00e9ralement, la teneur en THC est beaucoup plus \u00e9lev\u00e9e pour les concentr\u00e9s qui ont \u00e9t\u00e9 produits correctement et efficacement. En fait, ils peuvent contenir 80+% de THC.   <\/p>\n<p>Le dabbing comme m\u00e9thode de consommation de THC est devenu plus populaire r\u00e9cemment, mais il a une longue histoire, qui remonte aux ann\u00e9es 1960. Selon l\u2019article \u00e9valu\u00e9 par les pairs de <em>Subst Abuse Rehabil<\/em> intitul\u00e9 <a href=\"https:\/\/www.dovepress.com\/butane-hash-oil-and-dabbing-insights-into-use-amateur-production-techn-peer-reviewed-fulltext-article-SAR\" target=\"_blank\" rel=\"noopener\">Butane hash oil and dabbing&nbsp;: insights into use, amateur production, and potential harm mitigation<\/a> : <\/p>\n<blockquote><p>M\u00eame si le \u00ab dabbing \u00bb est souvent pr\u00e9sent\u00e9 comme une nouvelle tendance par les m\u00e9dias populaires, ses origines chez les consommateurs am\u00e9ricains de substances remontent facilement aux ann\u00e9es 1960 avec d\u2019autres formes d\u2019extraits utilis\u00e9s bien avant cette \u00e9poque.1 On croit que les soldats du conflit du Vietnam extrayaient le t\u00e9trahydrocannabinol (THC) en un concentr\u00e9 liquide en utilisant des solvants tels que l\u2019ac\u00e9tone ou l\u2019essence. Ces utilisateurs enduisaient ensuite le produit sur un papier \u00e0 rouler ou saturaient le tabac avec le concentr\u00e9 liquide.1 Une autre forme d\u2019huile de haschisch appel\u00e9e \u00ab smash \u00bb a \u00e9galement fait une br\u00e8ve apparition en 1967 aux \u00c9tats-Unis.   <\/p><\/blockquote>\n<h2>La popularit\u00e9 du dabbing augmente<\/h2>\n<p>Avec la g\u00e9n\u00e9ralisation des bienfaits m\u00e9dicaux connus du THC, la pratique du dabbing a consid\u00e9rablement augment\u00e9. Bien s\u00fbr, les consommateurs v\u00e9t\u00e9rans de cannabis aiment \u00e9galement le dabbing pour un effet accru lorsqu\u2019ils l\u2019utilisent \u00e0 des fins r\u00e9cr\u00e9atives. Il faut cependant le faire avec prudence pour les d\u00e9butants en raison du fait que le THC concentr\u00e9 peut vous frapper tr\u00e8s rapidement et durement &#8211; prenant les d\u00e9butants par surprise. Il peut y avoir des effets n\u00e9gatifs dont les d\u00e9butants doivent \u00eatre conscients.   <\/p>\n<h2>Comment utiliser un outil de dabbing<\/h2>\n<p>Essentiellement, un outil de dabbing est utilis\u00e9 pour pr\u00e9lever une petite quantit\u00e9 du concentr\u00e9 que vous utiliserez avec une plate-forme de dabbing. Vous n\u2019avez besoin que d\u2019une tr\u00e8s petite quantit\u00e9 de concentr\u00e9, donc l\u2019outil y contribue. L\u2019outil de dabbing est ensuite utilis\u00e9 pour placer votre concentr\u00e9 sur le clou chaud &#8211; essentiellement une plaque dans la plate-forme de dabbing qui est pr\u00e9chauff\u00e9e avec une torche.  <\/p>\n<p>Voici une excellente vid\u00e9o pour vous aider \u00e0 comprendre ce dont vous avez besoin pour r\u00e9ussir \u00e0 tamponner :  <\/p>\n<p><iframe loading=\"lazy\" width=\"560\" height=\"315\" src=\"https:\/\/www.youtube.com\/embed\/QqvcUJEDtzI\" title=\"Lecteur vid\u00e9o YouTube\" frameborder=\"0\" allow=\"accelerometer; autoplay; clipboard-write; encrypted-media; gyroscope; picture-in-picture\" allowfullscreen=\"\"><\/iframe><\/p>\n<h2>Livraison gratuite &#8211; Concentr\u00e9s de cannabis et fournitures de dabbing R\u00e9gion du Grand Toronto<\/h2>\n<p>Des outils de dabbing et des concentr\u00e9s, y compris Live, Diamonds, Hash et plus encore, sont disponibles pour une livraison gratuite en deux heures dans une grande partie de la r\u00e9gion du Grand Toronto (RGT), y compris Toronto, <a href=\"https:\/\/420now.co\/fr-ca\/?page_id=18010\" target=\"_blank\" rel=\"noopener\">Markham<\/a>, <a href=\"https:\/\/420now.co\/fr-ca\/?page_id=17989\" target=\"_blank\" rel=\"noopener\">Richmond Hill<\/a>, <a href=\"https:\/\/420now.co\/fr-ca\/?page_id=17996\" target=\"_blank\" rel=\"noopener\">Vaughan<\/a>, King City, <a href=\"https:\/\/420now.co\/fr-ca\/?page_id=18038\" target=\"_blank\" rel=\"noopener\">Aurora<\/a>, <a href=\"https:\/\/420now.co\/fr-ca\/?page_id=18057\" target=\"_blank\" rel=\"noopener\">Newmarket<\/a> et <a href=\"https:\/\/420now.co\/fr-ca\/?page_id=18043\" target=\"_blank\" rel=\"noopener\">Bradford<\/a>. Nous exigeons une commande minimale de 100,00 $ pour la livraison.   <\/p>\n<p>R\u00e9gions \u00e0 l\u2019ext\u00e9rieur de notre principale zone de livraison telles que Mississauga, Brampton, Pickering, Ajax, Whitby, Caledon &#8211; veuillez nous appeler ou nous envoyer un texto \u00e0 l\u2019avance pour v\u00e9rifier la disponibilit\u00e9 des chauffeurs dans votre r\u00e9gion. Nous pouvons \u00e9galement exp\u00e9dier rapidement via Postes Canada dans votre r\u00e9gion et partout au Canada. <\/p>\n<h2>Offre sp\u00e9ciale!<\/h2>\n<p><strong>Chaque commande qui comprend Diamonds ou Live re\u00e7oit un outil de dabbing gratuit!<\/strong><\/p>\n","protected":false},"excerpt":{"rendered":"<p>Fabriqu\u00e9 en acier inoxydable, cet outil \u00e0 dab (\u00e9galement connu sous le nom de \u00ab baguette \u00bb ou \u00ab dabber \u00bb) est une excellente alternative aux outils faits maison ou \u00e0 l\u2019utilisation de vos doigts. <\/p>\n<p>Achetez-en un seul ou obtenez-en un gratuitement lorsque vous achetez <a href=\"https:\/\/420now.co\/fr-ca\/categorie-produit\/concentres\/resine-vivante\/\">des diamants ou<\/a> des <a href=\"https:\/\/420now.co\/fr-ca\/categorie-produit\/concentres\/diamants\/\">diamants<\/a> chez nous!<\/p>\n","protected":false},"featured_media":17163,"comment_status":"closed","ping_status":"closed","template":"","meta":{"_acf_changed":false},"product_brand":[],"product_cat":[256],"product_tag":[],"class_list":{"0":"post-18661","1":"product","2":"type-product","3":"status-publish","4":"has-post-thumbnail","6":"product_cat-attirail","8":"first","9":"instock","10":"shipping-taxable","11":"purchasable","12":"product-type-simple"},"acf":[],"_links":{"self":[{"href":"https:\/\/420now.co\/fr-ca\/wp-json\/wp\/v2\/product\/18661","targetHints":{"allow":["GET"]}}],"collection":[{"href":"https:\/\/420now.co\/fr-ca\/wp-json\/wp\/v2\/product"}],"about":[{"href":"https:\/\/420now.co\/fr-ca\/wp-json\/wp\/v2\/types\/product"}],"replies":[{"embeddable":true,"href":"https:\/\/420now.co\/fr-ca\/wp-json\/wp\/v2\/comments?post=18661"}],"wp:featuredmedia":[{"embeddable":true,"href":"https:\/\/420now.co\/fr-ca\/wp-json\/wp\/v2\/media\/17163"}],"wp:attachment":[{"href":"https:\/\/420now.co\/fr-ca\/wp-json\/wp\/v2\/media?parent=18661"}],"wp:term":[{"taxonomy":"product_brand","embeddable":true,"href":"https:\/\/420now.co\/fr-ca\/wp-json\/wp\/v2\/product_brand?post=18661"},{"taxonomy":"product_cat","embeddable":true,"href":"https:\/\/420now.co\/fr-ca\/wp-json\/wp\/v2\/product_cat?post=18661"},{"taxonomy":"product_tag","embeddable":true,"href":"https:\/\/420now.co\/fr-ca\/wp-json\/wp\/v2\/product_tag?post=18661"}],"curies":[{"name":"wp","href":"https:\/\/api.w.org\/{rel}","templated":true}]}}