{"id":18666,"date":"2022-07-15T07:38:04","date_gmt":"2022-07-15T11:38:04","guid":{"rendered":"https:\/\/420now.co\/product\/cigares-backwoods-original\/"},"modified":"2026-03-11T22:09:58","modified_gmt":"2026-03-12T02:09:58","slug":"cigares-backwoods-original","status":"publish","type":"product","link":"https:\/\/420now.co\/fr-ca\/product\/cigares-backwoods-original\/","title":{"rendered":"Cigares Backwoods &#8211; Original"},"content":{"rendered":"","protected":false},"excerpt":{"rendered":"<p>Comme son nom l\u2019indique, il s\u2019agit du m\u00e9lange original de cigares Backwoods qui les a rendus c\u00e9l\u00e8bres d\u00e8s le d\u00e9but. C\u2019est un classique \u00e0 la fois savoureux et aromatique.   <\/p>\n<p>Emballage de feuilles enti\u00e8rement naturel.<\/p>\n<p>Cigares Backwoods de renomm\u00e9e mondiale &#8211; Paquet de 5.<\/p>\n","protected":false},"featured_media":17189,"comment_status":"open","ping_status":"closed","template":"","meta":{"_acf_changed":false},"product_brand":[385],"product_cat":[253],"product_tag":[292],"class_list":{"0":"post-18666","1":"product","2":"type-product","3":"status-publish","4":"has-post-thumbnail","6":"product_brand-backwoods","7":"product_cat-joints-preroules","8":"product_tag-backwoods-fr-ca","10":"first","11":"instock","12":"shipping-taxable","13":"purchasable","14":"product-type-simple"},"acf":[],"_links":{"self":[{"href":"https:\/\/420now.co\/fr-ca\/wp-json\/wp\/v2\/product\/18666","targetHints":{"allow":["GET"]}}],"collection":[{"href":"https:\/\/420now.co\/fr-ca\/wp-json\/wp\/v2\/product"}],"about":[{"href":"https:\/\/420now.co\/fr-ca\/wp-json\/wp\/v2\/types\/product"}],"replies":[{"embeddable":true,"href":"https:\/\/420now.co\/fr-ca\/wp-json\/wp\/v2\/comments?post=18666"}],"wp:featuredmedia":[{"embeddable":true,"href":"https:\/\/420now.co\/fr-ca\/wp-json\/wp\/v2\/media\/17189"}],"wp:attachment":[{"href":"https:\/\/420now.co\/fr-ca\/wp-json\/wp\/v2\/media?parent=18666"}],"wp:term":[{"taxonomy":"product_brand","embeddable":true,"href":"https:\/\/420now.co\/fr-ca\/wp-json\/wp\/v2\/product_brand?post=18666"},{"taxonomy":"product_cat","embeddable":true,"href":"https:\/\/420now.co\/fr-ca\/wp-json\/wp\/v2\/product_cat?post=18666"},{"taxonomy":"product_tag","embeddable":true,"href":"https:\/\/420now.co\/fr-ca\/wp-json\/wp\/v2\/product_tag?post=18666"}],"curies":[{"name":"wp","href":"https:\/\/api.w.org\/{rel}","templated":true}]}}