{"id":18667,"date":"2022-07-15T07:43:20","date_gmt":"2022-07-15T11:43:20","guid":{"rendered":"https:\/\/420now.co\/product\/backwoods-cigars-miel\/"},"modified":"2026-03-11T22:09:59","modified_gmt":"2026-03-12T02:09:59","slug":"backwoods-cigars-miel","status":"publish","type":"product","link":"https:\/\/420now.co\/fr-ca\/product\/backwoods-cigars-miel\/","title":{"rendered":"Backwoods Cigars &#8211; Miel"},"content":{"rendered":"<p>Vous obtenez ici un bon go\u00fbt de tabac, ainsi que ce d\u00e9licieux go\u00fbt sucr\u00e9 que vous aimez. <\/p>\n<p>Emballage de feuilles enti\u00e8rement naturel.<\/p>\n<p>Cigares Backwoods de renomm\u00e9e mondiale &#8211; Paquet de 5.<\/p>\n","protected":false},"excerpt":{"rendered":"<p>Vous obtenez ici un bon go\u00fbt de tabac, ainsi que ce d\u00e9licieux go\u00fbt sucr\u00e9 que vous aimez. <\/p>\n<p>Emballage de feuilles enti\u00e8rement naturel.<\/p>\n<p>Cigares Backwoods de renomm\u00e9e mondiale &#8211; Paquet de 5.<\/p>\n","protected":false},"featured_media":17190,"comment_status":"open","ping_status":"closed","template":"","meta":{"_acf_changed":false},"product_brand":[385],"product_cat":[253],"product_tag":[292],"class_list":{"0":"post-18667","1":"product","2":"type-product","3":"status-publish","4":"has-post-thumbnail","6":"product_brand-backwoods","7":"product_cat-joints-preroules","8":"product_tag-backwoods-fr-ca","10":"first","11":"instock","12":"shipping-taxable","13":"purchasable","14":"product-type-simple"},"acf":[],"_links":{"self":[{"href":"https:\/\/420now.co\/fr-ca\/wp-json\/wp\/v2\/product\/18667","targetHints":{"allow":["GET"]}}],"collection":[{"href":"https:\/\/420now.co\/fr-ca\/wp-json\/wp\/v2\/product"}],"about":[{"href":"https:\/\/420now.co\/fr-ca\/wp-json\/wp\/v2\/types\/product"}],"replies":[{"embeddable":true,"href":"https:\/\/420now.co\/fr-ca\/wp-json\/wp\/v2\/comments?post=18667"}],"wp:featuredmedia":[{"embeddable":true,"href":"https:\/\/420now.co\/fr-ca\/wp-json\/wp\/v2\/media\/17190"}],"wp:attachment":[{"href":"https:\/\/420now.co\/fr-ca\/wp-json\/wp\/v2\/media?parent=18667"}],"wp:term":[{"taxonomy":"product_brand","embeddable":true,"href":"https:\/\/420now.co\/fr-ca\/wp-json\/wp\/v2\/product_brand?post=18667"},{"taxonomy":"product_cat","embeddable":true,"href":"https:\/\/420now.co\/fr-ca\/wp-json\/wp\/v2\/product_cat?post=18667"},{"taxonomy":"product_tag","embeddable":true,"href":"https:\/\/420now.co\/fr-ca\/wp-json\/wp\/v2\/product_tag?post=18667"}],"curies":[{"name":"wp","href":"https:\/\/api.w.org\/{rel}","templated":true}]}}