{"id":18668,"date":"2022-07-15T07:21:11","date_gmt":"2022-07-15T11:21:11","guid":{"rendered":"https:\/\/420now.co\/product\/backwoods-cigars-honey-berry\/"},"modified":"2026-03-11T22:09:57","modified_gmt":"2026-03-12T02:09:57","slug":"backwoods-cigars-honey-berry","status":"publish","type":"product","link":"https:\/\/420now.co\/fr-ca\/product\/backwoods-cigars-honey-berry\/","title":{"rendered":"Backwoods Cigars &#8211; Honey Berry"},"content":{"rendered":"","protected":false},"excerpt":{"rendered":"<p>Les cigares \u00e0 saveur de baies de miel ont \u00e9t\u00e9 inspir\u00e9s par la nature, mais sont appr\u00e9ci\u00e9s par tous. C\u2019est un \u00e9norme favori qui est un combo sucr\u00e9 et de bon go\u00fbt que vous n\u2019oublierez pas de sit\u00f4t. Vous voudrez les essayer d\u00e8s aujourd\u2019hui!  <\/p>\n<p>Cigares Backwoods de renomm\u00e9e mondiale &#8211; Paquet de 5.<\/p>\n","protected":false},"featured_media":17187,"comment_status":"open","ping_status":"closed","template":"","meta":{"_acf_changed":false},"product_brand":[385],"product_cat":[253,202],"product_tag":[292],"class_list":{"0":"post-18668","1":"product","2":"type-product","3":"status-publish","4":"has-post-thumbnail","6":"product_brand-backwoods","7":"product_cat-joints-preroules","8":"product_cat-uncategorized-fr-ca","9":"product_tag-backwoods-fr-ca","11":"first","12":"instock","13":"shipping-taxable","14":"purchasable","15":"product-type-simple"},"acf":[],"_links":{"self":[{"href":"https:\/\/420now.co\/fr-ca\/wp-json\/wp\/v2\/product\/18668","targetHints":{"allow":["GET"]}}],"collection":[{"href":"https:\/\/420now.co\/fr-ca\/wp-json\/wp\/v2\/product"}],"about":[{"href":"https:\/\/420now.co\/fr-ca\/wp-json\/wp\/v2\/types\/product"}],"replies":[{"embeddable":true,"href":"https:\/\/420now.co\/fr-ca\/wp-json\/wp\/v2\/comments?post=18668"}],"wp:featuredmedia":[{"embeddable":true,"href":"https:\/\/420now.co\/fr-ca\/wp-json\/wp\/v2\/media\/17187"}],"wp:attachment":[{"href":"https:\/\/420now.co\/fr-ca\/wp-json\/wp\/v2\/media?parent=18668"}],"wp:term":[{"taxonomy":"product_brand","embeddable":true,"href":"https:\/\/420now.co\/fr-ca\/wp-json\/wp\/v2\/product_brand?post=18668"},{"taxonomy":"product_cat","embeddable":true,"href":"https:\/\/420now.co\/fr-ca\/wp-json\/wp\/v2\/product_cat?post=18668"},{"taxonomy":"product_tag","embeddable":true,"href":"https:\/\/420now.co\/fr-ca\/wp-json\/wp\/v2\/product_tag?post=18668"}],"curies":[{"name":"wp","href":"https:\/\/api.w.org\/{rel}","templated":true}]}}