{"id":18672,"date":"2022-07-08T02:18:27","date_gmt":"2022-07-08T06:18:27","guid":{"rendered":"https:\/\/420now.co\/product\/extractions-des-ligues-majeures-mle-stylos-jetables-11-g\/"},"modified":"2026-03-28T10:00:41","modified_gmt":"2026-03-28T14:00:41","slug":"extractions-des-ligues-majeures-mle-stylos-jetables-11-g","status":"publish","type":"product","link":"https:\/\/420now.co\/fr-ca\/product\/extractions-des-ligues-majeures-mle-stylos-jetables-11-g\/","title":{"rendered":"Major League Extractions (MLE) \u2013 Disposable Pens (1.1g)"},"content":{"rendered":"<p>Les stylos \u00e0 vape Major League Extractions sont parmi les plus qualitatifs du march\u00e9 et beaucoup en sont tomb\u00e9s amoureux! Disponible en 16 saveurs et en choix de Sativa, Indida et Hybride, vous voudrez tous les essayer. <\/p>\n<p>Les stylos sont jetables mais sont \u00e9galement livr\u00e9s avec une batterie rechargeable longue dur\u00e9e!  <\/p>\n<p>Chacun contient un puissant 1,1 gramme de concentr\u00e9 avec des niveaux de THC allant de 94 \u00e0 97%!<\/p>\n<h2>La commodit\u00e9 des stylos \u00e0 vape Major League Extractions<\/h2>\n<p>Parce qu\u2019ils sont jetables, ils sont extr\u00eamement pratiques avec leurs batteries pr\u00e9charg\u00e9es et pr\u00eats \u00e0 \u00eatre utilis\u00e9s instantan\u00e9ment. Convivial et discret!   <\/p>\n<p>Chaque stylo jetable est livr\u00e9 avec 1,1 gramme de distillat de haute qualit\u00e9, puis compl\u00e9t\u00e9 avec des terp\u00e8nes aromatiques suppl\u00e9mentaires. Si vous aimez les gros nuages et les saveurs fortes, vous allez adorer chaque bouff\u00e9e avec ces stylos \u00e0 vapotage.   <\/p>\n<p>Le distillat est l\u2019ingr\u00e9dient principal de la plupart des cartouches de vapotage et les stylos MLE ne sont pas diff\u00e9rents. Cependant, ce qui distingue MLE des autres stylos, c\u2019est le grand boost de saveurs et la puissance de chaque bouff\u00e9e. <\/p>\n<h2>Effets des extractions des ligues majeures<\/h2>\n<p>Chaque personne est diff\u00e9rente et diff\u00e9rentes vari\u00e9t\u00e9s (hybride, Sativa, Indica) peuvent avoir des effets diff\u00e9rents sur des individus uniques. Cependant, nous devrions vous avertir que ces stylos \u00e0 vape sont puissants et que tout le monde devrait les utiliser la premi\u00e8re fois avec un peu de prudence pour d\u00e9terminer comment ils les affectent personnellement. <\/p>\n<p>De plus, il existe des vari\u00e9t\u00e9s Sativa, Indica et hybrides, et chacune d\u2019entre elles peut \u00e9galement avoir un effet diff\u00e9rent sur diff\u00e9rentes personnes. Il est pr\u00e9f\u00e9rable de comprendre comment cela vous affectera d\u2019en essayer plusieurs!   <\/p>\n<h2>Les stylos Major League Extractions (MLE) peuvent-ils \u00eatre r\u00e9utilis\u00e9s?<\/h2>\n<p>Les stylos \u00e0 vapotage MLE sont jetables et ne sont pas destin\u00e9s \u00e0 \u00eatre r\u00e9utilis\u00e9s. Vous pouvez cependant recharger la batterie (il y a un port de charge USB en bas) mais officiellement, elles ne sont pas destin\u00e9es \u00e0 \u00eatre remplies avec du distillat d\u2019autres marques.   <\/p>\n<h2>Stockage de stylos Major League Extractions (MLE)<\/h2>\n<p>Pour une utilisation instantan\u00e9e lorsque vous \u00eates pr\u00eat \u00e0 utiliser le stylo \u00e0 vape MLE, vous ne devez pas stocker le stylo \u00e0 des temp\u00e9ratures froides. Cela entra\u00eenera un \u00e9paississement du distillat et pourrait causer un colmatage. Si le stylo refroidit, r\u00e9chauffez-le avec vos mains en le frottant et en le chauffant avec friction ou ramenez-le \u00e0 temp\u00e9rature ambiante avant de l\u2019utiliser.  <\/p>\n<p>Les enclos doivent \u00e9galement \u00eatre rang\u00e9s en position verticale pour les prot\u00e9ger contre les fuites.<\/p>\n<h2>Achetez des stylos de vapotage Major League Extractions dans la r\u00e9gion de Toronto et obtenez la livraison gratuite<\/h2>\n<p>Si vous \u00eates dans la r\u00e9gion du Grand Toronto (RGT), vous pouvez vous procurer des stylos de vapotage Major League Extractions (MLE) en 2 heures* \u00e0 votre porte! Commandez avant 20 h et l\u2019un de nos chauffeurs vous livrera le jour m\u00eame, 2 heures gratuitement, lorsque vous commandez un minimum de 100,00 $ de l\u2019un des produits sur notre site Web.<\/p>\n<p>*Livraison en deux heures \u00e0 Toronto (Scarborough, North York, Etobicoke, DownTown, York \u2013 toutes les r\u00e9gions \u00e0 l\u2019int\u00e9rieur des fronti\u00e8res de la ville de Toronto), Richmond Hill, King, Aurora, Newmarket, Woodbridge, Vaughan et Markham.<\/p>\n","protected":false},"excerpt":{"rendered":"<p>Les stylos \u00e0 vape Major League Extractions sont parmi les plus qualitatifs du march\u00e9 et beaucoup en sont tomb\u00e9s amoureux! Disponible en 16 saveurs et en choix de Sativa, Indida et Hybride, vous voudrez tous les essayer. <\/p>\n<p>Les stylos sont jetables mais sont \u00e9galement livr\u00e9s avec une batterie rechargeable longue dur\u00e9e!  <\/p>\n<p>Chacun contient un puissant 1,1 gramme de concentr\u00e9 avec des niveaux de THC allant de 94 \u00e0 97%!<\/p>\n<p><strong>Saveurs :<\/strong> Tropicana Orange, Sour Razzles, KoolAid Fruit Punch, Fromage aux bleuets, Banana Split, Smarties, Barbe \u00e0 papa, Swedish Fish, Somnambule, Pomme verte, Guimauve OG, Lemonhead, Hardcore OG, Coca-Cola, Monster Cookies.<\/p>\n","protected":false},"featured_media":17183,"comment_status":"open","ping_status":"closed","template":"","meta":{"_acf_changed":false},"product_brand":[],"product_cat":[281],"product_tag":[],"class_list":{"0":"post-18672","1":"product","2":"type-product","3":"status-publish","4":"has-post-thumbnail","6":"product_cat-stylos-a-vapotage-jetables","8":"first","9":"instock","10":"shipping-taxable","11":"purchasable","12":"product-type-variable"},"acf":[],"_links":{"self":[{"href":"https:\/\/420now.co\/fr-ca\/wp-json\/wp\/v2\/product\/18672","targetHints":{"allow":["GET"]}}],"collection":[{"href":"https:\/\/420now.co\/fr-ca\/wp-json\/wp\/v2\/product"}],"about":[{"href":"https:\/\/420now.co\/fr-ca\/wp-json\/wp\/v2\/types\/product"}],"replies":[{"embeddable":true,"href":"https:\/\/420now.co\/fr-ca\/wp-json\/wp\/v2\/comments?post=18672"}],"wp:featuredmedia":[{"embeddable":true,"href":"https:\/\/420now.co\/fr-ca\/wp-json\/wp\/v2\/media\/17183"}],"wp:attachment":[{"href":"https:\/\/420now.co\/fr-ca\/wp-json\/wp\/v2\/media?parent=18672"}],"wp:term":[{"taxonomy":"product_brand","embeddable":true,"href":"https:\/\/420now.co\/fr-ca\/wp-json\/wp\/v2\/product_brand?post=18672"},{"taxonomy":"product_cat","embeddable":true,"href":"https:\/\/420now.co\/fr-ca\/wp-json\/wp\/v2\/product_cat?post=18672"},{"taxonomy":"product_tag","embeddable":true,"href":"https:\/\/420now.co\/fr-ca\/wp-json\/wp\/v2\/product_tag?post=18672"}],"curies":[{"name":"wp","href":"https:\/\/api.w.org\/{rel}","templated":true}]}}