{"id":18706,"date":"2022-03-20T13:03:41","date_gmt":"2022-03-20T17:03:41","guid":{"rendered":"https:\/\/420now.co\/product\/left-coast-gummy-co-1200-mg-thc\/"},"modified":"2025-06-10T09:39:47","modified_gmt":"2025-06-10T13:39:47","slug":"left-coast-gummy-co-1200-mg-thc","status":"publish","type":"product","link":"https:\/\/420now.co\/fr-ca\/product\/left-coast-gummy-co-1200-mg-thc\/","title":{"rendered":"Left Coast Gummy Co. 1200 mg THC"},"content":{"rendered":"<h2>Left Coast Gummies 1200 mg THC \u2013 Douleur grave et somnif\u00e8re!<\/h2>\n<p>Avec 1200 mg de THC par paquet, ce paquet de gommes Left Coast est un grand favori des amateurs de produits comestibles qui pourraient avoir besoin ou vouloir exp\u00e9rimenter des doses extr\u00eames de THC. Ils ont un go\u00fbt d\u00e9licieux avec une vari\u00e9t\u00e9 de saveurs all\u00e9chantes dans chaque emballage. Les ingr\u00e9dients comprennent une liste presque 100% biologique comprenant de l\u2019eau de source naturelle, de la g\u00e9latine, du sucre de canne biologique, de l\u2019extrait de cannabis biologique exclusif, de l\u2019acide citrique, des ar\u00f4mes et des colorants naturels.  <\/p>\n<p>Chaque paquet contient 6 gommes. Il y a 200 mg de THC dans chaque gomme. Les gommes de la c\u00f4te gauche sont une d\u00e9licieuse fa\u00e7on de consommer des m\u00e9dicaments!  <\/p>\n<p>Certains ont rapport\u00e9 que les gommes de la c\u00f4te gauche ont aid\u00e9 \u00e0 soulager la douleur et comme aide au sommeil. Bien s\u00fbr, ils sont parfaits pour se d\u00e9foncer avec des amis ou seul lorsque la discr\u00e9tion est n\u00e9cessaire et que fumer n\u2019est pas une bonne id\u00e9e. <\/p>\n<p>Produit avec la technologie Nano Emulsion pour une absorption rapide et des effets rapides. Fabriqu\u00e9 en Colombie-Britannique, Canada. <\/p>\n<h2>Livraison gratuite sur les gommes de la c\u00f4te gauche dans la r\u00e9gion du Grand Toronto<\/h2>\n<p>Les gommes Left Coast 1200 mg sont l\u2019un de nos produits les plus recherch\u00e9s \u2013 et si vous commandez dans la r\u00e9gion du Grand Toronto avant 20h, nous pouvons les avoir \u00e0 votre porte pour une livraison gratuite en 2 heures!* La livraison gratuite est bas\u00e9e sur une commande minimale de 100,00 $ \u2013 incluant tous nos produits. Vous n\u2019avez pas besoin de commander 4 paquets de gommes de la c\u00f4te gauche \u2013 \u00e0 moins que vous ne le souhaitiez, bien s\u00fbr! N\u2019h\u00e9sitez pas \u00e0 m\u00e9langer et \u00e0 assortir de notre s\u00e9lection de produits et tant que votre commande totale s\u2019\u00e9l\u00e8ve \u00e0 100,00 $ (ou plus), vous obtiendrez la livraison gratuite dans la r\u00e9gion du Grand Toronto.<\/p>\n<p>*Livraison en deux heures \u00e0 Toronto (Scarborough, North York, Etobicoke, DownTown, York \u2013 toutes les r\u00e9gions \u00e0 l\u2019int\u00e9rieur des fronti\u00e8res de la ville de Toronto), Richmond Hill, King, Aurora, Newmarket, Woodbridge, Vaughan et Markham.<\/p>\n<p>Pour les r\u00e9gions p\u00e9riph\u00e9riques telles que Brampton, Caledon, Mississauga, Pickering, Ajax, Whitby, Oshawa, Clarington, Scugog, Uxbridge, East Gwillimbury, Georgina et Brock, nous visons deux heures, mais veuillez vous attendre \u00e0 la possibilit\u00e9 de 3 heures pour la livraison. Si votre adresse se trouve dans ces r\u00e9gions p\u00e9riph\u00e9riques, vous pouvez nous contacter pour conna\u00eetre les d\u00e9lais de livraison pr\u00e9vus ce jour-l\u00e0. <\/p>\n<p>Nous acceptons les paiements par courriel, Interac et paiement \u00e0 la livraison.<\/p>\n<h2>Exp\u00e9dition pancanadienne Left Coast Gummies 1200mg THC<\/h2>\n<p>Nous pouvons \u00e9galement exp\u00e9dier Left Coast Gummies partout au Canada avec une commande minimale (mais le paiement doit \u00eatre effectu\u00e9 avant l\u2019exp\u00e9dition de la commande) de 150,00 $ pour la livraison gratuite. Nos clients adorent ces produits comestibles au cannabis \u2013 si vous ne les avez jamais essay\u00e9s, vous devriez le faire! <\/p>\n<p>Allez-y et essayez ces d\u00e9licieux gommes! Nous savons que vous serez heureux de l\u2019avoir fait. <\/p>\n<p><strong>La livraison gratuite dans la r\u00e9gion du Grand Toronto comprend Toronto, Vaughan, Richmond Hill, Thornhill, Markham, Newmarket, Aurora, Caledon, Bolton, Unionville, North York, Scarborough, Etobicoke, Mississauga, Brampton, King (City) <a href=\"https:\/\/420now.co\/fr-ca\/region-du-grand-toronto-rgt-livraison-gratuite\/\">Township \u2013 voir notre couverture compl\u00e8te ici<\/a>.<\/strong><\/p>\n","protected":false},"excerpt":{"rendered":"<p>Left Coast Gummy Co. est une entreprise de produits comestibles qui a explos\u00e9 dans la communaut\u00e9 du cannabis. Maintenant avec un nouvel emballage \u00e0 plus forte teneur en THC &#8211; 1200 mg de THC par paquet. <\/p>\n<p>Tout le monde s\u2019extasie sur les gommes de la c\u00f4te gauche \u2013 et vous le ferez aussi, une fois que vous les aurez essay\u00e9es. Ils sont parfaits pour soulager la douleur ou pour un regain de sommeil n\u00e9cessaire. Mais soyez prudent &#8211; ce produit a une teneur en THC tr\u00e8s \u00e9lev\u00e9e. Si vous d\u00e9butez, envisagez le paquet de <a href=\"https:\/\/420now.co\/fr-ca\/product\/left-coast-gummy-co-150-mg-thc\/\" target=\"_blank\" rel=\"noopener\">150 mg de THC de Left Coast Gummy Co.<\/a> &#8211; ou commencez avec de petits morceaux d\u2019une seule gomme pour d\u00e9terminer les effets sur vous. <a href=\"https:\/\/420now.co\/fr-ca\/product\/left-coast-gummy-co-600-mg-thc\/\" target=\"_blank\" rel=\"noopener\">L\u2019emballage de 600 mg de THC de Left Coast Gummy Co<\/a>. est \u00e9galement disponible.    <\/p>\n<p>Commandez Left Coast Gummies maintenant, et nous les aurons \u00e0 votre porte dans la r\u00e9gion du Grand Toronto avant 22 h (doivent \u00eatre command\u00e9s avant 20 h).<\/p>\n<p>Cannabis m\u00e9dible (m\u00e9dicament\u00e9 comestible).<\/p>\n<p>Chaque paquet contient 6 gommes. Chaque gomme contient 200 mg de THC pour un dosage pr\u00e9cis. <\/p>\n","protected":false},"featured_media":17122,"comment_status":"closed","ping_status":"closed","template":"","meta":{"_acf_changed":false},"product_brand":[],"product_cat":[231,225],"product_tag":[306],"class_list":{"0":"post-18706","1":"product","2":"type-product","3":"status-publish","4":"has-post-thumbnail","6":"product_cat-gummies-fr-ca","7":"product_cat-bonbons","8":"product_tag-left-coast-gummies-fr-ca","10":"first","11":"instock","12":"shipping-taxable","13":"purchasable","14":"product-type-simple"},"acf":[],"_links":{"self":[{"href":"https:\/\/420now.co\/fr-ca\/wp-json\/wp\/v2\/product\/18706","targetHints":{"allow":["GET"]}}],"collection":[{"href":"https:\/\/420now.co\/fr-ca\/wp-json\/wp\/v2\/product"}],"about":[{"href":"https:\/\/420now.co\/fr-ca\/wp-json\/wp\/v2\/types\/product"}],"replies":[{"embeddable":true,"href":"https:\/\/420now.co\/fr-ca\/wp-json\/wp\/v2\/comments?post=18706"}],"wp:featuredmedia":[{"embeddable":true,"href":"https:\/\/420now.co\/fr-ca\/wp-json\/wp\/v2\/media\/17122"}],"wp:attachment":[{"href":"https:\/\/420now.co\/fr-ca\/wp-json\/wp\/v2\/media?parent=18706"}],"wp:term":[{"taxonomy":"product_brand","embeddable":true,"href":"https:\/\/420now.co\/fr-ca\/wp-json\/wp\/v2\/product_brand?post=18706"},{"taxonomy":"product_cat","embeddable":true,"href":"https:\/\/420now.co\/fr-ca\/wp-json\/wp\/v2\/product_cat?post=18706"},{"taxonomy":"product_tag","embeddable":true,"href":"https:\/\/420now.co\/fr-ca\/wp-json\/wp\/v2\/product_tag?post=18706"}],"curies":[{"name":"wp","href":"https:\/\/api.w.org\/{rel}","templated":true}]}}