{"id":18735,"date":"2022-08-05T16:22:31","date_gmt":"2022-08-05T20:22:31","guid":{"rendered":"https:\/\/420now.co\/product\/baxter-pre-roll-blunts-indica\/"},"modified":"2026-03-11T22:06:52","modified_gmt":"2026-03-12T02:06:52","slug":"baxter-pre-roll-blunts-indica","status":"publish","type":"product","link":"https:\/\/420now.co\/fr-ca\/product\/baxter-pre-roll-blunts-indica\/","title":{"rendered":"Baxter Pre Roll Blunts &#8211; Indica"},"content":{"rendered":"<p>Fleurs haut de gamme haut de gamme, Baxter Blunts pour leur grande saveur et leur commodit\u00e9. Chaque bo\u00eete contient 7 blunts fabriqu\u00e9s \u00e0 partir de fleurs cultiv\u00e9es en Colombie-Britannique de qualit\u00e9 sup\u00e9rieure que Baxter Cannabis s\u2019approvisionne elle-m\u00eame. Ils rejettent tout ce qui est inf\u00e9rieur \u00e0 la fleur AAA.  <\/p>\n<p>Purs et compl\u00e8tement sans tabac ni nicotine, vous appr\u00e9cierez la qualit\u00e9 et le savoir-faire roul\u00e9s \u00e0 la main qui entrent dans Baxter Blunts.<\/p>\n<p>Bien s\u00fbr, vous voudrez les essayer par vous-m\u00eame, mais ils sont si \u00e9l\u00e9gants et haut de gamme qu\u2019ils feraient \u00e9galement un cadeau g\u00e9nial pour quelqu\u2019un.<\/p>\n<p>Chaque blunt contient 1\/8 oz de fleur.<\/p>\n<p>Indica<\/p>\n","protected":false},"excerpt":{"rendered":"<p>Fleurs haut de gamme haut de gamme, Baxter Blunts pour leur grande saveur et leur commodit\u00e9. Chaque bo\u00eete contient 7 blunts fabriqu\u00e9s \u00e0 partir de fleurs cultiv\u00e9es en Colombie-Britannique de qualit\u00e9 sup\u00e9rieure que Baxter Cannabis s\u2019approvisionne elle-m\u00eame. Ils rejettent tout ce qui est inf\u00e9rieur \u00e0 la fleur AAA.  <\/p>\n<p>Purs et compl\u00e8tement sans tabac ni nicotine, vous appr\u00e9cierez la qualit\u00e9 et le savoir-faire roul\u00e9s \u00e0 la main qui entrent dans Baxter Blunts.<\/p>\n<p>Bien s\u00fbr, vous voudrez les essayer par vous-m\u00eame, mais ils sont si \u00e9l\u00e9gants et haut de gamme qu\u2019ils feraient \u00e9galement un cadeau g\u00e9nial pour quelqu\u2019un.<\/p>\n<p>Chaque blunt contient 1\/8 oz de fleur.<\/p>\n<p>Indica<\/p>\n","protected":false},"featured_media":17254,"comment_status":"open","ping_status":"closed","template":"","meta":{"_acf_changed":false},"product_brand":[],"product_cat":[253],"product_tag":[],"class_list":{"0":"post-18735","1":"product","2":"type-product","3":"status-publish","4":"has-post-thumbnail","6":"product_cat-joints-preroules","8":"first","9":"instock","10":"shipping-taxable","11":"purchasable","12":"product-type-simple"},"acf":[],"_links":{"self":[{"href":"https:\/\/420now.co\/fr-ca\/wp-json\/wp\/v2\/product\/18735","targetHints":{"allow":["GET"]}}],"collection":[{"href":"https:\/\/420now.co\/fr-ca\/wp-json\/wp\/v2\/product"}],"about":[{"href":"https:\/\/420now.co\/fr-ca\/wp-json\/wp\/v2\/types\/product"}],"replies":[{"embeddable":true,"href":"https:\/\/420now.co\/fr-ca\/wp-json\/wp\/v2\/comments?post=18735"}],"wp:featuredmedia":[{"embeddable":true,"href":"https:\/\/420now.co\/fr-ca\/wp-json\/wp\/v2\/media\/17254"}],"wp:attachment":[{"href":"https:\/\/420now.co\/fr-ca\/wp-json\/wp\/v2\/media?parent=18735"}],"wp:term":[{"taxonomy":"product_brand","embeddable":true,"href":"https:\/\/420now.co\/fr-ca\/wp-json\/wp\/v2\/product_brand?post=18735"},{"taxonomy":"product_cat","embeddable":true,"href":"https:\/\/420now.co\/fr-ca\/wp-json\/wp\/v2\/product_cat?post=18735"},{"taxonomy":"product_tag","embeddable":true,"href":"https:\/\/420now.co\/fr-ca\/wp-json\/wp\/v2\/product_tag?post=18735"}],"curies":[{"name":"wp","href":"https:\/\/api.w.org\/{rel}","templated":true}]}}