{"id":18738,"date":"2022-08-01T18:45:19","date_gmt":"2022-08-01T22:45:19","guid":{"rendered":"https:\/\/420now.co\/product\/hachisch-habibi-marocain\/"},"modified":"2026-03-10T10:24:39","modified_gmt":"2026-03-10T14:24:39","slug":"hachisch-habibi-marocain","status":"publish","type":"product","link":"https:\/\/420now.co\/fr-ca\/product\/hachisch-habibi-marocain\/","title":{"rendered":"Moroccan Habibi Hash"},"content":{"rendered":"<p>\u00ab Mon amour. Mon ch\u00e9ri. Mon ch\u00e9ri. Bien-aim\u00e9.<\/p>\n<p>Vous pourriez vous retrouver \u00e0 utiliser l\u2019une de ces expressions lorsque vous essayez Moroccan Habibi Hash &#8211; le mot \u00ab habibi \u00bb est un mot arabe qui peut signifier n\u2019importe lequel des \u00e9l\u00e9ments ci-dessus. En effet, ceux qui essaient Habibi adorent ce haschisch marocain collant et souple du vieux monde. <\/p>\n<p>La r\u00e9sine de THC suinte pratiquement de Habibi, ce qui renforcera l\u2019id\u00e9e qu\u2019elle est votre v\u00e9ritable bien-aim\u00e9e.<\/p>\n<p>Un high relaxant mais clair qui vous permettra de trouver des solutions aux probl\u00e8mes du monde tout en ayant besoin de calmer votre propre app\u00e9tit.<\/p>\n<p>Peut aider \u00e0 soulager la douleur chronique, l\u2019anxi\u00e9t\u00e9, le stress et la d\u00e9pression.<\/p>\n<p><em>Veuillez noter : Les produits \u00e0 base de cannabis ne sont pas destin\u00e9s \u00e0 diagnostiquer, traiter, gu\u00e9rir ou pr\u00e9venir une maladie ou condition m\u00e9dicale. Consultez un professionnel de la sant\u00e9 avant utilisation.  Pour les adultes \u00e2g\u00e9s de 19 ans ou plus seulement.<\/p>\n<p><strong>Tenir hors de la port\u00e9e des enfants.<\/strong><\/p>\n<p>Le cannabis peut nuire \u00e0 la concentration, \u00e0 la coordination et au jugement \u2013 ne conduisez pas de v\u00e9hicules ou de machines sous l\u2019influence de l\u2019alcool.<\/em><\/p>\n<h2>Comment utiliser le haschisch Habibi marocain<\/h2>\n<p>Tout d\u2019abord, il est important de comprendre que les niveaux de THC de ce haschisch peuvent \u00eatre assez \u00e9lev\u00e9s. Il est pr\u00e9f\u00e9rable de commencer par de petites quantit\u00e9s au d\u00e9but pour voir comment cela vous affecte, surtout si vous \u00eates d\u00e9butant. <\/p>\n<p>Coupez-le en petits morceaux et ajoutez-le au tabac et\/ou aux joints de cannabis pour am\u00e9liorer votre tabagisme.<\/p>\n<p>Se marie \u00e9galement tr\u00e8s bien dans <a href=\"https:\/\/420now.co\/fr-ca\/product-category\/attirail\/bongs-et-pipes\/\">les bangs et les pipes<\/a>.<\/p>\n<h2>Livraison de R\u00e9gion du Grand Toronto (RGT) &#8211; Red Lebanese Hash<\/h2>\n<p>Si vous \u00eates dans la r\u00e9gion du Grand Toronto (RGT), vous pouvez vous procurer du haschisch rouge libanais en 2 heures* \u00e0 votre porte! Commandez avant 20h et l\u2019un de nos chauffeurs livrera le jour m\u00eame, dans les 2 heures gratuitement, lorsque vous commandez un minimum de 100,00 $ de l\u2019un des produits sur notre site Web. <\/p>\n<p>*Livraison en deux heures \u00e0 Toronto (Scarborough, North York, Etobicoke, DownTown, York \u2013 toutes les r\u00e9gions \u00e0 l\u2019int\u00e9rieur des fronti\u00e8res de la ville de Toronto), Richmond Hill, King, Aurora, Newmarket, Woodbridge, Vaughan et Markham.<\/p>\n","protected":false},"excerpt":{"rendered":"<p>Mon amour. Mon ch\u00e9ri. Mon ch\u00e9ri. Bien-aim\u00e9e.   <\/p>\n<p>Vous pourriez vous retrouver \u00e0 utiliser l\u2019une de ces expressions lorsque vous essayez Moroccan Habibi Hash &#8211; le mot \u00ab habibi \u00bb est un mot arabe qui peut signifier n\u2019importe lequel des \u00e9l\u00e9ments ci-dessus. En effet, ceux qui essaient Habibi adorent ce haschisch marocain collant et souple du vieux monde. <\/p>\n<p>La r\u00e9sine de THC suinte pratiquement de Habibi, ce qui renforcera l\u2019id\u00e9e qu\u2019elle est votre v\u00e9ritable bien-aim\u00e9e.<\/p>\n<p>Un high relaxant mais clair qui vous permettra de trouver des solutions aux probl\u00e8mes du monde tout en ayant besoin de calmer votre propre app\u00e9tit.<\/p>\n<p>Peut aider \u00e0 soulager la douleur chronique, l\u2019anxi\u00e9t\u00e9, le stress et la d\u00e9pression.<\/p>\n","protected":false},"featured_media":17253,"comment_status":"open","ping_status":"closed","template":"","meta":{"_acf_changed":false},"product_brand":[],"product_cat":[213],"product_tag":[],"class_list":{"0":"post-18738","1":"product","2":"type-product","3":"status-publish","4":"has-post-thumbnail","6":"product_cat-hash-fr-ca","7":"pa_weight-1-oz-fr-ca","8":"pa_weight-1-2-oz-fr-ca","9":"pa_weight-1-4-oz-fr-ca-2","10":"pa_weight-1-8-oz-fr-ca","11":"pa_weight-1gr-fr-ca","13":"first","14":"instock","15":"shipping-taxable","16":"purchasable","17":"product-type-variable"},"acf":[],"_links":{"self":[{"href":"https:\/\/420now.co\/fr-ca\/wp-json\/wp\/v2\/product\/18738","targetHints":{"allow":["GET"]}}],"collection":[{"href":"https:\/\/420now.co\/fr-ca\/wp-json\/wp\/v2\/product"}],"about":[{"href":"https:\/\/420now.co\/fr-ca\/wp-json\/wp\/v2\/types\/product"}],"replies":[{"embeddable":true,"href":"https:\/\/420now.co\/fr-ca\/wp-json\/wp\/v2\/comments?post=18738"}],"wp:featuredmedia":[{"embeddable":true,"href":"https:\/\/420now.co\/fr-ca\/wp-json\/wp\/v2\/media\/17253"}],"wp:attachment":[{"href":"https:\/\/420now.co\/fr-ca\/wp-json\/wp\/v2\/media?parent=18738"}],"wp:term":[{"taxonomy":"product_brand","embeddable":true,"href":"https:\/\/420now.co\/fr-ca\/wp-json\/wp\/v2\/product_brand?post=18738"},{"taxonomy":"product_cat","embeddable":true,"href":"https:\/\/420now.co\/fr-ca\/wp-json\/wp\/v2\/product_cat?post=18738"},{"taxonomy":"product_tag","embeddable":true,"href":"https:\/\/420now.co\/fr-ca\/wp-json\/wp\/v2\/product_tag?post=18738"}],"curies":[{"name":"wp","href":"https:\/\/api.w.org\/{rel}","templated":true}]}}