{"id":18751,"date":"2022-10-07T20:27:25","date_gmt":"2022-10-08T00:27:25","guid":{"rendered":"https:\/\/420now.co\/product\/popeyes-extractions-de-colophane-vivante\/"},"modified":"2026-02-09T11:25:37","modified_gmt":"2026-02-09T16:25:37","slug":"popeyes-extractions-de-colophane-vivante","status":"publish","type":"product","link":"https:\/\/420now.co\/fr-ca\/product\/popeyes-extractions-de-colophane-vivante\/","title":{"rendered":"Popeyes Extractions Live Rosin"},"content":{"rendered":"<p>La colophane vivante est le d\u00e9licieux concentr\u00e9 sans solvant que les connaisseurs ont h\u00e2te de mettre la main. La chaleur et la pression se combinent pour produire une s\u00e8ve \u00e9paisse et r\u00e9sineuse \u00e0 partir de trichomes et de plantes de cannabis riches en terp\u00e8nes. La colophane qui en r\u00e9sulte est du cannabis pur, non contamin\u00e9 par les solvants habituellement utilis\u00e9s dans la production de concentr\u00e9s  <\/p>\n","protected":false},"excerpt":{"rendered":"<p>La colophane vivante est le d\u00e9licieux concentr\u00e9 sans solvant que les connaisseurs ont h\u00e2te de mettre la main. La chaleur et la pression se combinent pour produire une s\u00e8ve \u00e9paisse et r\u00e9sineuse \u00e0 partir de trichomes et de plantes de cannabis riches en terp\u00e8nes. La colophane qui en r\u00e9sulte est du cannabis pur, non contamin\u00e9 par les solvants habituellement utilis\u00e9s dans la production de concentr\u00e9s.<\/p>\n","protected":false},"featured_media":17270,"comment_status":"open","ping_status":"closed","template":"","meta":{"_acf_changed":false},"product_brand":[181],"product_cat":[214],"product_tag":[312],"class_list":{"0":"post-18751","1":"product","2":"type-product","3":"status-publish","4":"has-post-thumbnail","6":"product_brand-popeyes-extractions","7":"product_cat-resine-vivante","8":"product_tag-popeyes-fr-ca","10":"first","11":"instock","12":"shipping-taxable","13":"purchasable","14":"product-type-simple"},"acf":[],"_links":{"self":[{"href":"https:\/\/420now.co\/fr-ca\/wp-json\/wp\/v2\/product\/18751","targetHints":{"allow":["GET"]}}],"collection":[{"href":"https:\/\/420now.co\/fr-ca\/wp-json\/wp\/v2\/product"}],"about":[{"href":"https:\/\/420now.co\/fr-ca\/wp-json\/wp\/v2\/types\/product"}],"replies":[{"embeddable":true,"href":"https:\/\/420now.co\/fr-ca\/wp-json\/wp\/v2\/comments?post=18751"}],"wp:featuredmedia":[{"embeddable":true,"href":"https:\/\/420now.co\/fr-ca\/wp-json\/wp\/v2\/media\/17270"}],"wp:attachment":[{"href":"https:\/\/420now.co\/fr-ca\/wp-json\/wp\/v2\/media?parent=18751"}],"wp:term":[{"taxonomy":"product_brand","embeddable":true,"href":"https:\/\/420now.co\/fr-ca\/wp-json\/wp\/v2\/product_brand?post=18751"},{"taxonomy":"product_cat","embeddable":true,"href":"https:\/\/420now.co\/fr-ca\/wp-json\/wp\/v2\/product_cat?post=18751"},{"taxonomy":"product_tag","embeddable":true,"href":"https:\/\/420now.co\/fr-ca\/wp-json\/wp\/v2\/product_tag?post=18751"}],"curies":[{"name":"wp","href":"https:\/\/api.w.org\/{rel}","templated":true}]}}