{"id":18755,"date":"2022-08-24T11:45:28","date_gmt":"2022-08-24T15:45:28","guid":{"rendered":"https:\/\/420now.co\/product\/jefferys-pre-roule-blunt-15-gram-sativa\/"},"modified":"2026-03-11T22:04:07","modified_gmt":"2026-03-12T02:04:07","slug":"jefferys-pre-roule-blunt-15-gram-sativa","status":"publish","type":"product","link":"https:\/\/420now.co\/fr-ca\/product\/jefferys-pre-roule-blunt-15-gram-sativa\/","title":{"rendered":"Jeffery\u2019s pr\u00e9-roul\u00e9 Blunt 1,5 Gram Sativa"},"content":{"rendered":"<p>Le blunt sans tabac de haute qualit\u00e9 contient de la fleur Pink Kush de qualit\u00e9 sup\u00e9rieure, infus\u00e9e de sauce terp Pink Kush et roul\u00e9e dans une g\u00e9n\u00e9reuse couche de kief. Jeffery\u2019s est une marque de m\u00e9dicaments Pineapple Express &#8211; vous savez donc que vous obtenez un blunt de grande qualit\u00e9! <\/p>\n","protected":false},"excerpt":{"rendered":"<p>Le blunt sans tabac de haute qualit\u00e9 contient de la fleur Pink Kush de qualit\u00e9 sup\u00e9rieure, infus\u00e9e de sauce terp Pink Kush et roul\u00e9e dans une g\u00e9n\u00e9reuse couche de kief. Jeffery\u2019s est une marque de m\u00e9dicaments Pineapple Express &#8211; vous savez donc que vous obtenez un blunt de grande qualit\u00e9! <\/p>\n<p>Sativa.<\/p>\n","protected":false},"featured_media":17431,"comment_status":"open","ping_status":"closed","template":"","meta":{"_acf_changed":false},"product_brand":[],"product_cat":[253],"product_tag":[],"class_list":{"0":"post-18755","1":"product","2":"type-product","3":"status-publish","4":"has-post-thumbnail","6":"product_cat-joints-preroules","8":"first","9":"instock","10":"shipping-taxable","11":"purchasable","12":"product-type-simple"},"acf":[],"_links":{"self":[{"href":"https:\/\/420now.co\/fr-ca\/wp-json\/wp\/v2\/product\/18755","targetHints":{"allow":["GET"]}}],"collection":[{"href":"https:\/\/420now.co\/fr-ca\/wp-json\/wp\/v2\/product"}],"about":[{"href":"https:\/\/420now.co\/fr-ca\/wp-json\/wp\/v2\/types\/product"}],"replies":[{"embeddable":true,"href":"https:\/\/420now.co\/fr-ca\/wp-json\/wp\/v2\/comments?post=18755"}],"wp:featuredmedia":[{"embeddable":true,"href":"https:\/\/420now.co\/fr-ca\/wp-json\/wp\/v2\/media\/17431"}],"wp:attachment":[{"href":"https:\/\/420now.co\/fr-ca\/wp-json\/wp\/v2\/media?parent=18755"}],"wp:term":[{"taxonomy":"product_brand","embeddable":true,"href":"https:\/\/420now.co\/fr-ca\/wp-json\/wp\/v2\/product_brand?post=18755"},{"taxonomy":"product_cat","embeddable":true,"href":"https:\/\/420now.co\/fr-ca\/wp-json\/wp\/v2\/product_cat?post=18755"},{"taxonomy":"product_tag","embeddable":true,"href":"https:\/\/420now.co\/fr-ca\/wp-json\/wp\/v2\/product_tag?post=18755"}],"curies":[{"name":"wp","href":"https:\/\/api.w.org\/{rel}","templated":true}]}}