{"id":18783,"date":"2022-10-25T02:55:04","date_gmt":"2022-10-25T06:55:04","guid":{"rendered":"https:\/\/420now.co\/product\/pinnacle-extractions-cartouche-05-ml-dogwalker-og\/"},"modified":"2026-02-08T08:29:22","modified_gmt":"2026-02-08T13:29:22","slug":"pinnacle-extractions-cartouche-05-ml-dogwalker-og","status":"publish","type":"product","link":"https:\/\/420now.co\/fr-ca\/product\/pinnacle-extractions-cartouche-05-ml-dogwalker-og\/","title":{"rendered":"Pinnacle Extractions Cartouche 0,5 ml Dogwalker OG"},"content":{"rendered":"<p>Pinnacle Extractions est une autre excellente entreprise qui vous offre des choix \u00e0 essayer dans vos exp\u00e9riences de vapotage. Et, vous pouvez sentir la diff\u00e9rence avec ces cartouches par rapport \u00e0 d\u2019autres avec un beau tirage doux, dans une formule de 95% de distillat de THC pur et 5% de terp\u00e8nes.   <\/p>\n<p>Un demi-ml, et dans une cartouche de haute qualit\u00e9 qui conviendrait \u00e0 tous les 510 filetages. Vous appr\u00e9cierez la cartouche Pinnacle avec Dogwalker OG \u2013 une vari\u00e9t\u00e9 qui favorise la concentration avec des effets c\u00e9r\u00e9braux apaisants. Les utilisateurs m\u00e9dicaux appr\u00e9cient les cartouches Pinnacle Extractions avec Dogwalker OG pour les bienfaits li\u00e9s \u00e0 la douleur (ce n\u2019est pas un conseil m\u00e9dical; parlez-en d\u2019abord \u00e0 votre m\u00e9decin). On sait aussi que \u00e7a aide \u00e0 perdre l\u2019app\u00e9tit.   <\/p>\n<p>Un excellent prix pour faire le plein et essayer toutes les vari\u00e9t\u00e9s dans lesquelles les cartouches Pinnacle Extractions sont disponibles!<\/p>\n<h2>Extractions Dogwalker OG et Pinnacle<\/h2>\n<p>Dogwalker est consid\u00e9r\u00e9 comme un hybride \u00e9quilibr\u00e9 qui m\u00e8ne du c\u00f4t\u00e9 Indica , et est consid\u00e9r\u00e9 comme assez puissant. Son principal terp\u00e8ne comprend l\u2019humul\u00e8ne qui domine \u00e0 plus de 50% en quantit\u00e9 de terp\u00e8nes, suivi du pin\u00e8ne, du caryophyll\u00e8ne et du myrc\u00e8ne. <\/p>\n<p>L\u2019humul\u00e8ne se trouve en grande quantit\u00e9 dans le houblon, diff\u00e9rentes vari\u00e9t\u00e9s de sauge, et est \u00e9mis par les pins et les orangers. On pense que ce terp\u00e8ne a des propri\u00e9t\u00e9s anti-inflammatoires, et c\u2019est peut-\u00eatre pourquoi les utilisateurs m\u00e9dicaux sont souvent attir\u00e9s par Dogwalker OG et son distillat\/terp\u00e8nes de THC dans les cartouches Pinnacle Extractions. <\/p>\n<h2>Livraison de cartouches Pinnacle Extractions dans la r\u00e9gion du Grand Toronto<\/h2>\n<p>Si vous \u00eates dans la r\u00e9gion du Grand Toronto (RGT), vous pouvez vous procurer les cartouches de vapotage au THC de Pinnacle Extractions en 2 heures* \u00e0 votre porte! Commandez avant 20 h et l\u2019un de nos chauffeurs vous livrera le jour m\u00eame, 2 heures gratuitement, lorsque vous commandez un minimum de 100,00 $ de l\u2019un des produits sur notre site Web.<\/p>\n<p>*Livraison en deux heures \u00e0 Toronto (Scarborough, North York, Etobicoke, DownTown, York \u2013 toutes les r\u00e9gions \u00e0 l\u2019int\u00e9rieur des fronti\u00e8res de la ville de Toronto), Richmond Hill, King, Aurora, Newmarket, Woodbridge, Vaughan et Markham.<\/p>\n<p>Pour les r\u00e9gions p\u00e9riph\u00e9riques telles que Brampton, Caledon, Mississauga, Pickering, Ajax, Whitby, Oshawa, Clarington, Scugog, Uxbridge, East Gwillimbury, Georgina et Brock, veuillez nous appeler avant de commander pour d\u00e9terminer la disponibilit\u00e9 des chauffeurs.<\/p>\n<p>Nous exp\u00e9dions \u00e9galement partout au Canada et dans des r\u00e9gions \u00e9loign\u00e9es en dehors de notre zone de livraison gratuite habituelle.<\/p>\n","protected":false},"excerpt":{"rendered":"<p>Pinnacle Extractions est une autre excellente entreprise qui vous offre des choix \u00e0 essayer dans vos exp\u00e9riences de vapotage. Et, vous pouvez sentir la diff\u00e9rence avec ces cartouches par rapport \u00e0 d\u2019autres avec un beau tirage doux, dans une formule de 95% de distillat de THC pur et 5% de terp\u00e8nes.   <\/p>\n<p>Un demi-ml, et dans une cartouche de haute qualit\u00e9 qui s\u2019adapte aux 510 filetages. Vous appr\u00e9cierez la cartouche Pinnacle avec Dogwalker OG &#8211; une vari\u00e9t\u00e9 qui favorise la concentration avec des effets c\u00e9r\u00e9braux apaisants. Les utilisateurs m\u00e9dicaux appr\u00e9cient les cartouches Pinnacle Extractions avec Dogwalker OG pour les avantages de la douleur. Il est \u00e9galement connu pour aider \u00e0 la perte d\u2019app\u00e9tit.   <\/p>\n<p>Un excellent prix pour faire le plein et essayer toutes les vari\u00e9t\u00e9s dans lesquelles les cartouches Pinnacle Extractions sont disponibles!<\/p>\n","protected":false},"featured_media":17287,"comment_status":"closed","ping_status":"closed","template":"","meta":{"_acf_changed":false},"product_brand":[366],"product_cat":[204],"product_tag":[],"class_list":{"0":"post-18783","1":"product","2":"type-product","3":"status-publish","4":"has-post-thumbnail","6":"product_brand-pinnacle-extractions","7":"product_cat-cartouches","9":"first","10":"instock","11":"shipping-taxable","12":"purchasable","13":"product-type-simple"},"acf":[],"_links":{"self":[{"href":"https:\/\/420now.co\/fr-ca\/wp-json\/wp\/v2\/product\/18783","targetHints":{"allow":["GET"]}}],"collection":[{"href":"https:\/\/420now.co\/fr-ca\/wp-json\/wp\/v2\/product"}],"about":[{"href":"https:\/\/420now.co\/fr-ca\/wp-json\/wp\/v2\/types\/product"}],"replies":[{"embeddable":true,"href":"https:\/\/420now.co\/fr-ca\/wp-json\/wp\/v2\/comments?post=18783"}],"wp:featuredmedia":[{"embeddable":true,"href":"https:\/\/420now.co\/fr-ca\/wp-json\/wp\/v2\/media\/17287"}],"wp:attachment":[{"href":"https:\/\/420now.co\/fr-ca\/wp-json\/wp\/v2\/media?parent=18783"}],"wp:term":[{"taxonomy":"product_brand","embeddable":true,"href":"https:\/\/420now.co\/fr-ca\/wp-json\/wp\/v2\/product_brand?post=18783"},{"taxonomy":"product_cat","embeddable":true,"href":"https:\/\/420now.co\/fr-ca\/wp-json\/wp\/v2\/product_cat?post=18783"},{"taxonomy":"product_tag","embeddable":true,"href":"https:\/\/420now.co\/fr-ca\/wp-json\/wp\/v2\/product_tag?post=18783"}],"curies":[{"name":"wp","href":"https:\/\/api.w.org\/{rel}","templated":true}]}}