{"id":18788,"date":"2022-04-26T06:43:50","date_gmt":"2022-04-26T10:43:50","guid":{"rendered":"https:\/\/420now.co\/product\/pixieplums-durian-gummies-1000mg\/"},"modified":"2025-04-11T09:47:46","modified_gmt":"2025-04-11T13:47:46","slug":"pixieplums-durian-gummies-1000mg","status":"publish","type":"product","link":"https:\/\/420now.co\/fr-ca\/product\/pixieplums-durian-gummies-1000mg\/","title":{"rendered":"PixiePlums Durian Gummies &#8211; 1000mg"},"content":{"rendered":"<p>1000 mg de THC dans le sac! Chaque paquet contient 10 gommes au go\u00fbt sucr\u00e9, sal\u00e9 et cr\u00e9meux du fruit Dorian. Oui, il n\u2019a pas l\u2019ar\u00f4me le plus agr\u00e9able au monde (souvent d\u00e9crit comme \u00ab funky \u00bb), mais le go\u00fbt est excellent!    <\/p>\n<p>Chaque gomme de cet emballage contient 100 mg de THC &#8211; et toutes sont fabriqu\u00e9es dans une cuisine commerciale \u00e0 Toronto, en Ontario. Ceux-ci sont consid\u00e9r\u00e9s comme puissants avec une teneur \u00e9lev\u00e9e en THC &#8211; il est pr\u00e9f\u00e9rable de ne pas d\u00e9passer une gomme \u00e0 la fois et de voir comment cela vous affecte. <\/p>\n<h2>Informations sur les gommes PixiePlums<\/h2>\n<p>Si vous comptez stocker vos gommes (pourquoi le feriez-vous?), veuillez les conserver dans un endroit frais o\u00f9 elles conserveront leur puissance pendant des ann\u00e9es.  <\/p>\n<h2>Ingr\u00e9dients<\/h2>\n<ul>\n<li>Distillat de THC\n<li>Sucre blanc granul\u00e9\n<li>Sirop de ma\u00efs\n<li>G\u00e9latine\n<li>Armature naturelle\n<li>Acide citrique\n<\/ul>\n<h2>Livraison gratuite dans la r\u00e9gion du Grand Toronto<\/h2>\n<p>Si vous \u00eates dans la r\u00e9gion du Grand Toronto (RGT), vous pouvez vous procurer les gommes PixiePlums en 2 heures* \u00e0 votre porte! Commandez avant 20 h et l\u2019un de nos chauffeurs vous livrera le jour m\u00eame, 2 heures gratuitement, lorsque vous commandez un minimum de 100,00 $ de l\u2019un des produits sur notre site Web.<\/p>\n<p>*Livraison en deux heures \u00e0 Toronto (Scarborough, North York, Etobicoke, DownTown, York \u2013 toutes les r\u00e9gions \u00e0 l\u2019int\u00e9rieur des fronti\u00e8res de la ville de Toronto), Richmond Hill, King, Aurora, Newmarket, Woodbridge, Vaughan et Markham.<\/p>\n","protected":false},"excerpt":{"rendered":"<p>1000 mg de THC dans le sac! Chaque paquet contient 10 gommes au go\u00fbt sucr\u00e9, sal\u00e9 et cr\u00e9meux du fruit Dorian. Oui, il n\u2019a pas l\u2019ar\u00f4me le plus agr\u00e9able au monde (souvent d\u00e9crit comme \u00ab funky \u00bb), mais le go\u00fbt est excellent!    <\/p>\n<p>Chaque gomme de cet emballage contient 100 mg de THC &#8211; et toutes sont fabriqu\u00e9es dans une cuisine commerciale \u00e0 Toronto, en Ontario. Ceux-ci sont consid\u00e9r\u00e9s comme puissants avec une teneur \u00e9lev\u00e9e en THC &#8211; il est pr\u00e9f\u00e9rable de ne pas d\u00e9passer une gomme \u00e0 la fois et de voir comment cela vous affecte. <\/p>\n","protected":false},"featured_media":17150,"comment_status":"open","ping_status":"closed","template":"","meta":{"_acf_changed":false},"product_brand":[],"product_cat":[225,219,231],"product_tag":[],"class_list":{"0":"post-18788","1":"product","2":"type-product","3":"status-publish","4":"has-post-thumbnail","6":"product_cat-bonbons","7":"product_cat-comestibles","8":"product_cat-gummies-fr-ca","10":"first","11":"instock","12":"shipping-taxable","13":"purchasable","14":"product-type-simple"},"acf":[],"_links":{"self":[{"href":"https:\/\/420now.co\/fr-ca\/wp-json\/wp\/v2\/product\/18788","targetHints":{"allow":["GET"]}}],"collection":[{"href":"https:\/\/420now.co\/fr-ca\/wp-json\/wp\/v2\/product"}],"about":[{"href":"https:\/\/420now.co\/fr-ca\/wp-json\/wp\/v2\/types\/product"}],"replies":[{"embeddable":true,"href":"https:\/\/420now.co\/fr-ca\/wp-json\/wp\/v2\/comments?post=18788"}],"wp:featuredmedia":[{"embeddable":true,"href":"https:\/\/420now.co\/fr-ca\/wp-json\/wp\/v2\/media\/17150"}],"wp:attachment":[{"href":"https:\/\/420now.co\/fr-ca\/wp-json\/wp\/v2\/media?parent=18788"}],"wp:term":[{"taxonomy":"product_brand","embeddable":true,"href":"https:\/\/420now.co\/fr-ca\/wp-json\/wp\/v2\/product_brand?post=18788"},{"taxonomy":"product_cat","embeddable":true,"href":"https:\/\/420now.co\/fr-ca\/wp-json\/wp\/v2\/product_cat?post=18788"},{"taxonomy":"product_tag","embeddable":true,"href":"https:\/\/420now.co\/fr-ca\/wp-json\/wp\/v2\/product_tag?post=18788"}],"curies":[{"name":"wp","href":"https:\/\/api.w.org\/{rel}","templated":true}]}}