{"id":18796,"date":"2022-04-27T12:34:34","date_gmt":"2022-04-27T16:34:34","guid":{"rendered":"https:\/\/420now.co\/product\/pixieplums-watermelon-gummies-500mg\/"},"modified":"2025-04-11T09:47:51","modified_gmt":"2025-04-11T13:47:51","slug":"pixieplums-watermelon-gummies-500mg","status":"publish","type":"product","link":"https:\/\/420now.co\/fr-ca\/product\/pixieplums-watermelon-gummies-500mg\/","title":{"rendered":"PixiePlums Watermelon Gummies &#8211; 500mg"},"content":{"rendered":"<p>500 mg de THC dans le sac! Chaque paquet contient 10 gommes \u00e0 la saveur rafra\u00eechissante du melon d\u2019eau &#8211; si savoureuses que vous pensez peut-\u00eatre siroter un mojito au melon d\u2019eau!<br \/>\nChaque gomme de cet emballage contient 50 mg de THC &#8211; et toutes sont fabriqu\u00e9es dans une cuisine commerciale \u00e0 Toronto, en Ontario. Ceux-ci sont consid\u00e9r\u00e9s par certains comme puissants avec une teneur \u00e9lev\u00e9e en THC &#8211; il est pr\u00e9f\u00e9rable de ne pas d\u00e9passer un ou deux gommes \u00e0 la fois et de voir comment ils vous affectent avant d\u2019augmenter la dose. <\/p>\n<h2>Informations sur les gommes PixiePlums<\/h2>\n<p>Si vous comptez stocker vos gommes (pourquoi le feriez-vous?), veuillez les conserver dans un endroit frais o\u00f9 elles conserveront leur puissance pendant des ann\u00e9es.  <\/p>\n<h2>Livraison gratuite dans la r\u00e9gion du Grand Toronto<\/h2>\n<p>Si vous \u00eates dans la r\u00e9gion du Grand Toronto (RGT), vous pouvez vous procurer les gommes PixiePlums en 2 heures* \u00e0 votre porte! Commandez avant 20 h et l\u2019un de nos chauffeurs vous livrera le jour m\u00eame, 2 heures gratuitement, lorsque vous commandez un minimum de 100,00 $ de l\u2019un des produits sur notre site Web.<\/p>\n<p>*Livraison en deux heures \u00e0 Toronto (Scarborough, North York, Etobicoke, DownTown, York \u2013 toutes les r\u00e9gions \u00e0 l\u2019int\u00e9rieur des fronti\u00e8res de la ville de Toronto), Richmond Hill, King, Aurora, Newmarket, Woodbridge, Vaughan et Markham.<\/p>\n","protected":false},"excerpt":{"rendered":"<p>500 mg de THC dans le sac! Chaque paquet contient 10 gommes \u00e0 la saveur rafra\u00eechissante du melon d\u2019eau &#8211; si savoureuses que vous pensez peut-\u00eatre siroter un mojito au melon d\u2019eau!<br \/>\nChaque gomme de cet emballage contient 50 mg de THC &#8211; et toutes sont fabriqu\u00e9es dans une cuisine commerciale \u00e0 Toronto, en Ontario. Ceux-ci sont consid\u00e9r\u00e9s par certains comme puissants avec une teneur \u00e9lev\u00e9e en THC &#8211; il est pr\u00e9f\u00e9rable de ne pas d\u00e9passer un ou deux gommes \u00e0 la fois et de voir comment ils vous affectent avant d\u2019augmenter la dose. <\/p>\n","protected":false},"featured_media":17152,"comment_status":"open","ping_status":"closed","template":"","meta":{"_acf_changed":false},"product_brand":[],"product_cat":[225,219,231],"product_tag":[],"class_list":{"0":"post-18796","1":"product","2":"type-product","3":"status-publish","4":"has-post-thumbnail","6":"product_cat-bonbons","7":"product_cat-comestibles","8":"product_cat-gummies-fr-ca","10":"first","11":"instock","12":"shipping-taxable","13":"purchasable","14":"product-type-simple"},"acf":[],"_links":{"self":[{"href":"https:\/\/420now.co\/fr-ca\/wp-json\/wp\/v2\/product\/18796","targetHints":{"allow":["GET"]}}],"collection":[{"href":"https:\/\/420now.co\/fr-ca\/wp-json\/wp\/v2\/product"}],"about":[{"href":"https:\/\/420now.co\/fr-ca\/wp-json\/wp\/v2\/types\/product"}],"replies":[{"embeddable":true,"href":"https:\/\/420now.co\/fr-ca\/wp-json\/wp\/v2\/comments?post=18796"}],"wp:featuredmedia":[{"embeddable":true,"href":"https:\/\/420now.co\/fr-ca\/wp-json\/wp\/v2\/media\/17152"}],"wp:attachment":[{"href":"https:\/\/420now.co\/fr-ca\/wp-json\/wp\/v2\/media?parent=18796"}],"wp:term":[{"taxonomy":"product_brand","embeddable":true,"href":"https:\/\/420now.co\/fr-ca\/wp-json\/wp\/v2\/product_brand?post=18796"},{"taxonomy":"product_cat","embeddable":true,"href":"https:\/\/420now.co\/fr-ca\/wp-json\/wp\/v2\/product_cat?post=18796"},{"taxonomy":"product_tag","embeddable":true,"href":"https:\/\/420now.co\/fr-ca\/wp-json\/wp\/v2\/product_tag?post=18796"}],"curies":[{"name":"wp","href":"https:\/\/api.w.org\/{rel}","templated":true}]}}