{"id":18798,"date":"2021-04-06T13:45:33","date_gmt":"2021-04-06T17:45:33","guid":{"rendered":"https:\/\/420now.co\/product\/hachisch-de-los-muertos\/"},"modified":"2026-02-09T12:46:12","modified_gmt":"2026-02-09T17:46:12","slug":"hachisch-de-los-muertos","status":"publish","type":"product","link":"https:\/\/420now.co\/fr-ca\/product\/hachisch-de-los-muertos\/","title":{"rendered":"Los Muertos Hash"},"content":{"rendered":"<p>Le haschisch est un concentr\u00e9 de cannabis fabriqu\u00e9 \u00e0 partir de glandes de r\u00e9sine fra\u00eeches (trichomes) qui ont \u00e9t\u00e9 s\u00e9par\u00e9es de la mati\u00e8re v\u00e9g\u00e9tale d\u2019une fleur de marijuana.<\/p>\n<h2>Los Muertos Hash &#8211; Livraison gratuite dans la r\u00e9gion du Grand Toronto (RGT)<\/h2>\n<p>Si vous \u00eates dans la r\u00e9gion du Grand Toronto (RGT), vous pouvez vous procurer du haschisch Los Muertos en 2 heures* \u00e0 votre porte! Commandez avant 20h et l\u2019un de nos chauffeurs livrera le jour m\u00eame, dans les 2 heures gratuitement, lorsque vous commandez un minimum de 100,00 $ de l\u2019un des produits sur notre site Web. <\/p>\n<p>*Livraison en deux heures \u00e0 Toronto (Scarborough, North York, Etobicoke, DownTown, York \u2013 toutes les r\u00e9gions \u00e0 l\u2019int\u00e9rieur des fronti\u00e8res de la ville de Toronto), Richmond Hill, King, Aurora, Newmarket, Woodbridge, Vaughan et Markham.<\/p>\n<p>Pour les r\u00e9gions p\u00e9riph\u00e9riques telles que Brampton, Caledon, Mississauga, Pickering, Ajax, Whitby, Oshawa, Clarington, Scugog, Uxbridge, East Gwillimbury, Georgina et Brock, nous visons deux heures, mais veuillez vous attendre \u00e0 la possibilit\u00e9 de 3 heures pour la livraison. Si votre adresse se trouve dans ces r\u00e9gions p\u00e9riph\u00e9riques, vous pouvez nous contacter pour conna\u00eetre les d\u00e9lais de livraison pr\u00e9vus ce jour-l\u00e0. <\/p>\n","protected":false},"excerpt":{"rendered":"<p>Le haschisch est un concentr\u00e9 de cannabis fabriqu\u00e9 \u00e0 partir de glandes de r\u00e9sine fra\u00eeches (trichomes) qui ont \u00e9t\u00e9 s\u00e9par\u00e9es de la mati\u00e8re v\u00e9g\u00e9tale d\u2019une fleur de marijuana. Los Muertos Hash &#8211; Livraison gratuite dans la r\u00e9gion du Grand Toronto (RGT) Si vous \u00eates dans la r\u00e9gion du Grand Toronto (RGT), vous pouvez vous procurer [&hellip;]<\/p>\n","protected":false},"featured_media":17452,"comment_status":"open","ping_status":"closed","template":"","meta":{"_acf_changed":false},"product_brand":[],"product_cat":[213],"product_tag":[],"class_list":{"0":"post-18798","1":"product","2":"type-product","3":"status-publish","4":"has-post-thumbnail","6":"product_cat-hash-fr-ca","7":"pa_weight-1-oz-fr-ca","8":"pa_weight-1-2-oz-fr-ca","9":"pa_weight-1-4-oz-fr-ca-2","10":"pa_weight-1-8-oz-fr-ca","11":"pa_weight-1gr-fr-ca","13":"first","14":"instock","15":"shipping-taxable","16":"purchasable","17":"product-type-variable"},"acf":[],"_links":{"self":[{"href":"https:\/\/420now.co\/fr-ca\/wp-json\/wp\/v2\/product\/18798","targetHints":{"allow":["GET"]}}],"collection":[{"href":"https:\/\/420now.co\/fr-ca\/wp-json\/wp\/v2\/product"}],"about":[{"href":"https:\/\/420now.co\/fr-ca\/wp-json\/wp\/v2\/types\/product"}],"replies":[{"embeddable":true,"href":"https:\/\/420now.co\/fr-ca\/wp-json\/wp\/v2\/comments?post=18798"}],"wp:featuredmedia":[{"embeddable":true,"href":"https:\/\/420now.co\/fr-ca\/wp-json\/wp\/v2\/media\/17452"}],"wp:attachment":[{"href":"https:\/\/420now.co\/fr-ca\/wp-json\/wp\/v2\/media?parent=18798"}],"wp:term":[{"taxonomy":"product_brand","embeddable":true,"href":"https:\/\/420now.co\/fr-ca\/wp-json\/wp\/v2\/product_brand?post=18798"},{"taxonomy":"product_cat","embeddable":true,"href":"https:\/\/420now.co\/fr-ca\/wp-json\/wp\/v2\/product_cat?post=18798"},{"taxonomy":"product_tag","embeddable":true,"href":"https:\/\/420now.co\/fr-ca\/wp-json\/wp\/v2\/product_tag?post=18798"}],"curies":[{"name":"wp","href":"https:\/\/api.w.org\/{rel}","templated":true}]}}