{"id":18799,"date":"2021-04-05T14:26:56","date_gmt":"2021-04-05T18:26:56","guid":{"rendered":"https:\/\/420now.co\/product\/hachisch-bouledogue-damsterdam\/"},"modified":"2026-02-09T11:48:44","modified_gmt":"2026-02-09T16:48:44","slug":"hachisch-bouledogue-damsterdam","status":"publish","type":"product","link":"https:\/\/420now.co\/fr-ca\/product\/hachisch-bouledogue-damsterdam\/","title":{"rendered":"Amsterdam Bull Dog Hash"},"content":{"rendered":"<p>Ce haschisch d\u2019origine n\u00e9erlandaise est un haschisch press\u00e9 \u00e0 combustion propre, lisse, fleuri et \u00e9pic\u00e9, qui va directement \u00e0 votre t\u00eate et le descend dans votre corps. Il est doux et mall\u00e9able, et facile \u00e0 travailler. <\/p>\n<p>Un haschich puissant qui vous donnera tr\u00e8s probablement envie de vous allonger sur le divan avec un sentiment de plaisir sublime qui prend compl\u00e8tement le contr\u00f4le de votre esprit et de votre corps.<\/p>\n<p>Un go\u00fbt terreux avec de la douceur.<\/p>\n<p>Ce haschisch de couleur blonde procure un high c\u00e9r\u00e9bral au d\u00e9but, puis procure une relaxation corporelle.<\/p>\n<h2>Livraison gratuite Bulldog Hash R\u00e9gion du Grand Toronto (RGT)<\/h2>\n<p>Si vous \u00eates dans la r\u00e9gion du Grand Toronto (RGT), vous pouvez obtenir du Bulldog Hash en 2 heures* \u00e0 votre porte! Commandez avant 20h et l\u2019un de nos chauffeurs livrera le jour m\u00eame, dans les 2 heures gratuitement, lorsque vous commandez un minimum de 100,00 $ de l\u2019un des produits sur notre site Web. <\/p>\n<p>*Livraison en deux heures \u00e0 Toronto (Scarborough, North York, Etobicoke, DownTown, York \u2013 toutes les r\u00e9gions \u00e0 l\u2019int\u00e9rieur des fronti\u00e8res de la ville de Toronto), Richmond Hill, King, Aurora, Newmarket, Woodbridge, Vaughan et Markham.<\/p>\n<p>Pour les r\u00e9gions p\u00e9riph\u00e9riques telles que Brampton, Caledon, Mississauga, Pickering, Ajax, Whitby, Oshawa, Clarington, Scugog, Uxbridge, East Gwillimbury, Georgina et Brock, nous visons deux heures, mais veuillez vous attendre \u00e0 la possibilit\u00e9 de 3 heures pour la livraison. Si votre adresse se trouve dans ces r\u00e9gions p\u00e9riph\u00e9riques, vous pouvez nous contacter pour conna\u00eetre les d\u00e9lais de livraison pr\u00e9vus ce jour-l\u00e0. <\/p>\n","protected":false},"excerpt":{"rendered":"<p>Ce haschisch d\u2019origine n\u00e9erlandaise est un haschisch press\u00e9 \u00e0 combustion propre, lisse, fleuri et \u00e9pic\u00e9, qui va directement \u00e0 votre t\u00eate et le descend dans votre corps. Il est doux et mall\u00e9able, et facile \u00e0 travailler. <\/p>\n<p>Un haschich puissant qui vous donnera tr\u00e8s probablement envie de vous allonger sur le divan avec un sentiment de plaisir sublime qui prend compl\u00e8tement le contr\u00f4le de votre esprit et de votre corps.  <\/p>\n<p>Un go\u00fbt terreux avec de la douceur.<\/p>\n","protected":false},"featured_media":17450,"comment_status":"open","ping_status":"closed","template":"","meta":{"_acf_changed":false},"product_brand":[],"product_cat":[213],"product_tag":[],"class_list":{"0":"post-18799","1":"product","2":"type-product","3":"status-publish","4":"has-post-thumbnail","6":"product_cat-hash-fr-ca","7":"pa_weight-1-oz-fr-ca","8":"pa_weight-1-2-oz-fr-ca","9":"pa_weight-1-4-oz-fr-ca-2","10":"pa_weight-1-8-oz-fr-ca","11":"pa_weight-1gr-fr-ca","13":"first","14":"instock","15":"shipping-taxable","16":"purchasable","17":"product-type-variable"},"acf":[],"_links":{"self":[{"href":"https:\/\/420now.co\/fr-ca\/wp-json\/wp\/v2\/product\/18799","targetHints":{"allow":["GET"]}}],"collection":[{"href":"https:\/\/420now.co\/fr-ca\/wp-json\/wp\/v2\/product"}],"about":[{"href":"https:\/\/420now.co\/fr-ca\/wp-json\/wp\/v2\/types\/product"}],"replies":[{"embeddable":true,"href":"https:\/\/420now.co\/fr-ca\/wp-json\/wp\/v2\/comments?post=18799"}],"wp:featuredmedia":[{"embeddable":true,"href":"https:\/\/420now.co\/fr-ca\/wp-json\/wp\/v2\/media\/17450"}],"wp:attachment":[{"href":"https:\/\/420now.co\/fr-ca\/wp-json\/wp\/v2\/media?parent=18799"}],"wp:term":[{"taxonomy":"product_brand","embeddable":true,"href":"https:\/\/420now.co\/fr-ca\/wp-json\/wp\/v2\/product_brand?post=18799"},{"taxonomy":"product_cat","embeddable":true,"href":"https:\/\/420now.co\/fr-ca\/wp-json\/wp\/v2\/product_cat?post=18799"},{"taxonomy":"product_tag","embeddable":true,"href":"https:\/\/420now.co\/fr-ca\/wp-json\/wp\/v2\/product_tag?post=18799"}],"curies":[{"name":"wp","href":"https:\/\/api.w.org\/{rel}","templated":true}]}}