{"id":18803,"date":"2021-04-05T14:14:08","date_gmt":"2021-04-05T18:14:08","guid":{"rendered":"https:\/\/420now.co\/product\/haschisch-apollo-afghan\/"},"modified":"2025-12-21T23:44:30","modified_gmt":"2025-12-22T04:44:30","slug":"haschisch-apollo-afghan","status":"publish","type":"product","link":"https:\/\/420now.co\/fr-ca\/product\/haschisch-apollo-afghan\/","title":{"rendered":"Afghani Apollo Hash"},"content":{"rendered":"<p>\u00ab Attachez vos bottes et pr\u00e9parez-vous \u00e0 d\u00e9coller \u00bb, c\u2019est ainsi que certains d\u00e9crivent le haschisch Apollo afghan. Avec un grand effet de somnolence, mais avant que cela ne se produise, vous obtenez une grande perte de cr\u00e9ativit\u00e9 et de concentration, qui est ensuite suivie d\u2019un sommeil tr\u00e8s r\u00e9confortant. Bien qu\u2019il s\u2019agisse techniquement d\u2019un hybride, il fournira un high corporel indica tr\u00e8s lourd.  <\/p>\n<p>Le haschisch Afghani Apollo est id\u00e9al pour les insomniaques et les autres personnes qui veulent une bonne nuit de sommeil.<\/p>\n<p>Apollo vous emm\u00e8nera sur la lune &#8211; ou m\u00eame au-del\u00e0 et vous gardera en orbite!  <\/p>\n<p>En raison de la puissance \u00e9lev\u00e9e de ce haschisch, c\u2019est un choix parfait pour les patients \u00e0 la recherche de quelque chose de plus fort pour faire face aux troubles du sommeil, \u00e0 la douleur, \u00e0 la d\u00e9pression, \u00e0 l\u2019anxi\u00e9t\u00e9, aux naus\u00e9es et aux migraines. Il a \u00e9galement un ar\u00f4me que certains d\u00e9crivent comme relaxant et une saveur \u00e9pic\u00e9e et terreuse.   <\/p>\n<p>Essayez notre haschisch Apollo afghan d\u00e8s aujourd\u2019hui.<\/p>\n<h2>Livraison de haschisch Apollo afghan dans la r\u00e9gion du Grand Toronto<\/h2>\n<p>Si vous \u00eates dans la r\u00e9gion du Grand Toronto (RGT), vous pouvez obtenir Apollo Hash en 2 heures* \u00e0 votre porte! Commandez avant 20 h et l\u2019un de nos chauffeurs vous livrera le jour m\u00eame, 2 heures gratuitement, lorsque vous commandez un minimum de 100,00 $ de l\u2019un des produits sur notre site Web.<\/p>\n<p>*Livraison en deux heures \u00e0 Toronto (Scarborough, North York, Etobicoke, DownTown, York \u2013 toutes les r\u00e9gions \u00e0 l\u2019int\u00e9rieur des fronti\u00e8res de la ville de Toronto), Richmond Hill, King, Aurora, Newmarket, Woodbridge, Vaughan et Markham.<\/p>\n<p>Pour les r\u00e9gions p\u00e9riph\u00e9riques telles que Brampton, Caledon, Mississauga, Pickering, Ajax, Whitby, Oshawa, Clarington, Scugog, Uxbridge, East Gwillimbury, Georgina et Brock, nous visons deux heures, mais veuillez vous attendre \u00e0 la possibilit\u00e9 de 3 heures pour la livraison. Si votre adresse se trouve dans ces r\u00e9gions p\u00e9riph\u00e9riques, vous pouvez nous contacter pour conna\u00eetre les d\u00e9lais de livraison pr\u00e9vus ce jour-l\u00e0. <\/p>\n","protected":false},"excerpt":{"rendered":"<p>\u00ab Attachez vos bottes et pr\u00e9parez-vous \u00e0 d\u00e9coller \u00bb, c\u2019est ainsi que certains d\u00e9crivent le haschisch Apollo afghan. Avec un grand effet de somnolence, mais avant que cela ne se produise, vous obtenez une grande perte de cr\u00e9ativit\u00e9 et de concentration, qui est ensuite suivie d\u2019un sommeil tr\u00e8s r\u00e9confortant. Bien qu\u2019il s\u2019agisse techniquement d\u2019un hybride, il fournira un high corporel indica tr\u00e8s lourd.  <\/p>\n<p>Le haschisch Afghani Apollo est id\u00e9al pour les insomniaques et les autres personnes qui veulent une bonne nuit de sommeil.<\/p>\n<p>Apollo vous emm\u00e8nera sur la lune &#8211; ou m\u00eame au-del\u00e0 et vous gardera en orbite!  <\/p>\n","protected":false},"featured_media":17446,"comment_status":"open","ping_status":"closed","template":"","meta":{"_acf_changed":false},"product_brand":[],"product_cat":[209,213],"product_tag":[],"class_list":{"0":"post-18803","1":"product","2":"type-product","3":"status-publish","4":"has-post-thumbnail","6":"product_cat-concentres","7":"product_cat-hash-fr-ca","8":"pa_weight-1-oz-fr-ca","9":"pa_weight-1-2-oz-fr-ca","10":"pa_weight-1-4-oz-fr-ca-2","11":"pa_weight-1-8-oz-fr-ca","12":"pa_weight-1gr-fr-ca","14":"first","15":"instock","16":"shipping-taxable","17":"purchasable","18":"product-type-variable"},"acf":[],"_links":{"self":[{"href":"https:\/\/420now.co\/fr-ca\/wp-json\/wp\/v2\/product\/18803","targetHints":{"allow":["GET"]}}],"collection":[{"href":"https:\/\/420now.co\/fr-ca\/wp-json\/wp\/v2\/product"}],"about":[{"href":"https:\/\/420now.co\/fr-ca\/wp-json\/wp\/v2\/types\/product"}],"replies":[{"embeddable":true,"href":"https:\/\/420now.co\/fr-ca\/wp-json\/wp\/v2\/comments?post=18803"}],"wp:featuredmedia":[{"embeddable":true,"href":"https:\/\/420now.co\/fr-ca\/wp-json\/wp\/v2\/media\/17446"}],"wp:attachment":[{"href":"https:\/\/420now.co\/fr-ca\/wp-json\/wp\/v2\/media?parent=18803"}],"wp:term":[{"taxonomy":"product_brand","embeddable":true,"href":"https:\/\/420now.co\/fr-ca\/wp-json\/wp\/v2\/product_brand?post=18803"},{"taxonomy":"product_cat","embeddable":true,"href":"https:\/\/420now.co\/fr-ca\/wp-json\/wp\/v2\/product_cat?post=18803"},{"taxonomy":"product_tag","embeddable":true,"href":"https:\/\/420now.co\/fr-ca\/wp-json\/wp\/v2\/product_tag?post=18803"}],"curies":[{"name":"wp","href":"https:\/\/api.w.org\/{rel}","templated":true}]}}