{"id":18825,"date":"2021-04-05T14:20:30","date_gmt":"2021-04-05T18:20:30","guid":{"rendered":"https:\/\/420now.co\/product\/haschisch-libanais-rouge\/"},"modified":"2026-02-09T13:00:20","modified_gmt":"2026-02-09T18:00:20","slug":"haschisch-libanais-rouge","status":"publish","type":"product","link":"https:\/\/420now.co\/fr-ca\/product\/haschisch-libanais-rouge\/","title":{"rendered":"Red Lebanese Hash"},"content":{"rendered":"<p>Un haschisch extr\u00eamement exotique, Red Lebanese est produit de mani\u00e8re unique avec des m\u00e9thodes traditionnelles du Moyen-Orient. A une texture velout\u00e9e et est facile \u00e0 travailler. Procure un high tr\u00e8s d\u00e9tendu lorsqu\u2019il est saupoudr\u00e9 dans votre joint. Un puissant high c\u00e9r\u00e9bral et corporel.   <\/p>\n<p>Le Red Lebanese est reconnu comme un haschisch sup\u00e9rieur pour aider \u00e0 soulager la douleur chronique et les douleurs dans votre corps tout en rafra\u00eechissant et en calmant l\u2019esprit. Un haschisch tr\u00e8s puissant qui contient des niveaux \u00e9lev\u00e9s de CBN &#8211; le compos\u00e9 cannabino\u00efde le plus psychoactif. <\/p>\n<p>Fumer ce haschisch est un excellent moyen de se d\u00e9foncer et de recevoir les propri\u00e9t\u00e9s m\u00e9dicales du CBN.<\/p>\n<p>Effets s\u00e9datifs et relaxants.<\/p>\n<p><em>Veuillez noter : Les produits \u00e0 base de cannabis ne sont pas destin\u00e9s \u00e0 diagnostiquer, traiter, gu\u00e9rir ou pr\u00e9venir une maladie ou condition m\u00e9dicale. Consultez un professionnel de la sant\u00e9 avant utilisation.  Pour les adultes \u00e2g\u00e9s de 19 ans ou plus seulement.<\/p>\n<p><strong>Tenir hors de la port\u00e9e des enfants.<\/strong><\/p>\n<p>Le cannabis peut nuire \u00e0 la concentration, \u00e0 la coordination et au jugement \u2013 ne conduisez pas de v\u00e9hicules ou de machines sous l\u2019influence de l\u2019alcool.<\/em><\/p>\n<h2>Livraison de R\u00e9gion du Grand Toronto (RGT) &#8211; Red Lebanese Hash<\/h2>\n<p>Si vous \u00eates dans la r\u00e9gion du Grand Toronto (RGT), vous pouvez vous procurer du haschisch rouge libanais en 2 heures* \u00e0 votre porte! Commandez avant 20h et l\u2019un de nos chauffeurs livrera le jour m\u00eame, dans les 2 heures gratuitement, lorsque vous commandez un minimum de 100,00 $ de l\u2019un des produits sur notre site Web. <\/p>\n<p>*Livraison en deux heures \u00e0 Toronto (Scarborough, North York, Etobicoke, DownTown, York \u2013 toutes les r\u00e9gions \u00e0 l\u2019int\u00e9rieur des fronti\u00e8res de la ville de Toronto), Richmond Hill, King, Aurora, Newmarket, Woodbridge, Vaughan et Markham.<\/p>\n<p>Exp\u00e9dition \u00e0 travers le Canada avec Postes Canada \u00e9galement disponible.<\/p>\n","protected":false},"excerpt":{"rendered":"<p>Un haschisch extr\u00eamement exotique, Red Lebanese est produit de mani\u00e8re unique avec des m\u00e9thodes traditionnelles du Moyen-Orient. A une texture velout\u00e9e et est facile \u00e0 travailler. Procure un high tr\u00e8s d\u00e9tendu lorsqu\u2019il est saupoudr\u00e9 dans votre joint. Un puissant high c\u00e9r\u00e9bral et corporel.   <\/p>\n<p>Un excellent choix pour ceux qui souhaitent \u00e9galement profiter des bienfaits m\u00e9dicaux du CBN &#8211; le compos\u00e9 cannabino\u00efde le plus psychoactif.<\/p>\n","protected":false},"featured_media":16866,"comment_status":"open","ping_status":"closed","template":"","meta":{"_acf_changed":false},"product_brand":[],"product_cat":[213],"product_tag":[],"class_list":{"0":"post-18825","1":"product","2":"type-product","3":"status-publish","4":"has-post-thumbnail","6":"product_cat-hash-fr-ca","7":"pa_weight-1-oz-fr-ca","8":"pa_weight-1-2-oz-fr-ca","9":"pa_weight-1-4-oz-fr-ca-2","10":"pa_weight-1-8-oz-fr-ca","11":"pa_weight-1gr-fr-ca","13":"first","14":"instock","15":"shipping-taxable","16":"purchasable","17":"product-type-variable"},"acf":[],"_links":{"self":[{"href":"https:\/\/420now.co\/fr-ca\/wp-json\/wp\/v2\/product\/18825","targetHints":{"allow":["GET"]}}],"collection":[{"href":"https:\/\/420now.co\/fr-ca\/wp-json\/wp\/v2\/product"}],"about":[{"href":"https:\/\/420now.co\/fr-ca\/wp-json\/wp\/v2\/types\/product"}],"replies":[{"embeddable":true,"href":"https:\/\/420now.co\/fr-ca\/wp-json\/wp\/v2\/comments?post=18825"}],"wp:featuredmedia":[{"embeddable":true,"href":"https:\/\/420now.co\/fr-ca\/wp-json\/wp\/v2\/media\/16866"}],"wp:attachment":[{"href":"https:\/\/420now.co\/fr-ca\/wp-json\/wp\/v2\/media?parent=18825"}],"wp:term":[{"taxonomy":"product_brand","embeddable":true,"href":"https:\/\/420now.co\/fr-ca\/wp-json\/wp\/v2\/product_brand?post=18825"},{"taxonomy":"product_cat","embeddable":true,"href":"https:\/\/420now.co\/fr-ca\/wp-json\/wp\/v2\/product_cat?post=18825"},{"taxonomy":"product_tag","embeddable":true,"href":"https:\/\/420now.co\/fr-ca\/wp-json\/wp\/v2\/product_tag?post=18825"}],"curies":[{"name":"wp","href":"https:\/\/api.w.org\/{rel}","templated":true}]}}