{"id":18872,"date":"2022-12-14T23:29:43","date_gmt":"2022-12-15T04:29:43","guid":{"rendered":"https:\/\/420now.co\/product\/faded-edibles-mega-dosed-astros-480mg-lemon-venus\/"},"modified":"2026-03-13T14:27:37","modified_gmt":"2026-03-13T18:27:37","slug":"faded-edibles-mega-dosed-astros-480mg-lemon-venus","status":"publish","type":"product","link":"https:\/\/420now.co\/fr-ca\/product\/faded-edibles-mega-dosed-astros-480mg-lemon-venus\/","title":{"rendered":"Faded Edibles Mega Dosed Astros 480mg Lemon Venus"},"content":{"rendered":"<p>Envolez-vous dans l\u2019espace avec Astros de Faded Cannabis co. Voici notre collection m\u00e9ga dos\u00e9e comprenant 10 saveurs addictives parmi lesquelles choisir. Chaque paquet contient 8 pi\u00e8ces dos\u00e9es \u00e0 60 mg chacune! Totalisant 480 mg par paquet et un voyage qui vous fera voler.   <\/p>\n<p>Ce lemoney Lemon Astro vous fera visiter V\u00e9nus, la plan\u00e8te de l\u2019amour, de la sensualit\u00e9 et du luxe.<\/p>\n<p>Les produits comestibles peuvent prendre de 40 \u00e0 50 minutes pour faire effet &#8211; gardez \u00e0 l\u2019esprit pendant le dosage et commencez lentement. Commencez par un et attendez 45 minutes pour voir comment vous vous sentez.<\/p>\n<p>Il est recommand\u00e9 de conserver les gommes Faded Edibles Mega Dosed dans un endroit frais et sec, comme une armoire. Pour un stockage \u00e0 long terme, dans votre r\u00e9frig\u00e9rateur ou cong\u00e9lateur, cela peut affecter la texture des gommes. <\/p>\n<p>TEST\u00c9 EN LABORATOIRE ET FABRIQU\u00c9 AU CANADA<\/p>\n<h2>Faded Edibles Mega Dosed Astros Ingr\u00e9dients<\/h2>\n<ul>\n<li>Sucre,\n<li>Extrait de cannabis THC,\n<li>Sirop de glucose,\n<li>Amidon de ma\u00efs,\n<li>Acide citrique,\n<li>Ar\u00f4mes naturels et artificiels,\n<li>Couleur\n<\/ul>\n<p>Jetez un coup d\u2019\u0153il \u00e0 toutes les <a href=\"https:\/\/420now.co\/fr-ca\/faded-cannabis-co\/gommes-delavees\/\">gommes Faded Edibles<\/a>. D\u00e9couvrez toutes leurs saveurs disponibles! <\/p>\n<p>Si vous \u00eates dans la r\u00e9gion du Grand Toronto (RGT), vous pouvez vous procurer Buudabomb THC Gummies en 2 heures* \u00e0 votre porte! Commandez avant 20 h et l\u2019un de nos chauffeurs vous livrera le jour m\u00eame, 2 heures gratuitement, lorsque vous commandez un minimum de 100,00 $ de l\u2019un des produits sur notre site Web.<\/p>\n<p>*Livraison en deux heures \u00e0 Toronto (Scarborough, North York, Etobicoke, DownTown, York \u2013 toutes les r\u00e9gions \u00e0 l\u2019int\u00e9rieur des fronti\u00e8res de la ville de Toronto), Richmond Hill, King, Aurora, Newmarket, Woodbridge, Vaughan et Markham.<\/p>\n<p>Pour les zones situ\u00e9es en dehors de notre zone de livraison, nous pouvons organiser une livraison par la poste \u00e0 votre adresse avec une commande minimale de 100,00 $. Le paiement doit \u00eatre re\u00e7u par courriel Interac (Virement \u00e9lectronique). Nous exp\u00e9dions \u00e0 travers le Canada!  <\/p>\n","protected":false},"excerpt":{"rendered":"<p>Envolez-vous dans l\u2019espace avec Astros de Faded Cannabis co. Voici notre collection m\u00e9ga dos\u00e9e comprenant 10 saveurs addictives parmi lesquelles choisir. Chaque paquet contient 8 pi\u00e8ces dos\u00e9es \u00e0 60 mg chacune! Totalisant 480 mg par paquet et un voyage qui vous fera voler.   <\/p>\n<p>Ce lemoney Lemon Astro vous fera visiter V\u00e9nus, la plan\u00e8te de l\u2019amour, de la sensualit\u00e9 et du luxe.<\/p>\n","protected":false},"featured_media":17364,"comment_status":"open","ping_status":"closed","template":"","meta":{"_acf_changed":false},"product_brand":[352],"product_cat":[231],"product_tag":[298],"class_list":{"0":"post-18872","1":"product","2":"type-product","3":"status-publish","4":"has-post-thumbnail","6":"product_brand-faded-cannabis-co","7":"product_cat-gummies-fr-ca","8":"product_tag-faded-gummy-fr-ca","10":"first","11":"instock","12":"shipping-taxable","13":"purchasable","14":"product-type-simple"},"acf":[],"_links":{"self":[{"href":"https:\/\/420now.co\/fr-ca\/wp-json\/wp\/v2\/product\/18872","targetHints":{"allow":["GET"]}}],"collection":[{"href":"https:\/\/420now.co\/fr-ca\/wp-json\/wp\/v2\/product"}],"about":[{"href":"https:\/\/420now.co\/fr-ca\/wp-json\/wp\/v2\/types\/product"}],"replies":[{"embeddable":true,"href":"https:\/\/420now.co\/fr-ca\/wp-json\/wp\/v2\/comments?post=18872"}],"wp:featuredmedia":[{"embeddable":true,"href":"https:\/\/420now.co\/fr-ca\/wp-json\/wp\/v2\/media\/17364"}],"wp:attachment":[{"href":"https:\/\/420now.co\/fr-ca\/wp-json\/wp\/v2\/media?parent=18872"}],"wp:term":[{"taxonomy":"product_brand","embeddable":true,"href":"https:\/\/420now.co\/fr-ca\/wp-json\/wp\/v2\/product_brand?post=18872"},{"taxonomy":"product_cat","embeddable":true,"href":"https:\/\/420now.co\/fr-ca\/wp-json\/wp\/v2\/product_cat?post=18872"},{"taxonomy":"product_tag","embeddable":true,"href":"https:\/\/420now.co\/fr-ca\/wp-json\/wp\/v2\/product_tag?post=18872"}],"curies":[{"name":"wp","href":"https:\/\/api.w.org\/{rel}","templated":true}]}}