{"id":18941,"date":"2023-06-05T18:09:29","date_gmt":"2023-06-05T22:09:29","guid":{"rendered":"https:\/\/420now.co\/product\/mota-gelees-de-fruits-melanges-500-mg-thc\/"},"modified":"2025-04-11T09:49:00","modified_gmt":"2025-04-11T13:49:00","slug":"mota-gelees-de-fruits-melanges-500-mg-thc","status":"publish","type":"product","link":"https:\/\/420now.co\/fr-ca\/product\/mota-gelees-de-fruits-melanges-500-mg-thc\/","title":{"rendered":"MOTA Gel\u00e9es de fruits m\u00e9lang\u00e9s 500 mg THC"},"content":{"rendered":"<p>500 mg de THC dans chaque sac.<\/p>\n<p>10 gel\u00e9es par sac.<\/p>\n<p>Chaque gel\u00e9e contient 50 mg de THC.<\/p>\n<p>Fruits m\u00e9lang\u00e9s &#8211; framboise bleue, cerise, raisin<\/p>\n","protected":false},"excerpt":{"rendered":"<p>500 mg de THC dans chaque sac.<\/p>\n<p>10 gel\u00e9es par sac.<\/p>\n<p>Chaque gel\u00e9e contient 50 mg de THC.<\/p>\n<p>Fruits m\u00e9lang\u00e9s &#8211; framboise bleue, cerise, raisin<\/p>\n","protected":false},"featured_media":17512,"comment_status":"closed","ping_status":"closed","template":"","meta":{"_acf_changed":false},"product_brand":[],"product_cat":[231,225,219],"product_tag":[308],"class_list":{"0":"post-18941","1":"product","2":"type-product","3":"status-publish","4":"has-post-thumbnail","6":"product_cat-gummies-fr-ca","7":"product_cat-bonbons","8":"product_cat-comestibles","9":"product_tag-mota-fr-ca","11":"first","12":"instock","13":"shipping-taxable","14":"purchasable","15":"product-type-simple"},"acf":[],"_links":{"self":[{"href":"https:\/\/420now.co\/fr-ca\/wp-json\/wp\/v2\/product\/18941","targetHints":{"allow":["GET"]}}],"collection":[{"href":"https:\/\/420now.co\/fr-ca\/wp-json\/wp\/v2\/product"}],"about":[{"href":"https:\/\/420now.co\/fr-ca\/wp-json\/wp\/v2\/types\/product"}],"replies":[{"embeddable":true,"href":"https:\/\/420now.co\/fr-ca\/wp-json\/wp\/v2\/comments?post=18941"}],"wp:featuredmedia":[{"embeddable":true,"href":"https:\/\/420now.co\/fr-ca\/wp-json\/wp\/v2\/media\/17512"}],"wp:attachment":[{"href":"https:\/\/420now.co\/fr-ca\/wp-json\/wp\/v2\/media?parent=18941"}],"wp:term":[{"taxonomy":"product_brand","embeddable":true,"href":"https:\/\/420now.co\/fr-ca\/wp-json\/wp\/v2\/product_brand?post=18941"},{"taxonomy":"product_cat","embeddable":true,"href":"https:\/\/420now.co\/fr-ca\/wp-json\/wp\/v2\/product_cat?post=18941"},{"taxonomy":"product_tag","embeddable":true,"href":"https:\/\/420now.co\/fr-ca\/wp-json\/wp\/v2\/product_tag?post=18941"}],"curies":[{"name":"wp","href":"https:\/\/api.w.org\/{rel}","templated":true}]}}