{"id":18948,"date":"2023-02-17T13:13:20","date_gmt":"2023-02-17T18:13:20","guid":{"rendered":"https:\/\/420now.co\/product\/cartouche-popeyes-extractions-500-mg-marteau-de-9-livres\/"},"modified":"2026-04-01T16:34:05","modified_gmt":"2026-04-01T20:34:05","slug":"cartouche-popeyes-extractions-500-mg-marteau-de-9-livres","status":"publish","type":"product","link":"https:\/\/420now.co\/fr-ca\/product\/cartouche-popeyes-extractions-500-mg-marteau-de-9-livres\/","title":{"rendered":"Cartouches de vapotage Popeyes Extractions 500 mg THC (fil 510)"},"content":{"rendered":"<h2>Cartouches de vapotage Popeyes Extractions 500 mg (cartouche THC de 510 fils)<\/h2>\n<p>Les cartouches de vapotage Popeyes Extractions 500 mg offrent une exp\u00e9rience de vapotage fluide et fiable dans un format compact et facile \u00e0 utiliser. Chaque cartouche contient 500 mg d\u2019huile de vapotage au THC, ce qui en fait une excellente option pour les utilisateurs qui pr\u00e9f\u00e8rent une exp\u00e9rience plus l\u00e9g\u00e8re ou plus contr\u00f4l\u00e9e compar\u00e9e aux cartouches plus grandes. <\/p>\n<p>Con\u00e7us pour \u00eatre utilis\u00e9s avec n\u2019importe quelle batterie compatible filetage 510, ces cartouches de vape offrent flexibilit\u00e9, constance et commodit\u00e9.<\/p>\n<h2>Con\u00e7u pour les dispositifs \u00e0 fils 510<\/h2>\n<p>Ce sont des cartouches de vape standard \u00e0 510 filets, ce qui signifie qu\u2019elles sont compatibles avec la plupart des piles de vape r\u00e9utilisables.<\/p>\n<ul>\n<li>Fonctionne avec n\u2019importe quel appareil compatible 510 Thread<\/li>\n<li>Connexion viss\u00e9e simple<\/li>\n<li>Facile de passer d\u2019une souche \u00e0 l\u2019autre<\/li>\n<\/ul>\n<p>Cela en fait un choix pratique pour les utilisateurs qui poss\u00e8dent d\u00e9j\u00e0 une batterie de vapote.<\/p>\n<h2>Pourquoi choisir des cartouches de vapotage de 500 mg?<\/h2>\n<p>Les cartouches de 500 mg offrent une exp\u00e9rience diff\u00e9rente compar\u00e9es aux cartouches plus grandes de 1 ou 2 g.<\/p>\n<ul>\n<li>Dosage plus contr\u00f4l\u00e9 et g\u00e9rable<\/li>\n<li>Parfait pour un usage l\u00e9ger ou occasionnel<\/li>\n<li>C\u2019est plus facile d\u2019essayer diff\u00e9rentes vari\u00e9t\u00e9s sans s\u2019engager dans des tailles plus grandes<\/li>\n<\/ul>\n<p>Pour de nombreux utilisateurs, les cartouches de 500 mg sont une option simple et flexible qui r\u00e9pond \u00e0 une vari\u00e9t\u00e9 de besoins.<\/p>\n<h2>Vari\u00e9t\u00e9s disponibles<\/h2>\n<p>Choisissez parmi une gamme de vari\u00e9t\u00e9s populaires, notamment :<\/p>\n<ul>\n<li>Tom Ford<\/li>\n<li>Tarte aux cerises<\/li>\n<li>Skywalker OG<\/li>\n<li>Green Crack<\/li>\n<li>Strawberry Cough<\/li>\n<li>Durban Poison<\/li>\n<li>R\u00eave Bleu<\/li>\n<li>Aurores bor\u00e9ales<\/li>\n<li>Marteau de 9 livres<\/li>\n<\/ul>\n<p>(La disponibilit\u00e9 des souches peut varier.)<\/p>\n<h2>Pour qui sont-elles les meilleures?<\/h2>\n<p>Ces cartouches de vapotage sont id\u00e9ales pour :<\/p>\n<ul>\n<li style=\"list-style-type: none;\">\n<ul>\n<li>Utilisateurs \u00e0 la recherche d\u2019une exp\u00e9rience plus l\u00e9g\u00e8re ou plus contr\u00f4l\u00e9e<\/li>\n<li>Ceux qui pr\u00e9f\u00e8rent des cartouches plus petites<\/li>\n<li>Les gens qui veulent essayer plusieurs vari\u00e9t\u00e9s<\/li>\n<li>Est-ce que quelqu\u2019un utilise une pile vaporisatrice r\u00e9utilisable 510 thread<\/li>\n<li>ADULTES \u00c2G\u00c9S DE 19 ANS ET PLUS SEULEMENT<\/li>\n<\/ul>\n<\/li>\n<\/ul>\n<h2>Livraison locale rapide<\/h2>\n<p>Si vous \u00eates dans la grande r\u00e9gion de Toronto (GTA), vous pouvez recevoir les cartouches de vape Popeyes Extractions livr\u00e9es en moins de 2 heures si vous commandez avant 20 h.<\/p>\n<p>Nous livrons \u00e0 Toronto (Scarborough, North York, Etobicoke, centre-ville), Richmond Hill, Vaughan, Markham, Aurora, Newmarket et les environs.<\/p>\n<p><strong>Nous exp\u00e9dions aussi \u00e0 travers le Canada via Postes Canada<\/strong><\/p>\n<h2>FAQ<\/h2>\n<p><strong>Qu\u2019est-ce qu\u2019une cartouche de vape de 500 mg?<\/strong><br \/>\nC\u2019est une cartouche contenant 500 mg d\u2019huile de THC, offrant une option plus petite et plus contr\u00f4l\u00e9e compar\u00e9e aux cartouches plus grandes.<\/p>\n<p><strong>Ai-je besoin d\u2019une batterie pour celles-ci?<\/strong><br \/>\nOui, ils n\u00e9cessitent une batterie vaporisatrice compatible 510 filets.<\/p>\n<p><strong>Sont-ils jetables?<\/strong><br \/>\nNon, ce sont des cartouches con\u00e7ues pour des appareils r\u00e9utilisables.<\/p>\n<p><strong>Combien de temps dure une cartouche de 500 mg?<\/strong><br \/>\n\u00c7a d\u00e9pend de l\u2019utilisation, mais \u00e7a dure g\u00e9n\u00e9ralement moins de 1g ou 2g \u00e0 cause de la taille plus petite.<\/p>\n<p><strong>Est-ce que c\u2019est bon pour les d\u00e9butants?<\/strong><br \/>\nOui, beaucoup d\u2019utilisateurs trouvent les cartouches de 500 mg plus faciles \u00e0 g\u00e9rer gr\u00e2ce \u00e0 leur petite taille et leur dosage contr\u00f4l\u00e9.<\/p>\n","protected":false},"excerpt":{"rendered":"<p>Les cartouches de vapotage Popeyes Extractions 500 mg sont con\u00e7ues pour \u00eatre utilis\u00e9es avec n\u2019importe quel appareil compatible 510 threads, offrant une vapeur fluide, une saveur propre et une exp\u00e9rience plus contr\u00f4l\u00e9e. Avec 500 mg d\u2019huile de THC, ces cartouches sont une excellente option pour un usage l\u00e9ger ou pour ceux qui cherchent une dose plus \u00e9quilibr\u00e9e et g\u00e9rable. <\/p>\n<p>Sans VG (glyc\u00e9rine v\u00e9g\u00e9tale) et PG (propyl\u00e8ne glycol).<\/p>\n<p>Choisissez votre vari\u00e9t\u00e9 ci-dessous :<\/p>\n","protected":false},"featured_media":17269,"comment_status":"open","ping_status":"closed","template":"","meta":{"_acf_changed":false},"product_brand":[],"product_cat":[204],"product_tag":[],"class_list":{"0":"post-18948","1":"product","2":"type-product","3":"status-publish","4":"has-post-thumbnail","6":"product_cat-cartouches","8":"first","9":"instock","10":"shipping-taxable","11":"purchasable","12":"product-type-variable"},"acf":[],"_links":{"self":[{"href":"https:\/\/420now.co\/fr-ca\/wp-json\/wp\/v2\/product\/18948","targetHints":{"allow":["GET"]}}],"collection":[{"href":"https:\/\/420now.co\/fr-ca\/wp-json\/wp\/v2\/product"}],"about":[{"href":"https:\/\/420now.co\/fr-ca\/wp-json\/wp\/v2\/types\/product"}],"replies":[{"embeddable":true,"href":"https:\/\/420now.co\/fr-ca\/wp-json\/wp\/v2\/comments?post=18948"}],"wp:featuredmedia":[{"embeddable":true,"href":"https:\/\/420now.co\/fr-ca\/wp-json\/wp\/v2\/media\/17269"}],"wp:attachment":[{"href":"https:\/\/420now.co\/fr-ca\/wp-json\/wp\/v2\/media?parent=18948"}],"wp:term":[{"taxonomy":"product_brand","embeddable":true,"href":"https:\/\/420now.co\/fr-ca\/wp-json\/wp\/v2\/product_brand?post=18948"},{"taxonomy":"product_cat","embeddable":true,"href":"https:\/\/420now.co\/fr-ca\/wp-json\/wp\/v2\/product_cat?post=18948"},{"taxonomy":"product_tag","embeddable":true,"href":"https:\/\/420now.co\/fr-ca\/wp-json\/wp\/v2\/product_tag?post=18948"}],"curies":[{"name":"wp","href":"https:\/\/api.w.org\/{rel}","templated":true}]}}