{"id":18953,"date":"2023-03-09T12:50:31","date_gmt":"2023-03-09T17:50:31","guid":{"rendered":"https:\/\/420now.co\/product\/popeyes-extractions-capsules-de-psilocybine-6000mg\/"},"modified":"2026-02-08T16:03:23","modified_gmt":"2026-02-08T21:03:23","slug":"popeyes-extractions-capsules-de-psilocybine-6000mg","status":"publish","type":"product","link":"https:\/\/420now.co\/fr-ca\/product\/popeyes-extractions-capsules-de-psilocybine-6000mg\/","title":{"rendered":"Popeyes Extractions Capsules de psilocybine 6000mg"},"content":{"rendered":"<h2>Popeyes Extractions Capsules de psilocybine<\/h2>\n<p>Chaque capsule contient 250 mg d\u2019extrait de champignon magique psilocybine. Ils sont parfaits pour ceux qui d\u00e9butent sur la sc\u00e8ne des champignons magiques et qui veulent proc\u00e9der avec prudence car ils peuvent avoir une certaine anxi\u00e9t\u00e9 quant aux effets des champignons magiques, mais sont curieux. <\/p>\n<p>Ils sont \u00e9galement parfaits pour les champignonneurs v\u00e9t\u00e9rans qui veulent les bienfaits connus pour la sant\u00e9 du microdosage de psilocybine et les traitements connus qu\u2019offre la psilocybine. Le microdosage est devenu un moyen populaire et reconnu d\u2019obtenir les avantages m\u00e9dicaux en une quantit\u00e9 connue et suffisamment petite pour ne pas tr\u00e9bucher. <\/p>\n<h2>Bienfaits m\u00e9dicaux et pour la sant\u00e9 de la psilocybine<\/h2>\n<p>Bien qu\u2019elle soit beaucoup moins puissante que le LSD, la psilocybine est un compos\u00e9 naturel chez certaines esp\u00e8ces de champignons qui est capable de modifier les perceptions, y compris de l\u2019espace et du temps, et peut causer certaines distorsions visuelles. Beaucoup disent avoir v\u00e9cu des exp\u00e9riences mystiques, souvent d\u00e9crites comme profond\u00e9ment philosophiques combin\u00e9es \u00e0 une r\u00e9v\u00e9lation mystique. <\/p>\n<p>Cet ingr\u00e9dient majeur des champignons magiques est utilis\u00e9 depuis des si\u00e8cles par les mystiques et les gu\u00e9risseurs de diverses cultures. Aujourd\u2019hui, il est reconnu comme un traitement possible pour un large \u00e9ventail de conditions, notamment :<\/p>\n<ul>\n<li>D\u00e9pression<\/li>\n<li>D\u00e9pendances comme l\u2019alcool et la coca\u00efne<\/li>\n<li>Cesser de fumer<\/li>\n<li>D\u00e9tresse psychologique, y compris l\u2019anxi\u00e9t\u00e9<\/li>\n<li>C\u00e9phal\u00e9es en grappe<\/li>\n<li>TOC (trouble obsessionnel-compulsif)<\/li>\n<\/ul>\n<p>Fait int\u00e9ressant, l\u2019\u00c9cole de m\u00e9decine de l\u2019Universit\u00e9 John Hopkins a d\u00e9couvert des r\u00e9sultats encourageants et utiles dans le traitement de l\u2019anxi\u00e9t\u00e9 et d\u2019autres d\u00e9tresses chez les patients atteints de cancer et a publi\u00e9 son \u00e9tude dans le <a href=\"http:\/\/Journal%20of%20Psychopharmacology\" target=\"_blank\" rel=\"noopener\"><em>Journal of Psychopharmacology<\/em>, ici<\/a>.<\/p>\n<h2>Psilocybine &#8211; Extrait de champignon &#8211; Livraison dans la r\u00e9gion du Grand Toronto<\/h2>\n<p>Si vous \u00eates dans la r\u00e9gion du Grand Toronto (RGT), vous pouvez vous procurer la psilocybine Popeyes Extractions pour le microdosage de champignons en 2 heures* \u00e0 votre porte! Commandez avant 20 h et l\u2019un de nos chauffeurs vous livrera le jour m\u00eame, 2 heures gratuitement, lorsque vous commandez un minimum de 100,00 $ de l\u2019un des produits sur notre site Web.<\/p>\n<p>*Livraison en deux heures \u00e0 Toronto (Scarborough, North York, Etobicoke, DownTown, York \u2013 toutes les r\u00e9gions \u00e0 l\u2019int\u00e9rieur des fronti\u00e8res de la ville de Toronto), Richmond Hill, King, Aurora, Newmarket, Woodbridge, Vaughan et Markham.<\/p>\n<p>Pour les r\u00e9gions p\u00e9riph\u00e9riques telles que Brampton, Caledon, Mississauga, Pickering, Ajax, Whitby, Oshawa, Clarington, Scugog, Uxbridge, East Gwillimbury, Georgina et Brock, nous visons deux heures, mais veuillez vous attendre \u00e0 la possibilit\u00e9 de 3 heures pour la livraison. Si votre adresse se trouve dans ces r\u00e9gions p\u00e9riph\u00e9riques, vous pouvez nous contacter pour conna\u00eetre les d\u00e9lais de livraison pr\u00e9vus ce jour-l\u00e0. <\/p>\n","protected":false},"excerpt":{"rendered":"<p>Avez-vous entendu parler des bienfaits du \u00ab microdosage \u00bb? Le microdosage des champignons semble \u00eatre un excellent moyen pour de nombreuses personnes de profiter des bienfaits de la psilocybine pour la sant\u00e9 \u00e0 tout moment de la journ\u00e9e, tout en profitant de la discr\u00e9tion. Ces capsules de 250 mg de Popeyes Extractions vous fourniront une petite dose de champignon magique dans un format concentr\u00e9 et dans une taille et une dose que vous pouvez contr\u00f4ler.  <\/p>\n<p>Id\u00e9al pour ceux qui n\u2019ont jamais essay\u00e9 les champignons mais qui le veulent. Aussi, pour les v\u00e9t\u00e9rans qui connaissent la valeur du microdosage et d\u2019avoir toujours de la psilocybine \u00e0 port\u00e9e de main. <\/p>\n<p>Chaque contenant contient 24 capsules de 250 mg pour un total de 6 000 mg de psilocybine pure.<\/p>\n","protected":false},"featured_media":17420,"comment_status":"open","ping_status":"closed","template":"","meta":{"_acf_changed":false},"product_brand":[181],"product_cat":[238],"product_tag":[],"class_list":{"0":"post-18953","1":"product","2":"type-product","3":"status-publish","4":"has-post-thumbnail","6":"product_brand-popeyes-extractions","7":"product_cat-capsules-microdoses","9":"first","10":"instock","11":"shipping-taxable","12":"purchasable","13":"product-type-simple"},"acf":[],"_links":{"self":[{"href":"https:\/\/420now.co\/fr-ca\/wp-json\/wp\/v2\/product\/18953","targetHints":{"allow":["GET"]}}],"collection":[{"href":"https:\/\/420now.co\/fr-ca\/wp-json\/wp\/v2\/product"}],"about":[{"href":"https:\/\/420now.co\/fr-ca\/wp-json\/wp\/v2\/types\/product"}],"replies":[{"embeddable":true,"href":"https:\/\/420now.co\/fr-ca\/wp-json\/wp\/v2\/comments?post=18953"}],"wp:featuredmedia":[{"embeddable":true,"href":"https:\/\/420now.co\/fr-ca\/wp-json\/wp\/v2\/media\/17420"}],"wp:attachment":[{"href":"https:\/\/420now.co\/fr-ca\/wp-json\/wp\/v2\/media?parent=18953"}],"wp:term":[{"taxonomy":"product_brand","embeddable":true,"href":"https:\/\/420now.co\/fr-ca\/wp-json\/wp\/v2\/product_brand?post=18953"},{"taxonomy":"product_cat","embeddable":true,"href":"https:\/\/420now.co\/fr-ca\/wp-json\/wp\/v2\/product_cat?post=18953"},{"taxonomy":"product_tag","embeddable":true,"href":"https:\/\/420now.co\/fr-ca\/wp-json\/wp\/v2\/product_tag?post=18953"}],"curies":[{"name":"wp","href":"https:\/\/api.w.org\/{rel}","templated":true}]}}