{"id":18978,"date":"2023-06-05T16:25:50","date_gmt":"2023-06-05T20:25:50","guid":{"rendered":"https:\/\/420now.co\/product\/mota-cle-aigre-trempee-dans-le-chocolat-100mg-thc\/"},"modified":"2025-04-11T09:49:22","modified_gmt":"2025-04-11T13:49:22","slug":"mota-cle-aigre-trempee-dans-le-chocolat-100mg-thc","status":"publish","type":"product","link":"https:\/\/420now.co\/fr-ca\/product\/mota-cle-aigre-trempee-dans-le-chocolat-100mg-thc\/","title":{"rendered":"MOTA Cl\u00e9 aigre tremp\u00e9e dans le chocolat 100mg THC"},"content":{"rendered":"","protected":false},"excerpt":{"rendered":"<p>Cl\u00e9 aigre tremp\u00e9e dans le chocolat.<br \/>\n100 mg de THC.<br \/>\n1 pi\u00e8ce par sac.<\/p>\n","protected":false},"featured_media":17503,"comment_status":"closed","ping_status":"closed","template":"","meta":{"_acf_changed":false},"product_brand":[],"product_cat":[231,225,219],"product_tag":[308],"class_list":{"0":"post-18978","1":"product","2":"type-product","3":"status-publish","4":"has-post-thumbnail","6":"product_cat-gummies-fr-ca","7":"product_cat-bonbons","8":"product_cat-comestibles","9":"product_tag-mota-fr-ca","11":"first","12":"instock","13":"shipping-taxable","14":"purchasable","15":"product-type-simple"},"acf":[],"_links":{"self":[{"href":"https:\/\/420now.co\/fr-ca\/wp-json\/wp\/v2\/product\/18978","targetHints":{"allow":["GET"]}}],"collection":[{"href":"https:\/\/420now.co\/fr-ca\/wp-json\/wp\/v2\/product"}],"about":[{"href":"https:\/\/420now.co\/fr-ca\/wp-json\/wp\/v2\/types\/product"}],"replies":[{"embeddable":true,"href":"https:\/\/420now.co\/fr-ca\/wp-json\/wp\/v2\/comments?post=18978"}],"wp:featuredmedia":[{"embeddable":true,"href":"https:\/\/420now.co\/fr-ca\/wp-json\/wp\/v2\/media\/17503"}],"wp:attachment":[{"href":"https:\/\/420now.co\/fr-ca\/wp-json\/wp\/v2\/media?parent=18978"}],"wp:term":[{"taxonomy":"product_brand","embeddable":true,"href":"https:\/\/420now.co\/fr-ca\/wp-json\/wp\/v2\/product_brand?post=18978"},{"taxonomy":"product_cat","embeddable":true,"href":"https:\/\/420now.co\/fr-ca\/wp-json\/wp\/v2\/product_cat?post=18978"},{"taxonomy":"product_tag","embeddable":true,"href":"https:\/\/420now.co\/fr-ca\/wp-json\/wp\/v2\/product_tag?post=18978"}],"curies":[{"name":"wp","href":"https:\/\/api.w.org\/{rel}","templated":true}]}}