{"id":19028,"date":"2023-08-14T12:48:38","date_gmt":"2023-08-14T16:48:38","guid":{"rendered":"https:\/\/420now.co\/product\/mastermind-gummy-frogs\/"},"modified":"2026-02-08T15:38:02","modified_gmt":"2026-02-08T20:38:02","slug":"mastermind-gummy-frogs","status":"publish","type":"product","link":"https:\/\/420now.co\/fr-ca\/product\/mastermind-gummy-frogs\/","title":{"rendered":"Mastermind Gummy Frogs"},"content":{"rendered":"<p>Les grenouilles Gummy Mastermind contiennent 2&#215;500 mg de notre m\u00e9lange haut de gamme de Psilocybe Cubensis. Ces bonbons bonbons \u00e0 la framboise bleue sont doux pour votre estomac et vos papilles! Le Gummy Frog est parfait pour les d\u00e9butants ou les excursions occasionnelles.  <\/p>\n","protected":false},"excerpt":{"rendered":"<p>Les grenouilles gommeuses Mastermind contiennent 2 x 500 mg de notre m\u00e9lange premium de Psilocybe Cubensis. Ces gommes \u00e0 saveur de framboise bleue sont agr\u00e9ables pour l\u2019estomac et les papilles! La grenouille g\u00e9latine est parfaite pour les d\u00e9butants ou les excursions d\u2019une journ\u00e9e occasionnelles.   20<\/p>\n","protected":false},"featured_media":17633,"comment_status":"closed","ping_status":"closed","template":"","meta":{"_acf_changed":false},"product_brand":[],"product_cat":[334],"product_tag":[],"class_list":{"0":"post-19028","1":"product","2":"type-product","3":"status-publish","4":"has-post-thumbnail","6":"product_cat-gommes-aux-champignons","8":"first","9":"instock","10":"shipping-taxable","11":"purchasable","12":"product-type-simple"},"acf":[],"_links":{"self":[{"href":"https:\/\/420now.co\/fr-ca\/wp-json\/wp\/v2\/product\/19028","targetHints":{"allow":["GET"]}}],"collection":[{"href":"https:\/\/420now.co\/fr-ca\/wp-json\/wp\/v2\/product"}],"about":[{"href":"https:\/\/420now.co\/fr-ca\/wp-json\/wp\/v2\/types\/product"}],"replies":[{"embeddable":true,"href":"https:\/\/420now.co\/fr-ca\/wp-json\/wp\/v2\/comments?post=19028"}],"wp:featuredmedia":[{"embeddable":true,"href":"https:\/\/420now.co\/fr-ca\/wp-json\/wp\/v2\/media\/17633"}],"wp:attachment":[{"href":"https:\/\/420now.co\/fr-ca\/wp-json\/wp\/v2\/media?parent=19028"}],"wp:term":[{"taxonomy":"product_brand","embeddable":true,"href":"https:\/\/420now.co\/fr-ca\/wp-json\/wp\/v2\/product_brand?post=19028"},{"taxonomy":"product_cat","embeddable":true,"href":"https:\/\/420now.co\/fr-ca\/wp-json\/wp\/v2\/product_cat?post=19028"},{"taxonomy":"product_tag","embeddable":true,"href":"https:\/\/420now.co\/fr-ca\/wp-json\/wp\/v2\/product_tag?post=19028"}],"curies":[{"name":"wp","href":"https:\/\/api.w.org\/{rel}","templated":true}]}}