{"id":19030,"date":"2023-08-09T15:24:58","date_gmt":"2023-08-09T19:24:58","guid":{"rendered":"https:\/\/420now.co\/product\/haute-dose-de-gomme-aux-fruits-1600mg-indica-a-la-framboise-aigre\/"},"modified":"2025-04-13T03:27:13","modified_gmt":"2025-04-13T07:27:13","slug":"haute-dose-de-gomme-aux-fruits-1600mg-indica-a-la-framboise-aigre","status":"publish","type":"product","link":"https:\/\/420now.co\/fr-ca\/product\/haute-dose-de-gomme-aux-fruits-1600mg-indica-a-la-framboise-aigre\/","title":{"rendered":"High Dose Fruit Gummy 1600mg Sour Raspberry Indica"},"content":{"rendered":"<p>Si vous aimez le go\u00fbt de la cerise sure, vous allez adorer ces gommes! Et si vous recherchez des doses \u00e9lev\u00e9es de THC, vous serez certainement satisfait. Ceux-ci ne sont pas pour ceux qui sont curieux de conna\u00eetre les m\u00e9dibles \/ comestibles au THC &#8211; ils sont pour les fans qui sont pr\u00eats pour un comestible super fort.  <\/p>\n<p>Fabriqu\u00e9 avec une vari\u00e9t\u00e9 Indica , id\u00e9al pour am\u00e9liorer le sommeil, traiter la douleur et se d\u00e9tendre.<\/p>\n<p>Chaque paquet contient deux gommes contenant 800 mg de THC Indica chacune. Chaque gomme peut \u00eatre divis\u00e9e en 8 doses de 100 mg chacune. <\/p>\n<p>Laissez jusqu\u2019\u00e0 90 minutes pour que le THC fasse effet.  <\/p>\n<h2>Avantages des gommes \u00e0 forte dose<\/h2>\n<p>Fi\u00e8rement fabriqu\u00e9s au Canada, ces gommes de <em>High Dose<\/em> sont ce que beaucoup recherchent lorsqu\u2019ils veulent pouvoir prendre un m\u00e9dicament contre le THC \u00e0 une dose plus \u00e9lev\u00e9e &#8211; mais avec la commodit\u00e9 d\u2019\u00eatre facilement divis\u00e9s en plus petites doses.  <\/p>\n<p>Le THC est extrait de vari\u00e9t\u00e9s \u00e0 dominante Indica et est parfait pour traiter les probl\u00e8mes de sommeil tels que l\u2019insomnie, l\u2019am\u00e9lioration de l\u2019humeur ou le chillaxin&#8217;.<\/p>\n<h2>Livraison gratuite de gommes \u00e0 haute dose en 2 heures GTA<\/h2>\n<p>Nos chauffeurs de livraison de cannabis 420Now sont en mesure de livrer des gommes \u00e0 haute dose \u00e0 votre porte dans la r\u00e9gion du Grand Toronto dans les 2 heures, si vous commandez avant 20 h, 7 jours sur 7.  <\/p>\n<p>*Livraison en deux heures \u00e0 Toronto (Scarborough, North York, Etobicoke, DownTown, York \u2013 toutes les r\u00e9gions \u00e0 l\u2019int\u00e9rieur des fronti\u00e8res de la ville de Toronto), Richmond Hill, King, Aurora, Newmarket, Woodbridge, Vaughan et Markham.<\/p>\n<p>Essayez-les &#8211; vous les adorerez, surtout si vous \u00eates d\u00e9j\u00e0 un grand fan de produits comestibles\/m\u00e9dibles au THC.<\/p>\n","protected":false},"excerpt":{"rendered":"<p>Si vous aimez le go\u00fbt de la cerise sure, vous allez adorer ces gommes! Et si vous recherchez des doses \u00e9lev\u00e9es de THC, vous serez certainement satisfait. Ceux-ci ne sont pas pour ceux qui sont curieux de conna\u00eetre les m\u00e9dibles \/ comestibles au THC &#8211; ils sont pour les fans qui sont pr\u00eats pour un comestible super fort.  <\/p>\n<p>Fabriqu\u00e9 avec une vari\u00e9t\u00e9 Indica , id\u00e9al pour am\u00e9liorer le sommeil, traiter la douleur et se d\u00e9tendre.<\/p>\n<p>Chaque paquet contient deux gommes contenant 800 mg de THC Indica chacune. Chaque gomme peut \u00eatre divis\u00e9e en 8 doses de 100 mg chacune. <\/p>\n<p>Laissez jusqu\u2019\u00e0 90 minutes pour que le THC fasse effet.  <\/p>\n<p>Con\u00e7u pour ceux qui comprennent leur tol\u00e9rance au THC &#8211; pas pour les d\u00e9butants.<\/p>\n","protected":false},"featured_media":17631,"comment_status":"open","ping_status":"closed","template":"","meta":{"_acf_changed":false},"product_brand":[],"product_cat":[219,231],"product_tag":[],"class_list":{"0":"post-19030","1":"product","2":"type-product","3":"status-publish","4":"has-post-thumbnail","6":"product_cat-comestibles","7":"product_cat-gummies-fr-ca","9":"first","10":"instock","11":"shipping-taxable","12":"purchasable","13":"product-type-simple"},"acf":[],"_links":{"self":[{"href":"https:\/\/420now.co\/fr-ca\/wp-json\/wp\/v2\/product\/19030","targetHints":{"allow":["GET"]}}],"collection":[{"href":"https:\/\/420now.co\/fr-ca\/wp-json\/wp\/v2\/product"}],"about":[{"href":"https:\/\/420now.co\/fr-ca\/wp-json\/wp\/v2\/types\/product"}],"replies":[{"embeddable":true,"href":"https:\/\/420now.co\/fr-ca\/wp-json\/wp\/v2\/comments?post=19030"}],"wp:featuredmedia":[{"embeddable":true,"href":"https:\/\/420now.co\/fr-ca\/wp-json\/wp\/v2\/media\/17631"}],"wp:attachment":[{"href":"https:\/\/420now.co\/fr-ca\/wp-json\/wp\/v2\/media?parent=19030"}],"wp:term":[{"taxonomy":"product_brand","embeddable":true,"href":"https:\/\/420now.co\/fr-ca\/wp-json\/wp\/v2\/product_brand?post=19030"},{"taxonomy":"product_cat","embeddable":true,"href":"https:\/\/420now.co\/fr-ca\/wp-json\/wp\/v2\/product_cat?post=19030"},{"taxonomy":"product_tag","embeddable":true,"href":"https:\/\/420now.co\/fr-ca\/wp-json\/wp\/v2\/product_tag?post=19030"}],"curies":[{"name":"wp","href":"https:\/\/api.w.org\/{rel}","templated":true}]}}