{"id":19034,"date":"2023-08-14T14:21:11","date_gmt":"2023-08-14T18:21:11","guid":{"rendered":"https:\/\/420now.co\/product\/champignons-penis-envy-1-oz\/"},"modified":"2025-08-11T14:52:09","modified_gmt":"2025-08-11T18:52:09","slug":"champignons-penis-envy-1-oz__trashed","status":"publish","type":"product","link":"https:\/\/420now.co\/fr-ca\/product\/champignons-penis-envy-1-oz__trashed\/","title":{"rendered":"Champignons Penis Envy 1 oz"},"content":{"rendered":"<p>On dit que cette vari\u00e9t\u00e9 est ultra puissante, parfois appel\u00e9e la plus puissante de tous les champignons magiques. Certaines personnes sp\u00e9culent que l\u2019augmentation de la puissance est due au fait que l\u2019EP est un \u00ab mutant \u00bb, mais la v\u00e9rit\u00e9 est simple. Penis envy est une vari\u00e9t\u00e9 qui pousse beaucoup plus lentement que les champignons cubensis normaux. Le r\u00e9sultat de la croissance plus lente est une fen\u00eatre de production de psilocybine plus longue, donc les champignons sont capables de contenir plus de psilocybine gramme pour gramme que les souches de champignons cubensis normales.   <\/p>\n","protected":false},"excerpt":{"rendered":"<p>On dit que cette vari\u00e9t\u00e9 est ultra puissante, parfois appel\u00e9e la plus puissante de tous les champignons magiques. Certaines personnes sp\u00e9culent que l\u2019augmentation de la puissance est due au fait que l\u2019EP est un \u00ab mutant \u00bb, mais la v\u00e9rit\u00e9 est simple. Penis envy est une vari\u00e9t\u00e9 qui pousse beaucoup plus lentement que les champignons cubensis normaux. Le r\u00e9sultat de la croissance plus lente est une fen\u00eatre de production de psilocybine plus longue, donc les champignons sont capables de contenir plus de psilocybine gramme pour gramme que les souches de champignons cubensis normales.   <\/p>\n","protected":false},"featured_media":16722,"comment_status":"open","ping_status":"closed","template":"","meta":{"_acf_changed":false},"product_brand":[],"product_cat":[236,237],"product_tag":[],"class_list":{"0":"post-19034","1":"product","2":"type-product","3":"status-publish","4":"has-post-thumbnail","6":"product_cat-champignons","7":"product_cat-champignons-secs","9":"first","10":"instock","11":"shipping-taxable","12":"purchasable","13":"product-type-simple"},"acf":[],"_links":{"self":[{"href":"https:\/\/420now.co\/fr-ca\/wp-json\/wp\/v2\/product\/19034","targetHints":{"allow":["GET"]}}],"collection":[{"href":"https:\/\/420now.co\/fr-ca\/wp-json\/wp\/v2\/product"}],"about":[{"href":"https:\/\/420now.co\/fr-ca\/wp-json\/wp\/v2\/types\/product"}],"replies":[{"embeddable":true,"href":"https:\/\/420now.co\/fr-ca\/wp-json\/wp\/v2\/comments?post=19034"}],"wp:featuredmedia":[{"embeddable":true,"href":"https:\/\/420now.co\/fr-ca\/wp-json\/wp\/v2\/media\/16722"}],"wp:attachment":[{"href":"https:\/\/420now.co\/fr-ca\/wp-json\/wp\/v2\/media?parent=19034"}],"wp:term":[{"taxonomy":"product_brand","embeddable":true,"href":"https:\/\/420now.co\/fr-ca\/wp-json\/wp\/v2\/product_brand?post=19034"},{"taxonomy":"product_cat","embeddable":true,"href":"https:\/\/420now.co\/fr-ca\/wp-json\/wp\/v2\/product_cat?post=19034"},{"taxonomy":"product_tag","embeddable":true,"href":"https:\/\/420now.co\/fr-ca\/wp-json\/wp\/v2\/product_tag?post=19034"}],"curies":[{"name":"wp","href":"https:\/\/api.w.org\/{rel}","templated":true}]}}