{"id":19037,"date":"2023-09-08T10:38:19","date_gmt":"2023-09-08T14:38:19","guid":{"rendered":"https:\/\/420now.co\/product\/kushkraft-sticky-bangers-infused-pre-roll-sativa\/"},"modified":"2026-03-11T20:34:16","modified_gmt":"2026-03-12T00:34:16","slug":"kushkraft-sticky-bangers-infused-pre-roll-sativa","status":"publish","type":"product","link":"https:\/\/420now.co\/fr-ca\/product\/kushkraft-sticky-bangers-infused-pre-roll-sativa\/","title":{"rendered":"KushKraft Sticky Bangers Infused Pre-Roll Sativa"},"content":{"rendered":"<p>1 x 0,5 g Sticky Banger Pre-Roll Fruit Enhanced et sp\u00e9cifique \u00e0 la vari\u00e9t\u00e9 par KushKraft Les Sticky Bangers de KushKraft sont des pr\u00e9-rolls infus\u00e9s infus\u00e9s qui sont un ajout fantastique \u00e0 votre collection de cannabis!<\/p>\n<p>Chaque pr\u00e9-roll sp\u00e9cifique \u00e0 la vari\u00e9t\u00e9 a \u00e9t\u00e9 infus\u00e9 avec des terp\u00e8nes de fruits sucr\u00e9s, puis peint sur le joint \u00e0 l\u2019aide de distillat de THC infus\u00e9 et roul\u00e9 dans du kief pour une exp\u00e9rience de fum\u00e9e sativa aromatiquement puissante et infus\u00e9e. Chaque b\u00e2ton a du punch et est parfait pour les sessions solo ou les coups rapides. <\/p>\n<h2>KushKraft Sticky Bangers Livraison gratuite GTA<\/h2>\n<p>Si vous \u00eates dans la r\u00e9gion du Grand Toronto (RGT), vous pouvez vous procurer KushKraft Sticky Bangers en 2 heures* \u00e0 votre porte! Commandez avant 20 h et l\u2019un de nos chauffeurs vous livrera le jour m\u00eame, 2 heures gratuitement, lorsque vous commandez un minimum de 100,00 $ de l\u2019un des produits sur notre site Web.<\/p>\n<p>*Livraison en deux heures \u00e0 Toronto (Scarborough, North York, Etobicoke, DownTown, York \u2013 toutes les r\u00e9gions \u00e0 l\u2019int\u00e9rieur des fronti\u00e8res de la ville de Toronto), Richmond Hill, King, Aurora, Newmarket, Woodbridge, Vaughan, Bradford et Markham.<\/p>\n<p>Nous exp\u00e9dions \u00e9galement partout au Canada et dans des r\u00e9gions \u00e9loign\u00e9es en dehors de notre zone de livraison gratuite habituelle.<\/p>\n","protected":false},"excerpt":{"rendered":"<p>1 x 0,5 g Sticky Banger Pre-Roll Fruit Enhanced et sp\u00e9cifique \u00e0 la vari\u00e9t\u00e9 par KushKraft Les Sticky Bangers de KushKraft sont des pr\u00e9-rolls infus\u00e9s infus\u00e9s qui sont un ajout fantastique \u00e0 votre collection de cannabis!<\/p>\n<p>Chaque pr\u00e9-roll sp\u00e9cifique \u00e0 la vari\u00e9t\u00e9 a \u00e9t\u00e9 infus\u00e9 avec des terp\u00e8nes de fruits sucr\u00e9s, puis peint sur le joint \u00e0 l\u2019aide de distillat de THC infus\u00e9 et roul\u00e9 dans du kief pour une exp\u00e9rience de fum\u00e9e sativa aromatiquement puissante et infus\u00e9e. Chaque b\u00e2ton a du punch et est parfait pour les sessions solo ou les coups rapides. <\/p>\n","protected":false},"featured_media":17647,"comment_status":"open","ping_status":"closed","template":"","meta":{"_acf_changed":false},"product_brand":[383],"product_cat":[253],"product_tag":[305],"class_list":{"0":"post-19037","1":"product","2":"type-product","3":"status-publish","4":"has-post-thumbnail","6":"product_brand-kushkraft","7":"product_cat-joints-preroules","8":"product_tag-kushkraft-fr-ca","10":"first","11":"instock","12":"shipping-taxable","13":"purchasable","14":"product-type-simple"},"acf":[],"_links":{"self":[{"href":"https:\/\/420now.co\/fr-ca\/wp-json\/wp\/v2\/product\/19037","targetHints":{"allow":["GET"]}}],"collection":[{"href":"https:\/\/420now.co\/fr-ca\/wp-json\/wp\/v2\/product"}],"about":[{"href":"https:\/\/420now.co\/fr-ca\/wp-json\/wp\/v2\/types\/product"}],"replies":[{"embeddable":true,"href":"https:\/\/420now.co\/fr-ca\/wp-json\/wp\/v2\/comments?post=19037"}],"wp:featuredmedia":[{"embeddable":true,"href":"https:\/\/420now.co\/fr-ca\/wp-json\/wp\/v2\/media\/17647"}],"wp:attachment":[{"href":"https:\/\/420now.co\/fr-ca\/wp-json\/wp\/v2\/media?parent=19037"}],"wp:term":[{"taxonomy":"product_brand","embeddable":true,"href":"https:\/\/420now.co\/fr-ca\/wp-json\/wp\/v2\/product_brand?post=19037"},{"taxonomy":"product_cat","embeddable":true,"href":"https:\/\/420now.co\/fr-ca\/wp-json\/wp\/v2\/product_cat?post=19037"},{"taxonomy":"product_tag","embeddable":true,"href":"https:\/\/420now.co\/fr-ca\/wp-json\/wp\/v2\/product_tag?post=19037"}],"curies":[{"name":"wp","href":"https:\/\/api.w.org\/{rel}","templated":true}]}}