{"id":19040,"date":"2023-08-14T13:02:15","date_gmt":"2023-08-14T17:02:15","guid":{"rendered":"https:\/\/420now.co\/product\/mastermind-variety-pack-gummy-hearts-3000mg\/"},"modified":"2026-02-08T15:44:37","modified_gmt":"2026-02-08T20:44:37","slug":"mastermind-variety-pack-gummy-hearts-3000mg","status":"publish","type":"product","link":"https:\/\/420now.co\/fr-ca\/product\/mastermind-variety-pack-gummy-hearts-3000mg\/","title":{"rendered":"Mastermind Variety Pack Gummy Hearts 3000mg"},"content":{"rendered":"<p>Les c\u0153urs gommeux Mastermind contiennent 3000 mg de notre m\u00e9lange premium de champignons Psilocybe Cubensis. Chaque paquet contient 1 : gommes \u00e0 saveur de raisin, de cerise, de lime et d\u2019orange! Le pack vari\u00e9t\u00e9 est id\u00e9al pour ceux qui aiment avoir le choix! Ces gommes sont agr\u00e9ables pour l\u2019estomac et les papilles gustatives! Les c\u0153urs gommeux sont parfaits pour les d\u00e9butants ou les excursions d\u2019une journ\u00e9e occasionnelles. Chaque sac est livr\u00e9 avec 4 c\u0153urs gommeux de 750 mg.     <\/p>\n","protected":false},"excerpt":{"rendered":"<p>Les c\u0153urs gommeux Mastermind contiennent 3000 mg de notre m\u00e9lange premium de champignons Psilocybe Cubensis. Chaque paquet contient 1 : gommes \u00e0 saveur de raisin, de cerise, de lime et d\u2019orange! Le pack vari\u00e9t\u00e9 est id\u00e9al pour ceux qui aiment avoir le choix! Ces gommes sont agr\u00e9ables pour l\u2019estomac et les papilles gustatives! Les c\u0153urs gommeux sont parfaits pour les d\u00e9butants ou les excursions d\u2019une journ\u00e9e occasionnelles. Chaque sac est livr\u00e9 avec 4 c\u0153urs gommeux de 750 mg.     <\/p>\n","protected":false},"featured_media":17635,"comment_status":"closed","ping_status":"closed","template":"","meta":{"_acf_changed":false},"product_brand":[369],"product_cat":[334],"product_tag":[],"class_list":{"0":"post-19040","1":"product","2":"type-product","3":"status-publish","4":"has-post-thumbnail","6":"product_brand-mastermind","7":"product_cat-gommes-aux-champignons","9":"first","10":"instock","11":"shipping-taxable","12":"purchasable","13":"product-type-simple"},"acf":[],"_links":{"self":[{"href":"https:\/\/420now.co\/fr-ca\/wp-json\/wp\/v2\/product\/19040","targetHints":{"allow":["GET"]}}],"collection":[{"href":"https:\/\/420now.co\/fr-ca\/wp-json\/wp\/v2\/product"}],"about":[{"href":"https:\/\/420now.co\/fr-ca\/wp-json\/wp\/v2\/types\/product"}],"replies":[{"embeddable":true,"href":"https:\/\/420now.co\/fr-ca\/wp-json\/wp\/v2\/comments?post=19040"}],"wp:featuredmedia":[{"embeddable":true,"href":"https:\/\/420now.co\/fr-ca\/wp-json\/wp\/v2\/media\/17635"}],"wp:attachment":[{"href":"https:\/\/420now.co\/fr-ca\/wp-json\/wp\/v2\/media?parent=19040"}],"wp:term":[{"taxonomy":"product_brand","embeddable":true,"href":"https:\/\/420now.co\/fr-ca\/wp-json\/wp\/v2\/product_brand?post=19040"},{"taxonomy":"product_cat","embeddable":true,"href":"https:\/\/420now.co\/fr-ca\/wp-json\/wp\/v2\/product_cat?post=19040"},{"taxonomy":"product_tag","embeddable":true,"href":"https:\/\/420now.co\/fr-ca\/wp-json\/wp\/v2\/product_tag?post=19040"}],"curies":[{"name":"wp","href":"https:\/\/api.w.org\/{rel}","templated":true}]}}