{"id":19041,"date":"2023-09-08T10:49:44","date_gmt":"2023-09-08T14:49:44","guid":{"rendered":"https:\/\/420now.co\/product\/kushkraft-petit-pre-rouleau-little-sticky\/"},"modified":"2026-03-11T20:33:58","modified_gmt":"2026-03-12T00:33:58","slug":"kushkraft-petit-pre-rouleau-little-sticky","status":"publish","type":"product","link":"https:\/\/420now.co\/fr-ca\/product\/kushkraft-petit-pre-rouleau-little-sticky\/","title":{"rendered":"KushKraft Petit pr\u00e9-rouleau Little Sticky"},"content":{"rendered":"<p>Chaque pr\u00e9-rouleau utilise des papiers \u00e0 rouler de qualit\u00e9 sup\u00e9rieure, qui comprennent \u00e9galement un papier de chanvre biologique de marque KushKraft et un embout filtrant, est 100% fabriqu\u00e9 \u00e0 la main et contient des bourgeons de cannabis de qualit\u00e9 test\u00e9s en laboratoire.<\/p>\n<p>Qu\u2019y a-t-il dans le m\u00e9tro :<\/p>\n<ul>\n<li>1 joint x 0,8 gramme de bourgeons de cannabis +\n<li>0,15g Huile de cannabis peinte.\n<\/ul>\n<h2>KushKraft Little Sticky Pre-Roll Livraison gratuite GTA<\/h2>\n<p>Si vous \u00eates dans la r\u00e9gion du Grand Toronto (RGT), vous pouvez vous procurer les pr\u00e9-rouleaux KushKraft Little Sticky en 2 heures* \u00e0 votre porte! Commandez avant 20 h et l\u2019un de nos chauffeurs vous livrera le jour m\u00eame, 2 heures gratuitement, lorsque vous commandez un minimum de 100,00 $ de l\u2019un des produits sur notre site Web.<\/p>\n<p>*Livraison en deux heures \u00e0 Toronto (Scarborough, North York, Etobicoke, DownTown, York \u2013 toutes les r\u00e9gions \u00e0 l\u2019int\u00e9rieur des fronti\u00e8res de la ville de Toronto), Richmond Hill, King, Aurora, Newmarket, Woodbridge, Vaughan, Bradford et Markham.<\/p>\n<p>Nous exp\u00e9dions \u00e9galement partout au Canada et dans des r\u00e9gions \u00e9loign\u00e9es en dehors de notre zone de livraison gratuite habituelle.<\/p>\n","protected":false},"excerpt":{"rendered":"<p>Le joint Sticky Prerolled 0.95G Fabriqu\u00e9 \u00e0 la main, les joints de pr\u00e9-roulement complets de bourgeons sont peints avec de l\u2019huile de haschisch pour une exp\u00e9rience de fumage durable et puissante. L\u2019huile de haschisch maintient le blunt pour que vous et vos amis puissiez profiter d\u2019une s\u00e9ance prolong\u00e9e. <\/p>\n<p>Chaque pr\u00e9-rouleau utilise des papiers \u00e0 rouler de qualit\u00e9 sup\u00e9rieure, qui comprennent \u00e9galement un papier de chanvre biologique de marque KushKraft et un embout filtrant, est 100% fabriqu\u00e9 \u00e0 la main et contient des bourgeons de cannabis de qualit\u00e9 test\u00e9s en laboratoire.<\/p>\n<p>Qu\u2019y a-t-il dans le m\u00e9tro :<\/p>\n<ul>\n<li>1 joint x 0,8 gramme de bourgeons de cannabis +\n<li>0,15g Huile de cannabis peinte.\n<\/ul>\n","protected":false},"featured_media":17650,"comment_status":"open","ping_status":"closed","template":"","meta":{"_acf_changed":false},"product_brand":[383],"product_cat":[253],"product_tag":[305],"class_list":{"0":"post-19041","1":"product","2":"type-product","3":"status-publish","4":"has-post-thumbnail","6":"product_brand-kushkraft","7":"product_cat-joints-preroules","8":"product_tag-kushkraft-fr-ca","10":"first","11":"instock","12":"shipping-taxable","13":"purchasable","14":"product-type-simple"},"acf":[],"_links":{"self":[{"href":"https:\/\/420now.co\/fr-ca\/wp-json\/wp\/v2\/product\/19041","targetHints":{"allow":["GET"]}}],"collection":[{"href":"https:\/\/420now.co\/fr-ca\/wp-json\/wp\/v2\/product"}],"about":[{"href":"https:\/\/420now.co\/fr-ca\/wp-json\/wp\/v2\/types\/product"}],"replies":[{"embeddable":true,"href":"https:\/\/420now.co\/fr-ca\/wp-json\/wp\/v2\/comments?post=19041"}],"wp:featuredmedia":[{"embeddable":true,"href":"https:\/\/420now.co\/fr-ca\/wp-json\/wp\/v2\/media\/17650"}],"wp:attachment":[{"href":"https:\/\/420now.co\/fr-ca\/wp-json\/wp\/v2\/media?parent=19041"}],"wp:term":[{"taxonomy":"product_brand","embeddable":true,"href":"https:\/\/420now.co\/fr-ca\/wp-json\/wp\/v2\/product_brand?post=19041"},{"taxonomy":"product_cat","embeddable":true,"href":"https:\/\/420now.co\/fr-ca\/wp-json\/wp\/v2\/product_cat?post=19041"},{"taxonomy":"product_tag","embeddable":true,"href":"https:\/\/420now.co\/fr-ca\/wp-json\/wp\/v2\/product_tag?post=19041"}],"curies":[{"name":"wp","href":"https:\/\/api.w.org\/{rel}","templated":true}]}}