{"id":19047,"date":"2023-09-08T10:58:16","date_gmt":"2023-09-08T14:58:16","guid":{"rendered":"https:\/\/420now.co\/product\/kushkraft-big-sticky-sativa-pre-roll-3-75g\/"},"modified":"2026-03-11T20:33:53","modified_gmt":"2026-03-12T00:33:53","slug":"kushkraft-big-sticky-sativa-pre-roll-3-75g","status":"publish","type":"product","link":"https:\/\/420now.co\/fr-ca\/product\/kushkraft-big-sticky-sativa-pre-roll-3-75g\/","title":{"rendered":"KushKraft Big Sticky Sativa Pre-Roll 3.75G"},"content":{"rendered":"<p>Ce canon de niveau ex\u00e9cutif contient 3,5 grammes de bourgeons sp\u00e9cifiques \u00e0 la vari\u00e9t\u00e9 et est peint avec de l\u2019huile de cannabis \u00e0 spectre complet. L\u2019huile aide \u00e0 garder le blunt br\u00fblant afin que vous et vos amis puissiez profiter d\u2019une s\u00e9ance prolong\u00e9e. <\/p>\n<p>Chaque pr\u00e9-rouleau utilise des papiers Raw, qui comprennent \u00e9galement un embout filtrant Raw, est fabriqu\u00e9 \u00e0 100% \u00e0 la main et contient des bourgeons de cannabis sp\u00e9cifiques \u00e0 une vari\u00e9t\u00e9 de qualit\u00e9 test\u00e9e en laboratoire.<\/p>\n<p>Sp\u00e9cifications du produit :<\/p>\n<ul>\n<li>1 joint x 3,5 grammes de bourgeons de cannabis +\n<li>Huile de cannabis.\n<\/ul>\n<h2>KushKraft Big Sticky Pre-Roll Livraison gratuite GTA<\/h2>\n<p>Si vous \u00eates dans la r\u00e9gion du Grand Toronto (RGT), vous pouvez vous procurer les gros pr\u00e9-rouleaux Big Sticky de KushKraft en 2 heures* \u00e0 votre porte! Commandez avant 20 h et l\u2019un de nos chauffeurs vous livrera le jour m\u00eame, 2 heures gratuitement, lorsque vous commandez un minimum de 100,00 $ de l\u2019un des produits sur notre site Web.<\/p>\n<p>*Livraison en deux heures \u00e0 Toronto (Scarborough, North York, Etobicoke, DownTown, York \u2013 toutes les r\u00e9gions \u00e0 l\u2019int\u00e9rieur des fronti\u00e8res de la ville de Toronto), Richmond Hill, King, Aurora, Newmarket, Woodbridge, Vaughan, Bradford et Markham.<\/p>\n<p>Nous exp\u00e9dions \u00e9galement partout au Canada et dans des r\u00e9gions \u00e9loign\u00e9es en dehors de notre zone de livraison gratuite habituelle.<\/p>\n","protected":false},"excerpt":{"rendered":"<p>Ce canon de niveau ex\u00e9cutif contient 3,5 grammes de bourgeons sp\u00e9cifiques \u00e0 la vari\u00e9t\u00e9 et est peint avec de l\u2019huile de cannabis \u00e0 spectre complet. L\u2019huile aide \u00e0 garder le blunt br\u00fblant afin que vous et vos amis puissiez profiter d\u2019une s\u00e9ance prolong\u00e9e. <\/p>\n<p>Chaque pr\u00e9-rouleau utilise des papiers Raw, qui comprennent \u00e9galement un embout filtrant Raw, est fabriqu\u00e9 \u00e0 100% \u00e0 la main et contient des bourgeons de cannabis sp\u00e9cifiques \u00e0 une vari\u00e9t\u00e9 de qualit\u00e9 test\u00e9e en laboratoire.<\/p>\n<p>Sp\u00e9cifications du produit :<\/p>\n<ul>\n<li>1 joint x 3,5 grammes de bourgeons de cannabis +\n<li>Huile de cannabis.\n<\/ul>\n","protected":false},"featured_media":17651,"comment_status":"open","ping_status":"closed","template":"","meta":{"_acf_changed":false},"product_brand":[383],"product_cat":[253],"product_tag":[305],"class_list":{"0":"post-19047","1":"product","2":"type-product","3":"status-publish","4":"has-post-thumbnail","6":"product_brand-kushkraft","7":"product_cat-joints-preroules","8":"product_tag-kushkraft-fr-ca","10":"first","11":"instock","12":"shipping-taxable","13":"purchasable","14":"product-type-simple"},"acf":[],"_links":{"self":[{"href":"https:\/\/420now.co\/fr-ca\/wp-json\/wp\/v2\/product\/19047","targetHints":{"allow":["GET"]}}],"collection":[{"href":"https:\/\/420now.co\/fr-ca\/wp-json\/wp\/v2\/product"}],"about":[{"href":"https:\/\/420now.co\/fr-ca\/wp-json\/wp\/v2\/types\/product"}],"replies":[{"embeddable":true,"href":"https:\/\/420now.co\/fr-ca\/wp-json\/wp\/v2\/comments?post=19047"}],"wp:featuredmedia":[{"embeddable":true,"href":"https:\/\/420now.co\/fr-ca\/wp-json\/wp\/v2\/media\/17651"}],"wp:attachment":[{"href":"https:\/\/420now.co\/fr-ca\/wp-json\/wp\/v2\/media?parent=19047"}],"wp:term":[{"taxonomy":"product_brand","embeddable":true,"href":"https:\/\/420now.co\/fr-ca\/wp-json\/wp\/v2\/product_brand?post=19047"},{"taxonomy":"product_cat","embeddable":true,"href":"https:\/\/420now.co\/fr-ca\/wp-json\/wp\/v2\/product_cat?post=19047"},{"taxonomy":"product_tag","embeddable":true,"href":"https:\/\/420now.co\/fr-ca\/wp-json\/wp\/v2\/product_tag?post=19047"}],"curies":[{"name":"wp","href":"https:\/\/api.w.org\/{rel}","templated":true}]}}