{"id":19054,"date":"2023-08-14T13:06:13","date_gmt":"2023-08-14T17:06:13","guid":{"rendered":"https:\/\/420now.co\/product\/carres-gommeux-mastermind\/"},"modified":"2026-02-08T15:39:02","modified_gmt":"2026-02-08T20:39:02","slug":"carres-gommeux-mastermind","status":"publish","type":"product","link":"https:\/\/420now.co\/fr-ca\/product\/carres-gommeux-mastermind\/","title":{"rendered":"Mastermind Gummy Squares"},"content":{"rendered":"<p>Les carr\u00e9s gommeux Mastermind contiennent 3000 mg de notre m\u00e9lange premium de champignons Psilocybe Cubensis. Chaque paquet contient 5 : Gummies \u00e0 saveur de framboise bleue, cerise et lime! Les carr\u00e9s gommeux sont aigres et de la taille d\u2019une bouch\u00e9e, ce qui les rend parfaits pour le microdosage, parfaits pour les d\u00e9butants ou les excursions d\u2019une journ\u00e9e.<br \/>\nChaque bo\u00eete contient 15 carr\u00e9s g\u00e9lifi\u00e9s de 200 mg  <\/p>\n","protected":false},"excerpt":{"rendered":"<p>Les carr\u00e9s gommeux Mastermind contiennent 3000 mg de notre m\u00e9lange premium de champignons Psilocybe Cubensis. Chaque paquet contient 5 : Gummies \u00e0 saveur de framboise bleue, cerise et lime! Les carr\u00e9s gommeux sont aigres et de la taille d\u2019une bouch\u00e9e, ce qui les rend parfaits pour le microdosage, parfaits pour les d\u00e9butants ou les excursions d\u2019une journ\u00e9e.<br \/>\nChaque bo\u00eete contient 15 carr\u00e9s g\u00e9lifi\u00e9s de 200 mg  <\/p>\n","protected":false},"featured_media":17636,"comment_status":"closed","ping_status":"closed","template":"","meta":{"_acf_changed":false},"product_brand":[],"product_cat":[334],"product_tag":[],"class_list":{"0":"post-19054","1":"product","2":"type-product","3":"status-publish","4":"has-post-thumbnail","6":"product_cat-gommes-aux-champignons","8":"first","9":"instock","10":"shipping-taxable","11":"purchasable","12":"product-type-simple"},"acf":[],"_links":{"self":[{"href":"https:\/\/420now.co\/fr-ca\/wp-json\/wp\/v2\/product\/19054","targetHints":{"allow":["GET"]}}],"collection":[{"href":"https:\/\/420now.co\/fr-ca\/wp-json\/wp\/v2\/product"}],"about":[{"href":"https:\/\/420now.co\/fr-ca\/wp-json\/wp\/v2\/types\/product"}],"replies":[{"embeddable":true,"href":"https:\/\/420now.co\/fr-ca\/wp-json\/wp\/v2\/comments?post=19054"}],"wp:featuredmedia":[{"embeddable":true,"href":"https:\/\/420now.co\/fr-ca\/wp-json\/wp\/v2\/media\/17636"}],"wp:attachment":[{"href":"https:\/\/420now.co\/fr-ca\/wp-json\/wp\/v2\/media?parent=19054"}],"wp:term":[{"taxonomy":"product_brand","embeddable":true,"href":"https:\/\/420now.co\/fr-ca\/wp-json\/wp\/v2\/product_brand?post=19054"},{"taxonomy":"product_cat","embeddable":true,"href":"https:\/\/420now.co\/fr-ca\/wp-json\/wp\/v2\/product_cat?post=19054"},{"taxonomy":"product_tag","embeddable":true,"href":"https:\/\/420now.co\/fr-ca\/wp-json\/wp\/v2\/product_tag?post=19054"}],"curies":[{"name":"wp","href":"https:\/\/api.w.org\/{rel}","templated":true}]}}