{"id":19058,"date":"2023-09-07T19:49:04","date_gmt":"2023-09-07T23:49:04","guid":{"rendered":"https:\/\/420now.co\/product\/kushkraft-spliffies-indica-03-g-x-paquet-de-10\/"},"modified":"2026-03-11T20:34:10","modified_gmt":"2026-03-12T00:34:10","slug":"kushkraft-spliffies-indica-03-g-x-paquet-de-10","status":"publish","type":"product","link":"https:\/\/420now.co\/fr-ca\/product\/kushkraft-spliffies-indica-03-g-x-paquet-de-10\/","title":{"rendered":"KushKraft Spliffies Indica 0,3 G x paquet de 10"},"content":{"rendered":"<p>Notre sac d\u2019essentiels pr\u00e9-roul\u00e9 est le compagnon parfait pour un spliffy en d\u00e9placement. Compos\u00e9e de 10 pr\u00e9-roul\u00e9s de 0,3g, c\u2019est la fa\u00e7on parfaite de profiter d\u2019une s\u00e9ance rapide quand vous \u00eates debout et toujours en mouvement.  <\/p>\n<p>Un pr\u00e9-roll est parfait pour ceux qui appr\u00e9cient leur herbe \u00e0 petites doses et avec la plus grande commodit\u00e9.<\/p>\n<p>Des vari\u00e9t\u00e9s de cannabis pr\u00e9f\u00e9r\u00e9es sp\u00e9cialement s\u00e9lectionn\u00e9es r\u00e9unies dans un emballage qui transportera votre esprit et votre corps dans une nouvelle dimension de d\u00e9tente.  <\/p>\n<p>Profitez des avantages de :<\/p>\n<ul>\n<li>Doux high\n<li>Soulagement de la douleur\n<li>Soulagement de l\u2019anxi\u00e9t\u00e9\n<\/ul>\n<p>Contenu de la bo\u00eete :<br \/>\n10 pr\u00e9-rouleaux de 0,3 gramme (Indica)<\/p>\n<h2>KushKraft Spliffies Livraison gratuite GTA<\/h2>\n<p>Si vous \u00eates dans la r\u00e9gion du Grand Toronto (RGT), vous pouvez vous procurer les KushKraft Spliffies Pre-Rolls en 2 heures* \u00e0 votre porte! Commandez avant 20 h et l\u2019un de nos chauffeurs vous livrera le jour m\u00eame, 2 heures gratuitement, lorsque vous commandez un minimum de 100,00 $ de l\u2019un des produits sur notre site Web.<\/p>\n<p>*Livraison en deux heures \u00e0 Toronto (Scarborough, North York, Etobicoke, DownTown, York \u2013 toutes les r\u00e9gions \u00e0 l\u2019int\u00e9rieur des fronti\u00e8res de la ville de Toronto), Richmond Hill, King, Aurora, Newmarket, Woodbridge, Vaughan, Bradford et Markham.<\/p>\n<p>Nous exp\u00e9dions \u00e9galement partout au Canada et dans des r\u00e9gions \u00e9loign\u00e9es en dehors de notre zone de livraison gratuite habituelle.<\/p>\n","protected":false},"excerpt":{"rendered":"<p>Notre sac d\u2019essentiels pr\u00e9-roul\u00e9 est le compagnon parfait pour un spliffy en d\u00e9placement. Compos\u00e9e de 10 pr\u00e9-roul\u00e9s de 0,3g, c\u2019est la fa\u00e7on parfaite de profiter d\u2019une s\u00e9ance rapide quand vous \u00eates debout et toujours en mouvement.  <\/p>\n<p>Un pr\u00e9-roll est parfait pour ceux qui appr\u00e9cient leur herbe \u00e0 petites doses et avec la plus grande commodit\u00e9.<\/p>\n<p>Des vari\u00e9t\u00e9s de cannabis pr\u00e9f\u00e9r\u00e9es sp\u00e9cialement s\u00e9lectionn\u00e9es r\u00e9unies dans un emballage qui transportera votre esprit et votre corps dans une nouvelle dimension de d\u00e9tente.  <\/p>\n<p>Profitez des avantages de :<\/p>\n<ul>\n<li>Doux high\n<li>Soulagement de la douleur\n<li>Soulagement de l\u2019anxi\u00e9t\u00e9\n<\/ul>\n<p>Contenu de la bo\u00eete :<br \/>\n10 pr\u00e9-rouleaux de 0,3 gramme (Indica)<\/p>\n","protected":false},"featured_media":17645,"comment_status":"open","ping_status":"closed","template":"","meta":{"_acf_changed":false},"product_brand":[383],"product_cat":[253],"product_tag":[305],"class_list":{"0":"post-19058","1":"product","2":"type-product","3":"status-publish","4":"has-post-thumbnail","6":"product_brand-kushkraft","7":"product_cat-joints-preroules","8":"product_tag-kushkraft-fr-ca","10":"first","11":"instock","12":"shipping-taxable","13":"purchasable","14":"product-type-simple"},"acf":[],"_links":{"self":[{"href":"https:\/\/420now.co\/fr-ca\/wp-json\/wp\/v2\/product\/19058","targetHints":{"allow":["GET"]}}],"collection":[{"href":"https:\/\/420now.co\/fr-ca\/wp-json\/wp\/v2\/product"}],"about":[{"href":"https:\/\/420now.co\/fr-ca\/wp-json\/wp\/v2\/types\/product"}],"replies":[{"embeddable":true,"href":"https:\/\/420now.co\/fr-ca\/wp-json\/wp\/v2\/comments?post=19058"}],"wp:featuredmedia":[{"embeddable":true,"href":"https:\/\/420now.co\/fr-ca\/wp-json\/wp\/v2\/media\/17645"}],"wp:attachment":[{"href":"https:\/\/420now.co\/fr-ca\/wp-json\/wp\/v2\/media?parent=19058"}],"wp:term":[{"taxonomy":"product_brand","embeddable":true,"href":"https:\/\/420now.co\/fr-ca\/wp-json\/wp\/v2\/product_brand?post=19058"},{"taxonomy":"product_cat","embeddable":true,"href":"https:\/\/420now.co\/fr-ca\/wp-json\/wp\/v2\/product_cat?post=19058"},{"taxonomy":"product_tag","embeddable":true,"href":"https:\/\/420now.co\/fr-ca\/wp-json\/wp\/v2\/product_tag?post=19058"}],"curies":[{"name":"wp","href":"https:\/\/api.w.org\/{rel}","templated":true}]}}