{"id":19060,"date":"2023-09-07T10:31:14","date_gmt":"2023-09-07T14:31:14","guid":{"rendered":"https:\/\/420now.co\/product\/batterie-ultraflo-shield-tension-variable\/"},"modified":"2026-02-08T12:58:33","modified_gmt":"2026-02-08T17:58:33","slug":"batterie-ultraflo-shield-tension-variable","status":"publish","type":"product","link":"https:\/\/420now.co\/fr-ca\/product\/batterie-ultraflo-shield-tension-variable\/","title":{"rendered":"UltraFlo Batterie Shield Tension variable"},"content":{"rendered":"<p>Itsuwa UltraFlo Shield Batterie Tension Variable 400mAh 510 Filetage Pour Cartouches De Vape.<\/p>\n<p>Batterie \u00e0 cartouche Ultraflow Shield<\/p>\n<p>L\u2019Itsuwa Ultraflo Shield Vape est une batterie \u00e0 cartouche d\u2019huile 510 de qualit\u00e9 sup\u00e9rieure qui est con\u00e7ue pour s\u2019adapter \u00e0 presque toutes les cartouches que vous d\u00e9cidez de lui jeter et s\u2019agencera parfaitement \u00e0 chacune d\u2019entre elles en utilisant un syst\u00e8me avanc\u00e9 de contr\u00f4le de sortie variable avec option de pr\u00e9chauffage pour les meilleurs r\u00e9sultats possibles.<\/p>\n<p>Il est con\u00e7u avec un filetage universel 510 et comprend deux adaptateurs magn\u00e9tiques uniques qui vous aideront \u00e0 connecter rapidement et en toute s\u00e9curit\u00e9 n\u2019importe quelle cartouche de type flux d\u2019air inf\u00e9rieur ou sup\u00e9rieur.<\/p>\n<p>Le port d\u2019atomiseur est con\u00e7u pour s\u2019adapter aux cartouches les plus hautes (ou les plus courtes) sur le march\u00e9 et il s\u2019adaptera \u00e0 certaines des plus larges que vous puissiez trouver, mesurant jusqu\u2019\u00e0 11,2 mm de diam\u00e8tre.<\/p>\n<p>L\u2019Ultraflow Shield Mod est dot\u00e9 d\u2019une batterie haut de gamme de 400 mAh avec des commandes de sortie polyvalentes qui vous aideront \u00e0 atteindre des performances optimales avec votre large collection d\u2019atomiseurs et de types d\u2019huile.<\/p>\n<p>Il utilise une large plage de tension avec quatre pr\u00e9r\u00e9glages optimis\u00e9s (2,6 V, 3,1 V, 3,6 V, Max) et un mode de pr\u00e9chauffage automatique innovant \u00e0 faible rendement qui peut \u00eatre utilis\u00e9 pour de meilleures performances avec des concentr\u00e9s plus \u00e9pais.<\/p>\n<p>Vous pouvez contr\u00f4ler l\u2019ensemble du vaporisateur Ultraflo Shield \u00e0 l\u2019aide d\u2019un seul bouton tout en regardant le panneau LED \u00e0 quatre lumi\u00e8res qui fournit toutes les informations importantes d\u2019un simple coup d\u2019\u0153il.<\/p>\n<p>Appuyez cinq fois sur le bouton d\u2019alimentation mont\u00e9 en haut pour allumer l\u2019appareil. Une fois qu\u2019il est r\u00e9veill\u00e9, vous pouvez cliquer sur le bouton 3 fois de plus pour s\u00e9lectionner votre niveau de tension pr\u00e9f\u00e9r\u00e9. <\/p>\n<p>Chaque lumi\u00e8re repr\u00e9sente un r\u00e9glage de tension diff\u00e9rent car vous pouvez augmenter la tension qu\u2019une autre lumi\u00e8re allumera pour montrer le changement. Continuez \u00e0 cliquer trois fois sur le bouton jusqu\u2019\u00e0 ce que vous ayez atteint votre r\u00e9glage id\u00e9al <\/p>\n<p>Une fois que vous avez d\u00e9termin\u00e9 votre niveau de puissance, vous pouvez appuyer sur le bouton pour chauffer votre cartouche jusqu\u2019\u00e0 10 secondes \u00e0 la fois ou double-cliquer sur le bouton pour activer le mode de pr\u00e9chauffage innovant avant votre premier cycle.<\/p>\n<p>Le vaporisateur Ultraflow Shield utilisera une faible puissance pour r\u00e9chauffer votre cartouche jusqu\u2019\u00e0 15 secondes \u00e0 la fois. Regardez l\u2019indicateur LED pour surveiller le cycle, le Shield vibrera lorsque le cycle sera termin\u00e9 et vous pourrez l\u2019annuler plus t\u00f4t en appuyant sur le bouton une fois de plus. <\/p>\n<p>Lorsque vous maintenez le bouton pour chauffer votre cartouche au r\u00e9glage de tension s\u00e9lectionn\u00e9, l\u2019indicateur LED bascule pour afficher la dur\u00e9e restante de la batterie. \u00c0 pleine charge, les quatre lumi\u00e8res sont allum\u00e9es et lorsque la batterie s\u2019\u00e9teint, les lumi\u00e8res s\u2019\u00e9teignent une par une successivement.<\/p>\n<p>Investissez dans le v\u00f4tre d\u00e8s aujourd\u2019hui dans votre choix de 2 couleurs, chacune avec une construction \u00e9l\u00e9gante en alliage d\u2019aluminium bross\u00e9 qui ne manquera pas de faire tourner quelques t\u00eates.<\/p>\n<p><strong>Caract\u00e9ristiques et sp\u00e9cifications<\/strong><\/p>\n<ul>\n<li>Batterie \u00e0 cartouche d\u2019huile 510 avec ajustement universel et vibration\n<li>Qualit\u00e9 authentique garantie de la marque Itsuwa Ultraflo\n<li>Taille mince et portable\n<li>Dimensions : 55 x 41,8 x 14,5 mm\n<li>Construction en alliage d\u2019aluminium \u00e9l\u00e9gante et durable\n<li>Filetage universel 510\n<li>Connexion magn\u00e9tique pratique \/ 2 types uniques inclus\n<li>Un adaptateur pour les chariots \u00e0 flux d\u2019air inf\u00e9rieur et un pour les chariots \u00e0 flux d\u2019air sup\u00e9rieur\n<li>Le port d\u2019atomiseur hautement compatible s\u2019adapte \u00e0 toutes les hauteurs et jusqu\u2019\u00e0 11,2 mm de diam\u00e8tre\n<li>Puissante batterie au lithium-ion de 400 mAh avec tension r\u00e9glable\n<li>4 r\u00e9glages pr\u00e9r\u00e9gl\u00e9s optimis\u00e9s pour une utilisation avec des huiles (2,6 V, 3,1 V, 3,6 V, max.)\n<li>Mode de pr\u00e9chauffage \u00e0 faible rendement pour des huiles plus \u00e9paisses avec une dur\u00e9e de 15 secondes\n<li>Fonctionnement facile \u00e0 utiliser et discret \u00e0 un bouton avec syst\u00e8me d\u2019indicateur LED\n<li>Appuyez cinq fois sur le bouton pour verrouiller\/d\u00e9verrouiller la batterie (le voyant clignote)\n<li>Appuyez trois fois sur le bouton pour r\u00e9gler le niveau de tension (le voyant suivant s\u2019allume)\n<li>Appuyez deux fois sur le bouton pour d\u00e9marrer le mode de pr\u00e9chauffage, appuyez \u00e0 nouveau pour annuler (le voyant clignote, vibre \u00e0 la fin du cycle)\n<li>Appuyez longuement sur le bouton et maintenez-le enfonc\u00e9 pour chauffer la cartouche jusqu\u2019\u00e0 10 secondes\n<li>L\u2019indicateur LED affiche la dur\u00e9e de vie de la batterie pendant le chauffage de la cartouche\n<li>Les quatre lumi\u00e8res allum\u00e9es @ Charge compl\u00e8te, chaque lumi\u00e8re s\u2019\u00e9teint lorsque la batterie s\u2019\u00e9puise\n<li>M\u00e9thode de chargement micro-USB conviviale\n<li>Protections contre les courts-circuits, les basses tensions et la surchauffe\n<\/ul>\n<h2>Livraison du bouclier Itsuwa UltraFlo dans la r\u00e9gion de Toronto<\/h2>\n<p>Si vous \u00eates dans la r\u00e9gion du Grand Toronto (RGT), vous pouvez vous procurer Itsuwa UltraFlo Shield en 2 heures* \u00e0 votre porte! Commandez en ligne avant 20h et l\u2019un de nos chauffeurs vous livrera le jour m\u00eame, 2 heures gratuitement, lorsque vous commandez un minimum de 100,00 $ de l\u2019un des produits sur notre site Web. <\/p>\n<p>*Livraison en deux heures \u00e0 Toronto (Scarborough, North York, Etobicoke, DownTown, York \u2013 toutes les r\u00e9gions \u00e0 l\u2019int\u00e9rieur des fronti\u00e8res de la ville de Toronto), Richmond Hill, King, Aurora, Newmarket, Woodbridge, Vaughan et Markham.<\/p>\n","protected":false},"excerpt":{"rendered":"<p>Itsuwa UltraFlo Shield Batterie Tension Variable 400mAh 510 Filetage Pour Cartouches De Vape.<\/p>\n<p>Batterie \u00e0 cartouche Ultraflow Shield<\/p>\n<p>L\u2019Itsuwa Ultraflo Shield Vape est une batterie \u00e0 cartouche d\u2019huile 510 de qualit\u00e9 sup\u00e9rieure qui est con\u00e7ue pour s\u2019adapter \u00e0 presque toutes les cartouches que vous d\u00e9cidez de lui jeter et s\u2019agencera parfaitement \u00e0 chacune d\u2019entre elles en utilisant un syst\u00e8me avanc\u00e9 de contr\u00f4le de sortie variable avec option de pr\u00e9chauffage pour les meilleurs r\u00e9sultats possibles.<\/p>\n<p>Il est con\u00e7u avec un filetage universel 510 et comprend deux adaptateurs magn\u00e9tiques uniques qui vous aideront \u00e0 connecter rapidement et en toute s\u00e9curit\u00e9 n\u2019importe quelle cartouche de type flux d\u2019air inf\u00e9rieur ou sup\u00e9rieur.<\/p>\n<p>Le port d\u2019atomiseur est con\u00e7u pour s\u2019adapter aux cartouches les plus hautes (ou les plus courtes) sur le march\u00e9 et il s\u2019adaptera \u00e0 certaines des plus larges que vous puissiez trouver, mesurant jusqu\u2019\u00e0 11,2 mm de diam\u00e8tre.<\/p>\n<p>L\u2019Ultraflow Shield Mod est dot\u00e9 d\u2019une batterie haut de gamme de 400 mAh avec des commandes de sortie polyvalentes qui vous aideront \u00e0 atteindre des performances optimales avec votre large collection d\u2019atomiseurs et de types d\u2019huile.<\/p>\n<p>Disponible en bleu et gris.<\/p>\n","protected":false},"featured_media":17643,"comment_status":"open","ping_status":"closed","template":"","meta":{"_acf_changed":false},"product_brand":[],"product_cat":[256,282],"product_tag":[],"class_list":{"0":"post-19060","1":"product","2":"type-product","3":"status-publish","4":"has-post-thumbnail","6":"product_cat-attirail","7":"product_cat-trousse-de-demarrage","9":"first","10":"instock","11":"shipping-taxable","12":"purchasable","13":"product-type-variable"},"acf":[],"_links":{"self":[{"href":"https:\/\/420now.co\/fr-ca\/wp-json\/wp\/v2\/product\/19060","targetHints":{"allow":["GET"]}}],"collection":[{"href":"https:\/\/420now.co\/fr-ca\/wp-json\/wp\/v2\/product"}],"about":[{"href":"https:\/\/420now.co\/fr-ca\/wp-json\/wp\/v2\/types\/product"}],"replies":[{"embeddable":true,"href":"https:\/\/420now.co\/fr-ca\/wp-json\/wp\/v2\/comments?post=19060"}],"wp:featuredmedia":[{"embeddable":true,"href":"https:\/\/420now.co\/fr-ca\/wp-json\/wp\/v2\/media\/17643"}],"wp:attachment":[{"href":"https:\/\/420now.co\/fr-ca\/wp-json\/wp\/v2\/media?parent=19060"}],"wp:term":[{"taxonomy":"product_brand","embeddable":true,"href":"https:\/\/420now.co\/fr-ca\/wp-json\/wp\/v2\/product_brand?post=19060"},{"taxonomy":"product_cat","embeddable":true,"href":"https:\/\/420now.co\/fr-ca\/wp-json\/wp\/v2\/product_cat?post=19060"},{"taxonomy":"product_tag","embeddable":true,"href":"https:\/\/420now.co\/fr-ca\/wp-json\/wp\/v2\/product_tag?post=19060"}],"curies":[{"name":"wp","href":"https:\/\/api.w.org\/{rel}","templated":true}]}}