{"id":19073,"date":"2021-10-21T06:45:14","date_gmt":"2021-10-21T10:45:14","guid":{"rendered":"https:\/\/420now.co\/product\/champignons-cubensis-damazonie\/"},"modified":"2026-02-08T15:09:19","modified_gmt":"2026-02-08T20:09:19","slug":"champignons-cubensis-damazonie","status":"publish","type":"product","link":"https:\/\/420now.co\/fr-ca\/product\/champignons-cubensis-damazonie\/","title":{"rendered":"Champignons cubensis d\u2019Amazonie"},"content":{"rendered":"<p>Comme son nom l\u2019indique, ce champignon est originaire de la jungle de la r\u00e9gion amazonienne en Am\u00e9rique du Sud et a \u00e9t\u00e9 d\u00e9couvert ou d\u00e9crit pour la premi\u00e8re fois vers 1906. D\u2019autres recherches historiques indiquent que les anciens chamans du Br\u00e9sil utilisaient couramment ce champignon pour susciter des exp\u00e9riences spirituelles, des visions et des interpr\u00e9tations de la r\u00e9alit\u00e9 qui les entoure. <\/p>\n<p>Consid\u00e9r\u00e9e comme une vari\u00e9t\u00e9 puissante, c\u2019est \u00e9galement l\u2019un des parents g\u00e9n\u00e9tiques du <a href=\"https:\/\/420now.co\/fr-ca\/product\/champignons-albinos-a\/\">champignon albinos<\/a>.<\/p>\n<p>Consid\u00e9r\u00e9 comme un bon champignon pour les amis proches qui sont ensemble et recherchent un voyage visuel intense. \u00c0 plus petites doses, il est bon pour les f\u00eates &#8211; il peut favoriser la danse et la socialisation \u00e0 plus petites doses. <\/p>\n<p>Les d\u00e9butants devraient commencer avec de petites doses pour commencer.<\/p>\n<h2>Description du champignon magique d\u2019Amazonie<\/h2>\n<p>Scientifiquement, le champignon amazonien est connu sous le nom de <em>Psilocybe Cubensis<\/em> et est parfois appel\u00e9 <em>seulement cubensis<\/em> ou <em>PESA<\/em> (Pacific Exotica Spora Amazonia).<\/p>\n<p>Avant d\u2019\u00eatre s\u00e9ch\u00e9s, ces champignons peuvent devenir assez gros et costauds, atteignant parfois m\u00eame 12 pouces de hauteur, mais la plupart du temps environ 6 pouces en moyenne. Lorsqu\u2019ils commencent \u00e0 pousser, leur chapeau est rouge fonc\u00e9, mais \u00e0 mesure qu\u2019ils grandissent et m\u00fbrissent, le rouge ne reste qu\u2019une tache sur le chapeau. <\/p>\n<h2>Effets des champignons amazoniens<\/h2>\n<p>Ce champignon offre des voyages visuels intenses lorsqu\u2019il est pris \u00e0 des doses plus fortes. On sait que dans la jungle amazonienne, ils \u00e9taient utilis\u00e9s par les autochtones \u00e0 des fins r\u00e9cr\u00e9atives et plus profond\u00e9ment spirituelles. C\u2019est un favori de ceux qui d\u00e9sirent un d\u00e9veloppement spirituel, mais il est \u00e9galement connu pour aider au d\u00e9veloppement mental avec ses effets hallucinatifs visuels et auditifs.  <\/p>\n<h2>Bienfaits et traitements des champignons d\u2019Amazonie<\/h2>\n<p>Les effets peuvent changer selon la dose &#8211; des doses plus petites (microdoses jusqu\u2019\u00e0 1\/4 de gramme) suffisent souvent \u00e0 aider de nombreuses personnes \u00e0 surmonter la d\u00e9pression, \u00e0 soulager les sympt\u00f4mes d\u2019anxi\u00e9t\u00e9, de TDA\/TDAH et de TSPT, et peuvent augmenter la motivation et la concentration.<\/p>\n<h3>Micro dosage de champignons d\u2019Amazonie<\/h3>\n<p>Ceux qui comprennent les bienfaits de la m\u00e9ditation mais qui ont du mal \u00e0 entrer dans un \u00e9tat m\u00e9ditatif rechercheront des microdoses de champignons d\u2019Amazonie pour les aider \u00e0 entrer dans l\u2019\u00e9tat m\u00e9ditatif avec moins de perturbations de la pens\u00e9e.<\/p>\n<h3>Dosage mini \u00e0 mod\u00e9r\u00e9<\/h3>\n<p>Des doses sup\u00e9rieures \u00e0 1\/4 de gramme et jusqu\u2019\u00e0 environ 1 gramme peuvent avoir les m\u00eames avantages, mais un effet corporel peut \u00e9galement \u00eatre ressenti \u00e0 des degr\u00e9s divers selon la quantit\u00e9 consomm\u00e9e. \u00c0 cette dose, vous trouverez peut-\u00eatre des choses que vous n\u2019aimez pas normalement tr\u00e8s int\u00e9ressantes et fascinantes. Des choses, des id\u00e9es, des \u00e9v\u00e9nements et des \u00e9v\u00e9nements que vous ne trouvez pas humoristiques normalement peuvent devenir tr\u00e8s dr\u00f4les pour vous!  <\/p>\n<p>Certains athl\u00e8tes ont m\u00eame signal\u00e9 une augmentation des capacit\u00e9s athl\u00e9tiques \u00e0 petites doses.<\/p>\n<h3>Dose mod\u00e9r\u00e9e \u00e0 \u00e9lev\u00e9e<\/h3>\n<p>Lorsque 2 \u00e0 3 grammes sont consomm\u00e9s, on peut s\u2019attendre \u00e0 une augmentation des effets et on peut commencer \u00e0 avoir des sensations et des id\u00e9es d\u2019euphorie en plus des intuitions introspectives ou philosophiques.<br \/>\n\u00c0 des doses plus \u00e9lev\u00e9es, on peut entrer dans un \u00e9tat plus psych\u00e9d\u00e9lique, mais avec des id\u00e9es plus profondes \u00e0 la fois introspectives et philosophiques &#8211; avec l\u2019arriv\u00e9e des exp\u00e9riences spirituelles. Il peut y avoir un sentiment d\u2019\u00e9merveillement, d\u2019\u00e9merveillement et\/ou des \u00e9tats de mysticisme. Ceux-ci peuvent \u00eatre combin\u00e9s \u00e0 un high corporel tr\u00e8s fort.  <\/p>\n<p><strong>Il n\u2019est pas recommand\u00e9 de d\u00e9passer 3 grammes \u00e0 la fois.<\/strong>  Il est pr\u00e9f\u00e9rable de commencer avec 0,5 gramme.<\/p>\n<h2>Livraison sans champignons amazoniens en 2 heures &#8211; R\u00e9gion du Grand Toronto<\/h2>\n<p>Si vous \u00eates dans la r\u00e9gion du Grand Toronto (RGT), vous pouvez vous procurer des champignons d\u2019Amazonie en 2 heures* \u00e0 votre porte! Commandez avant 20 h et l\u2019un de nos chauffeurs vous livrera le jour m\u00eame, 2 heures gratuitement, lorsque vous commandez un minimum de 100,00 $ de l\u2019un des produits sur notre site Web.<\/p>\n<p>*Livraison en deux heures \u00e0 Toronto (Scarborough, North York, Etobicoke, DownTown, York &#8211; toutes les r\u00e9gions \u00e0 l\u2019int\u00e9rieur des fronti\u00e8res de la ville de Toronto), Richmond Hill, King, Aurora, Newmarket, Woodbridge, Vaughan et Markham.<\/p>\n<p>Si vous \u00eates dans la r\u00e9gion du Grand Toronto (RGT), vous pouvez vous procurer des champignons d\u2019Amazonie en 2 heures* \u00e0 votre porte! Commandez avant 20 h et l\u2019un de nos chauffeurs vous livrera le jour m\u00eame, 2 heures gratuitement, lorsque vous commandez un minimum de 100,00 $ de l\u2019un des produits sur notre site Web.<\/p>\n<p>*Livraison en deux heures \u00e0 Toronto (Scarborough, North York, Etobicoke, DownTown, York \u2013 toutes les r\u00e9gions \u00e0 l\u2019int\u00e9rieur des fronti\u00e8res de la ville de Toronto), Richmond Hill, King, Aurora, Newmarket, Woodbridge, Vaughan et Markham.<\/p>\n<p>Pour les r\u00e9gions p\u00e9riph\u00e9riques telles que Brampton, Caledon, Mississauga, Pickering, Ajax, Whitby, Oshawa, Clarington, Scugog, Uxbridge, East Gwillimbury, Georgina et Brock, veuillez appeler \u00e0 l\u2019avance avant de passer votre commande afin que nous puissions v\u00e9rifier la disponibilit\u00e9 de notre chauffeur-livreur dans votre r\u00e9gion ce jour-l\u00e0.<\/p>\n<p>Si nous ne sommes pas disponibles pour livrer, nous pouvons prendre des dispositions pour d\u2019autres m\u00e9thodes d\u2019exp\u00e9dition rapides, y compris dans toutes les autres r\u00e9gions du Canada.<\/p>\n","protected":false},"excerpt":{"rendered":"<p>Comme son nom l\u2019indique, ce champignon est originaire de la jungle de la r\u00e9gion amazonienne en Am\u00e9rique du Sud et a \u00e9t\u00e9 d\u00e9couvert ou d\u00e9crit pour la premi\u00e8re fois vers 1906. D\u2019autres recherches historiques indiquent que les anciens chamans du Br\u00e9sil utilisaient couramment ce champignon pour susciter des exp\u00e9riences spirituelles, des visions et des interpr\u00e9tations de la r\u00e9alit\u00e9 qui les entoure. <\/p>\n<p>Consid\u00e9r\u00e9e comme une vari\u00e9t\u00e9 puissante, c\u2019est \u00e9galement l\u2019un des parents g\u00e9n\u00e9tiques du <a href=\"https:\/\/420now.co\/fr-ca\/product\/champignons-albinos-a\/\">champignon albinos<\/a>.<\/p>\n<p>Consid\u00e9r\u00e9 comme un bon champignon pour les amis proches qui sont ensemble et recherchent un voyage visuel intense. \u00c0 plus petites doses, il est bon pour les f\u00eates &#8211; il peut favoriser la danse et la socialisation \u00e0 plus petites doses. <\/p>\n<p>Les d\u00e9butants devraient commencer avec de petites doses pour commencer.<\/p>\n","protected":false},"featured_media":16928,"comment_status":"closed","ping_status":"closed","template":"","meta":{"_acf_changed":false},"product_brand":[],"product_cat":[237],"product_tag":[],"class_list":{"0":"post-19073","1":"product","2":"type-product","3":"status-publish","4":"has-post-thumbnail","6":"product_cat-champignons-secs","8":"first","9":"instock","10":"shipping-taxable","11":"purchasable","12":"product-type-variable"},"acf":[],"_links":{"self":[{"href":"https:\/\/420now.co\/fr-ca\/wp-json\/wp\/v2\/product\/19073","targetHints":{"allow":["GET"]}}],"collection":[{"href":"https:\/\/420now.co\/fr-ca\/wp-json\/wp\/v2\/product"}],"about":[{"href":"https:\/\/420now.co\/fr-ca\/wp-json\/wp\/v2\/types\/product"}],"replies":[{"embeddable":true,"href":"https:\/\/420now.co\/fr-ca\/wp-json\/wp\/v2\/comments?post=19073"}],"wp:featuredmedia":[{"embeddable":true,"href":"https:\/\/420now.co\/fr-ca\/wp-json\/wp\/v2\/media\/16928"}],"wp:attachment":[{"href":"https:\/\/420now.co\/fr-ca\/wp-json\/wp\/v2\/media?parent=19073"}],"wp:term":[{"taxonomy":"product_brand","embeddable":true,"href":"https:\/\/420now.co\/fr-ca\/wp-json\/wp\/v2\/product_brand?post=19073"},{"taxonomy":"product_cat","embeddable":true,"href":"https:\/\/420now.co\/fr-ca\/wp-json\/wp\/v2\/product_cat?post=19073"},{"taxonomy":"product_tag","embeddable":true,"href":"https:\/\/420now.co\/fr-ca\/wp-json\/wp\/v2\/product_tag?post=19073"}],"curies":[{"name":"wp","href":"https:\/\/api.w.org\/{rel}","templated":true}]}}