{"id":19074,"date":"2020-04-26T18:33:02","date_gmt":"2020-04-26T22:33:02","guid":{"rendered":"https:\/\/420now.co\/product\/barre-toffee-indica-250mg\/"},"modified":"2026-04-02T19:39:22","modified_gmt":"2026-04-02T23:39:22","slug":"barre-toffee-indica-250mg","status":"publish","type":"product","link":"https:\/\/420now.co\/fr-ca\/product\/barre-toffee-indica-250mg\/","title":{"rendered":"Shatter Bars Toffee Crunch Indica 250 mg"},"content":{"rendered":"<p>Voir All <a href=\"https:\/\/420now.co\/fr-ca\/barres-de-brisage-euphoria-extractions-420now-livraison-de-weed\/\">Shatter Bars par Euphoria Extractions<\/a>.<\/p>\n","protected":false},"excerpt":{"rendered":"<p>Euphoria Extractions Toffee Crunch Shatterbars est la solution parfaite pour vos besoins alimentaires. Avec 24 carr\u00e9s de chocolat belge de la plus haute qualit\u00e9, ces barres sont faciles \u00e0 g\u00e9rer et contiennent un satisfaisant 250 mg d\u2019extrait \u00e0 spectre complet test\u00e9 en laboratoire provenant du meilleur cannabis disponible. Les barres Euphoria Shatterbars garantissent une satisfaction totale.  <\/p>\n","protected":false},"featured_media":16976,"comment_status":"open","ping_status":"closed","template":"","meta":{"_acf_changed":false},"product_brand":[],"product_cat":[226],"product_tag":[302,313],"class_list":{"0":"post-19074","1":"product","2":"type-product","3":"status-publish","4":"has-post-thumbnail","6":"product_cat-chocolats","7":"product_tag-indica-fr-ca","8":"product_tag-shatter-bars-fr-ca","10":"first","11":"instock","12":"shipping-taxable","13":"purchasable","14":"product-type-simple"},"acf":[],"_links":{"self":[{"href":"https:\/\/420now.co\/fr-ca\/wp-json\/wp\/v2\/product\/19074","targetHints":{"allow":["GET"]}}],"collection":[{"href":"https:\/\/420now.co\/fr-ca\/wp-json\/wp\/v2\/product"}],"about":[{"href":"https:\/\/420now.co\/fr-ca\/wp-json\/wp\/v2\/types\/product"}],"replies":[{"embeddable":true,"href":"https:\/\/420now.co\/fr-ca\/wp-json\/wp\/v2\/comments?post=19074"}],"wp:featuredmedia":[{"embeddable":true,"href":"https:\/\/420now.co\/fr-ca\/wp-json\/wp\/v2\/media\/16976"}],"wp:attachment":[{"href":"https:\/\/420now.co\/fr-ca\/wp-json\/wp\/v2\/media?parent=19074"}],"wp:term":[{"taxonomy":"product_brand","embeddable":true,"href":"https:\/\/420now.co\/fr-ca\/wp-json\/wp\/v2\/product_brand?post=19074"},{"taxonomy":"product_cat","embeddable":true,"href":"https:\/\/420now.co\/fr-ca\/wp-json\/wp\/v2\/product_cat?post=19074"},{"taxonomy":"product_tag","embeddable":true,"href":"https:\/\/420now.co\/fr-ca\/wp-json\/wp\/v2\/product_tag?post=19074"}],"curies":[{"name":"wp","href":"https:\/\/api.w.org\/{rel}","templated":true}]}}