{"id":19075,"date":"2021-11-07T09:06:07","date_gmt":"2021-11-07T14:06:07","guid":{"rendered":"https:\/\/420now.co\/product\/barre-shatter-vegan-chocolat-noir-1200mg-indica\/"},"modified":"2026-04-02T19:44:27","modified_gmt":"2026-04-02T23:44:27","slug":"barre-shatter-vegan-chocolat-noir-1200mg-indica","status":"publish","type":"product","link":"https:\/\/420now.co\/fr-ca\/product\/barre-shatter-vegan-chocolat-noir-1200mg-indica\/","title":{"rendered":"Shatter Bars Chocolat noir v\u00e9gane 1200 mg Indica"},"content":{"rendered":"<p>Voir toutes les <a href=\"https:\/\/420now.co\/fr-ca\/barres-de-brisage-euphoria-extractions-420now-livraison-de-weed\/\">barres \u00e0 \u00e9clats d\u2019Euphoria Extractions<\/a>.  <\/p>\n","protected":false},"excerpt":{"rendered":"<p>Les barres de chocolat noir Euphoria Extractions sont la solution parfaite pour vos besoins comestibles, surtout si vous avez choisi un mode de vie v\u00e9g\u00e9talien. Avec 24 carr\u00e9s, ces barres sont faciles \u00e0 g\u00e9rer et contiennent 1200 mg d\u2019extrait \u00e0 spectre complet test\u00e9 en laboratoire provenant du meilleur cannabis disponible. Les barres de protection Euphoria sont garanties pour une satisfaction totale.  <\/p>\n<p>Chaque carr\u00e9 de ces barres de chocolat au lait de 1200 mg contient 50 mg de THC.  <\/p>\n","protected":false},"featured_media":16949,"comment_status":"open","ping_status":"closed","template":"","meta":{"_acf_changed":false},"product_brand":[],"product_cat":[226],"product_tag":[302,313],"class_list":{"0":"post-19075","1":"product","2":"type-product","3":"status-publish","4":"has-post-thumbnail","6":"product_cat-chocolats","7":"product_tag-indica-fr-ca","8":"product_tag-shatter-bars-fr-ca","10":"first","11":"instock","12":"shipping-taxable","13":"purchasable","14":"product-type-simple"},"acf":[],"_links":{"self":[{"href":"https:\/\/420now.co\/fr-ca\/wp-json\/wp\/v2\/product\/19075","targetHints":{"allow":["GET"]}}],"collection":[{"href":"https:\/\/420now.co\/fr-ca\/wp-json\/wp\/v2\/product"}],"about":[{"href":"https:\/\/420now.co\/fr-ca\/wp-json\/wp\/v2\/types\/product"}],"replies":[{"embeddable":true,"href":"https:\/\/420now.co\/fr-ca\/wp-json\/wp\/v2\/comments?post=19075"}],"wp:featuredmedia":[{"embeddable":true,"href":"https:\/\/420now.co\/fr-ca\/wp-json\/wp\/v2\/media\/16949"}],"wp:attachment":[{"href":"https:\/\/420now.co\/fr-ca\/wp-json\/wp\/v2\/media?parent=19075"}],"wp:term":[{"taxonomy":"product_brand","embeddable":true,"href":"https:\/\/420now.co\/fr-ca\/wp-json\/wp\/v2\/product_brand?post=19075"},{"taxonomy":"product_cat","embeddable":true,"href":"https:\/\/420now.co\/fr-ca\/wp-json\/wp\/v2\/product_cat?post=19075"},{"taxonomy":"product_tag","embeddable":true,"href":"https:\/\/420now.co\/fr-ca\/wp-json\/wp\/v2\/product_tag?post=19075"}],"curies":[{"name":"wp","href":"https:\/\/api.w.org\/{rel}","templated":true}]}}