{"id":19080,"date":"2021-10-10T16:41:23","date_gmt":"2021-10-10T20:41:23","guid":{"rendered":"https:\/\/420now.co\/product\/bubba-kush\/"},"modified":"2026-03-12T19:22:06","modified_gmt":"2026-03-12T23:22:06","slug":"bubba-kush","status":"publish","type":"product","link":"https:\/\/420now.co\/fr-ca\/product\/bubba-kush\/","title":{"rendered":"Bubba Kush"},"content":{"rendered":"<p>Si vous achetez de l\u2019herbe principalement pour le go\u00fbt et que vous recherchez des nuances fruit\u00e9es, ce n\u2019est pas pour vous. Par contre, si vous \u00eates int\u00e9ress\u00e9 par les notes uniques de chocolat et de caf\u00e9, Bubba Kush vous plaira certainement. <\/p>\n<p>Mais vous ne vous concentrez probablement pas uniquement sur le go\u00fbt de votre fum\u00e9e (bien que cela puisse vous int\u00e9resser). Au lieu de cela, vous voudrez savoir que Bubba Kush est l\u2019un des hybrides classiques de tous les temps, avec un fort c\u00f4t\u00e9 Indica dominant. Il semble qu\u2019elle existe depuis des lustres &#8211; la meilleure herbe que vous avez fum\u00e9e au lyc\u00e9e, mais que vous ne connaissiez pas grand-chose aux diff\u00e9rentes vari\u00e9t\u00e9s, \u00e9tait probablement la Bubba Kush.  <\/p>\n<p>Il vous procurera un high s\u00e9datif qui frappe \u00e0 la fois le corps et l\u2019esprit dans une profonde vague de relaxation. Vous ne vous soucierez pas vraiment de savoir s\u2019il y a vraiment un gars nomm\u00e9 Bubba qui a cr\u00e9\u00e9 cette vari\u00e9t\u00e9, \u00e0 l\u2019origine disponible uniquement en tant que clone. <\/p>\n<p>Indica Hybride dominant<\/p>\n<h2>Bubba Kush Description des mauvaises herbes<\/h2>\n<p>Cette vari\u00e9t\u00e9 existe depuis presque toujours &#8211; semble-t-il. En v\u00e9rit\u00e9, il s\u2019agit tr\u00e8s probablement d\u2019un descendant de certaines des Kush originales qui ont frapp\u00e9 l\u2019Am\u00e9rique du Nord au d\u00e9but des ann\u00e9es 1970. Dans les ann\u00e9es 1990, il y avait une vari\u00e9t\u00e9 que beaucoup de gens appelaient simplement \u00ab la vari\u00e9t\u00e9 THC Strain  <\/p>\n<p>De nombreuses l\u00e9gendes abondent sur la cr\u00e9ation de Bubba Kush. Certains pr\u00e9tendent qu\u2019un gars nomm\u00e9 Bubba s\u2019amusait avec de l\u2019Hindu Kush dans le Kentucky et a commenc\u00e9 \u00e0 exp\u00e9rimenter des vari\u00e9t\u00e9s ultra humides inconnues jusqu\u2019\u00e0 ce qu\u2019il cr\u00e9e finalement Bubba. D\u2019autres disent qu\u2019elle a \u00e9t\u00e9 d\u00e9velopp\u00e9e en Californie apr\u00e8s qu\u2019un cultivateur ait ramen\u00e9 de la Northern Light d\u2019un voyage fantastique \u00e0 la Nouvelle-Orl\u00e9ans pendant le Mardi Gras, et l\u2019a crois\u00e9e avec une OG Kush, et l\u2019a nomm\u00e9e \u00ab Bubba \u00bb en raison de son \u00e9paisseur et de sa force.  <\/p>\n<p>\u00c0 l\u2019origine, elle ne pouvait \u00eatre clon\u00e9e, mais maintenant, Bubba Kush peut \u00eatre cultiv\u00e9e \u00e0 partir de graines et elle produit des bourgeons de taille moyenne; Les feuilles sont g\u00e9n\u00e9ralement vertes \u00e0 violet p\u00e2le, et les trichomes blancs recouvrent les feuilles.<\/p>\n<h2>Bubba Kush Effets<\/h2>\n<p>G\u00e9n\u00e9ralement riche en THC (moyenne de 19+%), les principaux effets de cette vari\u00e9t\u00e9 \u00e0 dominante Indica incluent un sentiment de relaxation profonde et confortable. Le blocage du canap\u00e9 pourrait \u00eatre une possibilit\u00e9 &#8211; il n\u2019est donc g\u00e9n\u00e9ralement pas recommand\u00e9 comme fum\u00e9e de jour. Vous ressentirez probablement une am\u00e9lioration de l\u2019humeur, tout en vous plongeant dans une relaxation corporelle, mais peut-\u00eatre avec un peu de brouillard c\u00e9r\u00e9bral plus tard.  <\/p>\n<p>Le terp\u00e8ne le plus dominant de Bubba Kush &#8211; le caryophyll\u00e8ne &#8211; est celui qui est connu pour avoir un effet sur le syst\u00e8me endocannabino\u00efde humain qui r\u00e9gule l\u2019humeur.<\/p>\n<p>Les novices voudront peut-\u00eatre y aller doucement au d\u00e9but; de fortes doses de Bubba Kush sont connues pour causer une certaine parano\u00efa qui peut \u00eatre inconfortable. Mais ne laissez pas cela vous emp\u00eacher d\u2019essayer &#8211; prenez simplement votre rythme! <\/p>\n<p>C\u2019est souvent l\u2019herbe qui est choisie lorsqu\u2019une soir\u00e9e avec un partenaire intime est planifi\u00e9e &#8211; invoquant \u00e0 la fois la cr\u00e9ativit\u00e9 et un sentiment de relaxation dans l\u2019esprit qui ouvre les partenaires intimes \u00e0 ressentir plus de plaisir et peut-\u00eatre \u00e0 r\u00e9duire les niveaux d\u2019inhibition nerveuse.<\/p>\n<h2>Bienfaits et traitements &#8211; Bubba Kush<\/h2>\n<p>Bien que d\u2019autres vari\u00e9t\u00e9s viennent souvent \u00e0 l\u2019esprit avant la Bubba Kush dans la communaut\u00e9 m\u00e9dicale du cannabis (bien que cela d\u00e9pende des connaissances et de l\u2019exp\u00e9rience de votre m\u00e9decin), les effets puissants de cette vari\u00e9t\u00e9 peuvent avoir de nombreux avantages dans le traitement d\u2019une vari\u00e9t\u00e9 de conditions physiques et mentales (pouvons-nous m\u00eame sugg\u00e9rer, spirituelles?) :<\/p>\n<ul>\n<li>Stress<\/li>\n<li>Perte d\u2019app\u00e9tit<\/li>\n<li>D\u00e9pression<\/li>\n<li>Insomnie<\/li>\n<li>Douleur chronique<\/li>\n<li>Stress et inhibitions sexuelles<\/li>\n<\/ul>\n<p><em>REMARQUE : Les informations sur ce site sont fournies \u00e0 des fins \u00e9ducatives seulement et ne remplacent pas un avis m\u00e9dical professionnel. Consultez un professionnel de la sant\u00e9 avant utilisation.  Pour les adultes \u00e2g\u00e9s de 19 ans ou plus seulement.<\/em><\/p>\n<p>Les effets n\u00e9gatifs peuvent inclure la s\u00e9cheresse des yeux et de la bouche &#8211; beaucoup d\u2019eau pour l\u2019hydratation est recommand\u00e9e &#8211; encore plus si vous fumez et buvez de l\u2019alcool en m\u00eame temps.<\/p>\n<p>Mieux adapt\u00e9 \u00e0 une utilisation nocturne, ou lorsque vous voulez \u00eatre paresseux (ou bien s\u00fbr, sexuellement ou d\u2019autres mani\u00e8res cr\u00e9atives) pendant la journ\u00e9e.<\/p>\n<h2>Bubba Kush Livraison de cannabis \u2013 Livraison gratuite en 2 heures GTA<\/h2>\n<p>Vous pouvez obtenir de l\u2019herbe Bubba Kush en 2 heures \u00e0 votre porte! Commandez avant 20 h et l\u2019un de nos chauffeurs vous livrera le jour m\u00eame, 2 heures gratuitement, lorsque vous commandez un minimum de 100,00 $ de l\u2019un des produits sur notre site Web.<\/p>\n<p>Livraison en deux heures \u00e0 Toronto (Scarborough, North York, Etobicoke, DownTown, York &#8211; tous les secteurs situ\u00e9s \u00e0 l\u2019int\u00e9rieur des fronti\u00e8res de la ville de Toronto), Richmond Hill, King, Aurora, Newmarket, Woodbridge, Vaughan et Markham.<\/p>\n<p>Pour les r\u00e9gions p\u00e9riph\u00e9riques telles que Brampton, Caledon, Mississauga, Pickering, Ajax, Whitby, Oshawa, Clarington, Scugog, Uxbridge, East Gwillimbury, Georgina et Brock, nous visons deux heures, mais veuillez vous attendre \u00e0 la possibilit\u00e9 de 3 heures pour la livraison. Si votre adresse se trouve dans ces r\u00e9gions p\u00e9riph\u00e9riques, vous pouvez nous contacter pour conna\u00eetre les d\u00e9lais de livraison pr\u00e9vus ce jour-l\u00e0. <\/p>\n<h2>Bubba Kush \u00c0 l\u2019ext\u00e9rieur de la r\u00e9gion du Grand Toronto &#8211; Reste du Canada<\/h2>\n<p>Si vous n\u2019habitez pas dans notre zone de livraison gratuite, nous pouvons \u00e9galement vous exp\u00e9dier Bubba Kush , partout au Canada. Les commandes de moins de 200,00 $ sont assujetties \u00e0 un tarif fixe de 20,00 $ pour les frais d\u2019exp\u00e9dition et d\u2019affranchissement. Plus de 200,00 $ vous donneront droit \u00e0 la livraison gratuite sur Bubba Kush ou l\u2019un de nos autres produits, partout au Canada.  <\/p>\n","protected":false},"excerpt":{"rendered":"<p>Si vous achetez de l\u2019herbe principalement pour le go\u00fbt et que vous recherchez des nuances fruit\u00e9es, ce n\u2019est pas pour vous. Par contre, si vous \u00eates int\u00e9ress\u00e9 par les notes uniques de chocolat et de caf\u00e9, Bubba Kush vous plaira certainement. <\/p>\n<p>Mais vous ne vous concentrez probablement pas uniquement sur le go\u00fbt de votre fum\u00e9e (bien que cela puisse vous int\u00e9resser). Au lieu de cela, vous voudrez savoir que Bubba Kush est l\u2019un des hybrides classiques de tous les temps, avec un fort c\u00f4t\u00e9 Indica dominant. Il semble qu\u2019elle existe depuis des lustres &#8211; la meilleure herbe que vous avez fum\u00e9e au lyc\u00e9e, mais que vous ne connaissiez pas grand-chose aux diff\u00e9rentes vari\u00e9t\u00e9s, \u00e9tait probablement la Bubba Kush.  <\/p>\n<p>Il vous procurera un high s\u00e9datif qui frappe \u00e0 la fois le corps et l\u2019esprit dans une profonde vague de relaxation. Vous ne vous soucierez pas vraiment de savoir s\u2019il y a vraiment un gars nomm\u00e9 Bubba qui a cr\u00e9\u00e9 cette vari\u00e9t\u00e9, \u00e0 l\u2019origine disponible uniquement en tant que clone.  Non, on pourra avoir ce d\u00e9bat plus tard. Pour l\u2019instant, c\u2019est l\u2019\u00e9tat sublime de d\u00e9tente que Bubba Kush offre dans lequel nous allons plonger et appr\u00e9cier. <\/p>\n<p>Certains aiment cette vari\u00e9t\u00e9 pour la cr\u00e9ativit\u00e9 &#8211; et les partenaires intimes appr\u00e9cient ses effets qui favorisent la passion et induisent peut-\u00eatre de plus grands degr\u00e9s de plaisirs d\u00e9complex\u00e9s.<\/p>\n<p><strong>Indica Hybride dominant<\/strong><\/p>\n<p>EN RUPTURE DE STOCK<\/p>\n","protected":false},"featured_media":16922,"comment_status":"closed","ping_status":"closed","template":"","meta":{"_acf_changed":false},"product_brand":[],"product_cat":[250],"product_tag":[],"class_list":{"0":"post-19080","1":"product","2":"type-product","3":"status-publish","4":"has-post-thumbnail","6":"product_cat-pot-indica","7":"pa_weight-1-oz-fr-ca","8":"pa_weight-1-2-oz-fr-ca","9":"pa_weight-1-4-oz-fr-ca-2","11":"first","12":"outofstock","13":"shipping-taxable","14":"purchasable","15":"product-type-variable"},"acf":[],"_links":{"self":[{"href":"https:\/\/420now.co\/fr-ca\/wp-json\/wp\/v2\/product\/19080","targetHints":{"allow":["GET"]}}],"collection":[{"href":"https:\/\/420now.co\/fr-ca\/wp-json\/wp\/v2\/product"}],"about":[{"href":"https:\/\/420now.co\/fr-ca\/wp-json\/wp\/v2\/types\/product"}],"replies":[{"embeddable":true,"href":"https:\/\/420now.co\/fr-ca\/wp-json\/wp\/v2\/comments?post=19080"}],"wp:featuredmedia":[{"embeddable":true,"href":"https:\/\/420now.co\/fr-ca\/wp-json\/wp\/v2\/media\/16922"}],"wp:attachment":[{"href":"https:\/\/420now.co\/fr-ca\/wp-json\/wp\/v2\/media?parent=19080"}],"wp:term":[{"taxonomy":"product_brand","embeddable":true,"href":"https:\/\/420now.co\/fr-ca\/wp-json\/wp\/v2\/product_brand?post=19080"},{"taxonomy":"product_cat","embeddable":true,"href":"https:\/\/420now.co\/fr-ca\/wp-json\/wp\/v2\/product_cat?post=19080"},{"taxonomy":"product_tag","embeddable":true,"href":"https:\/\/420now.co\/fr-ca\/wp-json\/wp\/v2\/product_tag?post=19080"}],"curies":[{"name":"wp","href":"https:\/\/api.w.org\/{rel}","templated":true}]}}