{"id":19082,"date":"2021-10-16T12:59:03","date_gmt":"2021-10-16T16:59:03","guid":{"rendered":"https:\/\/420now.co\/product\/miracle-alien-cookies-alias-mac\/"},"modified":"2026-03-12T19:18:43","modified_gmt":"2026-03-12T23:18:43","slug":"miracle-alien-cookies-alias-mac","status":"publish","type":"product","link":"https:\/\/420now.co\/fr-ca\/product\/miracle-alien-cookies-alias-mac\/","title":{"rendered":"Miracle Alien Cookies (alias MAC)"},"content":{"rendered":"<p>Souvent connue simplement sous le nom de \u00ab MAC \u00bb, cette vari\u00e9t\u00e9 est nomm\u00e9e en raison d\u2019un \u00ab miracle \u00bb qui s\u2019est produit lorsque le s\u00e9lectionneur original avait une id\u00e9e en t\u00eate qui ne s\u2019est presque jamais produite &#8211; cela aurait pu \u00eatre une trag\u00e9die. Plus d\u2019informations sur cette histoire, ci-dessous. <\/p>\n<p>Si vous n\u2019avez jamais essay\u00e9 MAC ou Miracle Alien Cookies auparavant, vous pouvez vous attendre \u00e0 go\u00fbter \u00e0 une douce saveur orang\u00e9e ainsi qu\u2019\u00e0 des effets euphoriques de se sentir heureux et exalt\u00e9 &#8211; une excellente vari\u00e9t\u00e9 pour le stress ou la d\u00e9pression.<\/p>\n<p>G\u00e9n\u00e9ralement une vari\u00e9t\u00e9 puissante avec du THC dans la fourchette de 20 \u00e0 25%, avec une moyenne d\u2019environ 22%.<\/p>\n<h2>Le miracle dans MAC (Miracle Alien Cookies)<\/h2>\n<p>\u00c0 l\u2019\u00e9poque d\u2019Internet, avant les m\u00e9dias sociaux comme Facebook, nous avions beaucoup de forums et de groupes de discussion o\u00f9 les gens pouvaient se r\u00e9unir, discuter de diff\u00e9rents points de vue, annoncer les r\u00e9sultats de leurs exp\u00e9riences, partager des connaissances et mieux se conna\u00eetre, peu importe la partie du monde o\u00f9 vous viviez ou la distance \u00e0 laquelle vous \u00e9tiez s\u00e9par\u00e9s. Certains d\u2019entre nous s\u2019ennuient de cette vieille \u00e9poque d\u2019Internet. <\/p>\n<p>Vous pouvez trouver des forums et des groupes de discussion sur \u00e0 peu pr\u00e8s n\u2019importe quel sujet ou sujet. Il y avait beaucoup moins de censure qu\u2019aujourd\u2019hui. Bien s\u00fbr, si vous vous int\u00e9ressiez au cannabis, vous trouverez facilement des groupes de discussion et des forums consacr\u00e9s au sujet; Certains d\u2019entre eux \u00e9taient consacr\u00e9s \u00e0 des sujets plus sp\u00e9cifiques, notamment la s\u00e9lection et le d\u00e9veloppement de souches.  <\/p>\n<p>Certaines des l\u00e9gendes de la s\u00e9lection de cannabis d\u2019aujourd\u2019hui ont commenc\u00e9 \u00e0 l\u2019\u00e8re des groupes de discussion et des forums d\u2019Internet, tandis que d\u2019autres l\u00e9gendes plus anciennes ont profit\u00e9 de cette nouvelle \u00ab autoroute de l\u2019information \u00bb pour partager leurs propres connaissances.<\/p>\n<p>C\u2019est \u00e0 cette \u00e9poque que si vous \u00e9tiez un visiteur r\u00e9gulier de certains des anciens forums, vous auriez peut-\u00eatre rencontr\u00e9 un \u00e9leveur qui choisissait le \u00ab surnom \u00bb de <em>Capulator<\/em> lorsqu\u2019il publiait ou r\u00e9pondait. C\u2019est une personne tr\u00e8s priv\u00e9e et peu de gens, voire aucun, connaissent sa v\u00e9ritable identit\u00e9. <\/p>\n<p>Cependant, il a partag\u00e9 son histoire par courriel avec Jimi Devine, qui a r\u00e9ussi \u00e0 retrouver Capulator, sur la fa\u00e7on dont la vari\u00e9t\u00e9 Miracle Alien Cookies est n\u00e9e. Et son histoire contient un miracle! <\/p>\n<p>Capulator essayait de cr\u00e9er une nouvelle souche impliquant un croisement entre <em>Alien Cookies F2 #7<\/em> et une autre souche &#8211; un descendant de <em>Starfighter<\/em> de Columbia. Il a r\u00e9ussi \u00e0 obtenir 15 t\u00eates de s\u00e9rie de ce croisement. <\/p>\n<p>Mais&#8230; Il a laiss\u00e9 les graines dans sa poche, et elles sont pass\u00e9es dans la machine \u00e0 laver!<\/p>\n<p>Lui et son compagnon ont essay\u00e9 de sauver les graines en les faisant germer dans du papier absorbant humide et naturellement excitant et soulag\u00e9 de voir les 15 graines germer. Mais, deux semaines plus tard, toutes les plantes en croissance sur les 15, sauf une, sont mortes. Pour <em>Capulator<\/em>, c\u2019\u00e9tait un miracle que l\u2019on r\u00e9ussisse \u00e0 survivre pour lui! Il a affectueusement appel\u00e9 la plante survivante \u00ab Miracle 15 \u00bb.   <\/p>\n<p>Le s\u00e9lectionneur a ensuite crois\u00e9 le pollen de sa plante \u00ab Miracle 15 \u00bb avec une autre plante \u00ab Alien Cookies \u00bb &#8211; et nous avons maintenant aujourd\u2019hui, le r\u00e9sultat de la vari\u00e9t\u00e9 <em>Miracle Alien Cookies<\/em> .<\/p>\n<p>Vous pouvez lire le r\u00e9cit complet de Jimi Devine <a href=\"https:\/\/cannabisnow.com\/return-of-the-mac\/\" target=\"_blank\" rel=\"noopener\">ici<\/a>.<\/p>\n<p>Bien que Miracle Alien Cookies porte \u00e9galement le nom de <em>MAC,<\/em> il a \u00e9galement \u00e9t\u00e9 appel\u00e9 \u00ab <em>M\u00e8re de tous les biscuits<\/em> \u00bb et par d\u2019autres qui l\u2019adorent, \u00ab <em>M\u00e8re de tout le cannabis<\/em> \u00bb.<\/p>\n<h2>Miracle Alien Cookies (MAC) Description<\/h2>\n<p>Certains pensent que cette vari\u00e9t\u00e9 est l\u2019une des plus belles vari\u00e9t\u00e9s de cannabis &#8211; ou du moins re\u00e7oit son superbe look de sa m\u00e8re, Alien Cookies. G\u00e9n\u00e9ralement, les bourgeons sont de couleur vert menthe avec des fils orange et des trichomes blanc cristallin. Son profil de saveur est compos\u00e9 de tons terreux avec des nuances d\u2019agrumes &#8211; certains identifient l\u2019orange presque imm\u00e9diatement. L\u2019ar\u00f4me peut \u00eatre lourd &#8211; il peut remplir la pi\u00e8ce (et la pi\u00e8ce d\u2019\u00e0 c\u00f4t\u00e9 si les portes et les fen\u00eatres sont ouvertes), ce dont il faut \u00eatre conscient si vous cherchez une fum\u00e9e sans attention.   <\/p>\n<p>Miracle Alien Cookies est un v\u00e9ritable hybride &#8211; 50\/50 Sativa Indica et ne contient que des traces de CBD avec des niveaux de THC en moyenne d\u2019environ 22%.<\/p>\n<h2>Effets de la Strain de cannabis Miracle Alien Cookies<\/h2>\n<p>\u00ab <em>Heureux, heureux, heureux et tout va bien dans le monde!<\/em> \u00bb Vous pouvez vous attendre \u00e0 une pouss\u00e9e d\u2019euphorie lorsque vous fumez cette vari\u00e9t\u00e9, qui s\u2019installe en une profonde relaxation dans tout le corps. Ceux qui recherchent des \u00e9clats cr\u00e9atifs choisissent souvent Miracle Alien Cookies pour cet effet positif. <\/p>\n<p>Les d\u00e9butants doivent savoir qu\u2019il peut avoir d\u2019autres effets tels que la s\u00e9cheresse oculaire, la bouche s\u00e8che et les \u00e9tourdissements &#8211; comme pour toutes les vari\u00e9t\u00e9s, essayez petit \u00e0 petit pour voir comment vous r\u00e9agissez.<\/p>\n<p>Un peu d\u2019hydratation peut \u00eatre souhaitable &#8211; ayez des verres d\u2019eau ou d\u2019autres boissons pr\u00e9f\u00e9r\u00e9es \u00e0 port\u00e9e de main. Vous pouvez \u00e9galement avoir un cas de fringales, donc les collations pr\u00e9par\u00e9es sont \u00e9galement une bonne id\u00e9e. <\/p>\n<h2>Miracle Alien Cookies Avantages<\/h2>\n<p>Dans les cercles du cannabis m\u00e9dical, cette vari\u00e9t\u00e9 est utilis\u00e9e pour traiter les sympt\u00f4mes de diverses conditions, notamment :<\/p>\n<ul>\n<li>Perte d\u2019app\u00e9tit<\/li>\n<li>Insomnie<\/li>\n<li>Anxi\u00e9t\u00e9<\/li>\n<li>Stress<\/li>\n<li>D\u00e9pression<\/li>\n<li>Douleur chronique<\/li>\n<\/ul>\n<p><em>REMARQUE : Les informations sur ce site sont fournies \u00e0 des fins \u00e9ducatives seulement et ne remplacent pas un avis m\u00e9dical professionnel. Consultez un professionnel de la sant\u00e9 avant utilisation.  Pour les adultes \u00e2g\u00e9s de 19 ans ou plus seulement.<\/em><\/p>\n<h2>Miracle Alien Cookies (MAC) \u2013 Livraison gratuite en 2 heures GTA<\/h2>\n<p>Si vous \u00eates dans la r\u00e9gion du Grand Toronto (RGT), vous pouvez vous procurer de l\u2019herbe MAC en 2 heures* \u00e0 votre porte! Commandez avant 20 h et l\u2019un de nos chauffeurs vous livrera le jour m\u00eame, 2 heures gratuitement, lorsque vous commandez un minimum de 100,00 $ de l\u2019un des produits sur notre site Web. <\/p>\n<p>*Livraison en deux heures \u00e0 Toronto (Scarborough, North York, Etobicoke, DownTown, York &#8211; toutes les r\u00e9gions \u00e0 l\u2019int\u00e9rieur des fronti\u00e8res de la ville de Toronto), Richmond Hill, King, Aurora, Newmarket, Woodbridge, Vaughan et Markham.<\/p>\n<p>Pour les r\u00e9gions p\u00e9riph\u00e9riques telles que Brampton, Caledon, Mississauga, Pickering, Ajax, Whitby, Oshawa, Clarington, Scugog, Uxbridge, East Gwillimbury, Georgina et Brock, nous visons deux heures, mais veuillez vous attendre \u00e0 la possibilit\u00e9 de 3 heures pour la livraison. Si votre adresse se trouve dans ces r\u00e9gions p\u00e9riph\u00e9riques, vous pouvez nous contacter pour conna\u00eetre les d\u00e9lais de livraison pr\u00e9vus ce jour-l\u00e0. <\/p>\n<h2>Miracle Alien Cookies \u00c0 l\u2019ext\u00e9rieur de la r\u00e9gion du Grand Toronto<\/h2>\n<p>Si vous n\u2019habitez pas dans notre zone de livraison gratuite, nous pouvons \u00e9galement vous exp\u00e9dier MAC, partout au Canada. Les commandes de moins de 200,00 $ sont assujetties \u00e0 un tarif fixe de 20,00 $ pour les frais d\u2019exp\u00e9dition et d\u2019affranchissement. Plus de 200,00 $ vous donnera droit \u00e0 la livraison gratuite sur MAC ou l\u2019un de nos autres produits, partout au Canada.  <\/p>\n","protected":false},"excerpt":{"rendered":"<p>Souvent connue simplement sous le nom de \u00ab MAC \u00bb, cette vari\u00e9t\u00e9 est nomm\u00e9e en raison d\u2019un \u00ab miracle \u00bb qui s\u2019est produit lorsque le s\u00e9lectionneur original avait une id\u00e9e en t\u00eate qui ne s\u2019est presque jamais produite &#8211; cela aurait pu \u00eatre une trag\u00e9die. Plus d\u2019informations sur cette histoire, ci-dessous. <\/p>\n<p>Si vous n\u2019avez jamais essay\u00e9 MAC ou Miracle Alien Cookies auparavant, vous pouvez vous attendre \u00e0 go\u00fbter \u00e0 une douce saveur orang\u00e9e ainsi qu\u2019\u00e0 des effets euphoriques de se sentir heureux et exalt\u00e9 &#8211; une excellente vari\u00e9t\u00e9 pour le stress ou la d\u00e9pression.<\/p>\n<p>G\u00e9n\u00e9ralement une vari\u00e9t\u00e9 puissante avec du THC dans la fourchette de 20 \u00e0 25%, avec une moyenne d\u2019environ 22%.<\/p>\n<p>Tr\u00e8s l\u00e9g\u00e8rement \u00e0 dominante Indica .<\/p>\n<p><strong>EN RUPTURE DE STOCK<\/strong><\/p>\n","protected":false},"featured_media":16923,"comment_status":"closed","ping_status":"closed","template":"","meta":{"_acf_changed":false},"product_brand":[],"product_cat":[250],"product_tag":[],"class_list":{"0":"post-19082","1":"product","2":"type-product","3":"status-publish","4":"has-post-thumbnail","6":"product_cat-pot-indica","7":"pa_weight-1-oz-fr-ca","8":"pa_weight-1-2-oz-fr-ca","9":"pa_weight-1-4-oz-fr-ca-2","11":"first","12":"outofstock","13":"shipping-taxable","14":"purchasable","15":"product-type-variable"},"acf":[],"_links":{"self":[{"href":"https:\/\/420now.co\/fr-ca\/wp-json\/wp\/v2\/product\/19082","targetHints":{"allow":["GET"]}}],"collection":[{"href":"https:\/\/420now.co\/fr-ca\/wp-json\/wp\/v2\/product"}],"about":[{"href":"https:\/\/420now.co\/fr-ca\/wp-json\/wp\/v2\/types\/product"}],"replies":[{"embeddable":true,"href":"https:\/\/420now.co\/fr-ca\/wp-json\/wp\/v2\/comments?post=19082"}],"wp:featuredmedia":[{"embeddable":true,"href":"https:\/\/420now.co\/fr-ca\/wp-json\/wp\/v2\/media\/16923"}],"wp:attachment":[{"href":"https:\/\/420now.co\/fr-ca\/wp-json\/wp\/v2\/media?parent=19082"}],"wp:term":[{"taxonomy":"product_brand","embeddable":true,"href":"https:\/\/420now.co\/fr-ca\/wp-json\/wp\/v2\/product_brand?post=19082"},{"taxonomy":"product_cat","embeddable":true,"href":"https:\/\/420now.co\/fr-ca\/wp-json\/wp\/v2\/product_cat?post=19082"},{"taxonomy":"product_tag","embeddable":true,"href":"https:\/\/420now.co\/fr-ca\/wp-json\/wp\/v2\/product_tag?post=19082"}],"curies":[{"name":"wp","href":"https:\/\/api.w.org\/{rel}","templated":true}]}}