{"id":19090,"date":"2021-11-04T03:49:22","date_gmt":"2021-11-04T07:49:22","guid":{"rendered":"https:\/\/420now.co\/product\/gorilla-glue\/"},"modified":"2026-03-12T17:17:28","modified_gmt":"2026-03-12T21:17:28","slug":"gorilla-glue","status":"publish","type":"product","link":"https:\/\/420now.co\/fr-ca\/product\/gorilla-glue\/","title":{"rendered":"Gorilla Glue"},"content":{"rendered":"<p>Souvent appel\u00e9e \u00ab Original Glue \u00bb, cet hybride \u00e0 dominante Indica est une vari\u00e9t\u00e9 prim\u00e9e! Aux Cannabis Cup Michigan et Los Angeles 2014, il a termin\u00e9 en premi\u00e8re place aux deux et \u00e0 la High Times Jama\u00efcan World Cup. <\/p>\n<p>G\u00e9n\u00e9ralement riche en THC, atteignant parfois jusqu\u2019\u00e0 28%. D\u00e9finitivement une vari\u00e9t\u00e9 avec laquelle les d\u00e9butants devraient aller doucement au d\u00e9but. Les v\u00e9t\u00e9rans, cependant, adorent les effets de Gorilla Glue.  <\/p>\n<h2>Gorilla Glue Descriptif<\/h2>\n<p>Beaucoup d\u2019expressions descriptives ont \u00e9t\u00e9 donn\u00e9es pour Gorilla Glue , y compris \u00ab les genoux des abeilles \u00bb et \u00ab pyjama de chat \u00bb, mais elle re\u00e7oit son nom plus commun &#8211; du moins la partie \u00ab colle \u00bb en raison de ses qualit\u00e9s r\u00e9sineuses et du fait que vous pouvez vous retrouver coll\u00e9 \u00e0 tout ce sur quoi vous \u00eates assis pendant que vous profitez de cette fum\u00e9e.<\/p>\n<p>Son h\u00e9ritage comprend les vari\u00e9t\u00e9s Sister, Sour Dubb et Chocolate Diesel de Chem, qui ont \u00e9galement transmis le go\u00fbt acide et terreux du diesel avec des notes de caf\u00e9.<\/p>\n<h2>Gorilla Glue Effets des mauvaises herbes<\/h2>\n<p>Colle&#8230; coll\u00e9 au canap\u00e9, \u00e0 la chaise ou au sol&#8230; o\u00f9 que vous soyez assis apr\u00e8s avoir fum\u00e9 Gorilla Glue. Mais avant d\u2019en arriver l\u00e0, vous ressentirez probablement un high tr\u00e8s rapide, euphorisant et \u00e9difiant ainsi qu\u2019une profonde sensation de bonheur. <\/p>\n<p>Avec sa teneur \u00e9lev\u00e9e en THC, les d\u00e9butants doivent \u00eatre conscients des effets secondaires qui peuvent inclure la parano\u00efa et les \u00e9tourdissements. M\u00eame les anciens combattants peuvent ressentir une s\u00e9cheresse de la bouche et des yeux. <\/p>\n<p>Mais Gorilla Glue vous fera probablement rire et sourire d\u2019oreille \u00e0 oreille!<\/p>\n<h2>Conditions La mauvaise herbe Gorilla Glue est utilis\u00e9e pour :<\/h2>\n<p>En raison de sa teneur \u00e9lev\u00e9e en THC, cette vari\u00e9t\u00e9 est la pr\u00e9f\u00e9r\u00e9e de nombreux consommateurs de cannabis m\u00e9dical et est souvent utilis\u00e9e dans le traitement de<\/p>\n<ul>\n<li>insomnie<\/li>\n<li>la d\u00e9pression;<\/li>\n<li>anxi\u00e9t\u00e9<\/li>\n<li>migraines<\/li>\n<li>le stress<\/li>\n<li>soulagement de la douleur<\/li>\n<\/ul>\n<p>Si vous avez du mal \u00e0 vous endormir, Gorilla Glue est d\u00e9finitivement une vari\u00e9t\u00e9 \u00e0 essayer.<\/p>\n<p><em>REMARQUE : Les informations sur ce site sont fournies \u00e0 des fins \u00e9ducatives seulement et ne remplacent pas un avis m\u00e9dical professionnel. Consultez un professionnel de la sant\u00e9 avant utilisation.  Pour les adultes \u00e2g\u00e9s de 19 ans ou plus seulement.<\/em><\/p>\n<h2>Gorilla Glue Livraison de cannabis \u2013 Livraison gratuite en 2 heures GTA<\/h2>\n<p>Si vous \u00eates dans la r\u00e9gion du Grand Toronto (RGT), vous pouvez vous procurer de Gorilla Glue en 2 heures \u00e0 votre porte! Commandez avant 20 h et l\u2019un de nos chauffeurs vous livrera le jour m\u00eame, 2 heures gratuitement, lorsque vous commandez un minimum de 100,00 $ de l\u2019un des produits sur notre site Web.<\/p>\n<p>Livraison en deux heures \u00e0 Toronto (Scarborough, North York, Etobicoke, DownTown, York &#8211; tous les secteurs situ\u00e9s \u00e0 l\u2019int\u00e9rieur des fronti\u00e8res de la ville de Toronto), Richmond Hill, King, Aurora, Newmarket, Woodbridge, Vaughan et Markham.<\/p>\n<p>Pour les r\u00e9gions p\u00e9riph\u00e9riques telles que Brampton, Caledon, Mississauga, Pickering, Ajax, Whitby, Oshawa, Clarington, Scugog, Uxbridge, East Gwillimbury, Georgina et Brock, nous visons deux heures, mais veuillez vous attendre \u00e0 la possibilit\u00e9 de 3 heures pour la livraison. Si votre adresse se trouve dans ces r\u00e9gions p\u00e9riph\u00e9riques, vous pouvez nous contacter pour conna\u00eetre les d\u00e9lais de livraison pr\u00e9vus ce jour-l\u00e0. <\/p>\n<h2>Gorilla Glue Mauvaise herbe \u00e0 l\u2019ext\u00e9rieur de la r\u00e9gion du Grand Toronto et du reste du Canada<\/h2>\n<p>Si vous n\u2019habitez pas dans notre zone de livraison gratuite, nous pouvons \u00e9galement vous exp\u00e9dier Gorilla Glue partout au Canada. Les commandes de moins de 200,00 $ sont assujetties \u00e0 un tarif fixe de 20,00 $ pour les frais d\u2019exp\u00e9dition et d\u2019affranchissement. Plus de 200,00 $ vous donnera droit \u00e0 la livraison gratuite sur Gorilla Glue ou l\u2019un de nos autres produits, partout au Canada.  <\/p>\n","protected":false},"excerpt":{"rendered":"<p>Souvent appel\u00e9e \u00ab Original Glue \u00bb, cet hybride \u00e0 dominante Indica est une vari\u00e9t\u00e9 prim\u00e9e! Aux Cannabis Cup Michigan et Los Angeles 2014, il a termin\u00e9 en premi\u00e8re place aux deux et \u00e0 la High Times Jama\u00efcan World Cup. <\/p>\n<p>G\u00e9n\u00e9ralement riche en THC, atteignant parfois jusqu\u2019\u00e0 28%. D\u00e9finitivement une vari\u00e9t\u00e9 avec laquelle les d\u00e9butants devraient aller doucement au d\u00e9but. Les v\u00e9t\u00e9rans, cependant, adorent les effets de Gorilla Glue.  <\/p>\n","protected":false},"featured_media":16934,"comment_status":"closed","ping_status":"closed","template":"","meta":{"_acf_changed":false},"product_brand":[],"product_cat":[250],"product_tag":[],"class_list":{"0":"post-19090","1":"product","2":"type-product","3":"status-publish","4":"has-post-thumbnail","6":"product_cat-pot-indica","7":"pa_weight-1-oz-fr-ca","8":"pa_weight-1-2-oz-fr-ca","9":"pa_weight-1-4-oz-fr-ca-2","11":"first","12":"instock","13":"shipping-taxable","14":"purchasable","15":"product-type-variable"},"acf":[],"_links":{"self":[{"href":"https:\/\/420now.co\/fr-ca\/wp-json\/wp\/v2\/product\/19090","targetHints":{"allow":["GET"]}}],"collection":[{"href":"https:\/\/420now.co\/fr-ca\/wp-json\/wp\/v2\/product"}],"about":[{"href":"https:\/\/420now.co\/fr-ca\/wp-json\/wp\/v2\/types\/product"}],"replies":[{"embeddable":true,"href":"https:\/\/420now.co\/fr-ca\/wp-json\/wp\/v2\/comments?post=19090"}],"wp:featuredmedia":[{"embeddable":true,"href":"https:\/\/420now.co\/fr-ca\/wp-json\/wp\/v2\/media\/16934"}],"wp:attachment":[{"href":"https:\/\/420now.co\/fr-ca\/wp-json\/wp\/v2\/media?parent=19090"}],"wp:term":[{"taxonomy":"product_brand","embeddable":true,"href":"https:\/\/420now.co\/fr-ca\/wp-json\/wp\/v2\/product_brand?post=19090"},{"taxonomy":"product_cat","embeddable":true,"href":"https:\/\/420now.co\/fr-ca\/wp-json\/wp\/v2\/product_cat?post=19090"},{"taxonomy":"product_tag","embeddable":true,"href":"https:\/\/420now.co\/fr-ca\/wp-json\/wp\/v2\/product_tag?post=19090"}],"curies":[{"name":"wp","href":"https:\/\/api.w.org\/{rel}","templated":true}]}}