{"id":19106,"date":"2022-10-16T05:05:48","date_gmt":"2022-10-16T09:05:48","guid":{"rendered":"https:\/\/420now.co\/product\/slurricane\/"},"modified":"2026-03-12T18:18:34","modified_gmt":"2026-03-12T22:18:34","slug":"slurricane","status":"publish","type":"product","link":"https:\/\/420now.co\/fr-ca\/product\/slurricane\/","title":{"rendered":"Slurricane"},"content":{"rendered":"<p>Si vous \u00eates \u00e0 la recherche d\u2019une fum\u00e9e puissante en soir\u00e9e avec jusqu\u2019\u00e0 28% de THC qui vous laissera sur des montagnes russes entre l\u2019\u00e9nergie, les picotements et la relaxation profonde, ce bourgeon pourrait \u00eatre fait pour vous!<\/p>\n<p>Les novices devraient \u00eatre prudents, mais c\u2019est une vari\u00e9t\u00e9 pr\u00e9f\u00e9r\u00e9e de nombreux v\u00e9t\u00e9rans qui aiment les effets des hybrides Indica et Indica . Il a de puissants effets corporels combin\u00e9s \u00e0 une stimulation c\u00e9r\u00e9brale m\u00e9morable avec une pouss\u00e9e euphorique et \u00e9difiante, mais peut vous laisser dans un \u00e9tat de relaxation compl\u00e8te et peut-\u00eatre s\u00e9datif, attendant avec impatience une merveilleuse nuit de sommeil. <\/p>\n<p>Slurricane est souvent pr\u00e9f\u00e9r\u00e9 par certains patients m\u00e9dicaux pour sa capacit\u00e9 \u00e0 soulager la douleur et \u00e0 vaincre l\u2019insomnie.<\/p>\n<h2>Description Strain Slurricane<\/h2>\n<p>Un puissant enfant de <a href=\"https:\/\/420now.co\/fr-ca\/product\/dosidos\/\" target=\"_blank\" rel=\"noopener\">Do-Si-Dos<\/a> et de <a href=\"https:\/\/420now.co\/fr-ca\/product\/purple-punch-aaaa\/\" target=\"_blank\" rel=\"noopener\">Purple Punch<\/a> de ses parents, Slurricane est un hybride 60% Indica et 40% Sativa cr\u00e9\u00e9 par l\u2019\u00e9quipe <em>In-House Genetics<\/em> bas\u00e9e \u00e0 Seattle, mais de renomm\u00e9e mondiale. Cette \u00e9quipe est connue pour cr\u00e9er des hybrides puissants et excellents &#8211; et Slurricane pourrait \u00eatre leur meilleur selon de nombreux v\u00e9t\u00e9rans du cannabis. <\/p>\n<p>Avec des niveaux de THC allant jusqu\u2019\u00e0 28%, il s\u2019agit d\u2019une vari\u00e9t\u00e9 dont les novices doivent faire tr\u00e8s attention; M\u00eame certains anciens combattants peuvent subir une surcharge. D\u2019un autre c\u00f4t\u00e9, il pourrait \u00eatre tr\u00e8s tentant de voir jusqu\u2019o\u00f9 vous pouvez aller avec cette vari\u00e9t\u00e9 m\u00e9ga-puissante qui est m\u00e9lang\u00e9e \u00e0 un bon go\u00fbt de fruits tropicaux derri\u00e8re une forte saveur de baies sucr\u00e9es, et enfin, un go\u00fbt terreux \u00e0 l\u2019expiration. Bien s\u00fbr, la tension vous frappera probablement quelques minutes apr\u00e8s votre premi\u00e8re bouff\u00e9e &#8211; elle a tendance \u00e0 remonter dans le dos, puis vous frappe \u00e0 la t\u00eate avec une grande pouss\u00e9e d\u2019euphorie.    <\/p>\n<p>Le profil terp\u00e9nique de Slurricane a le caryophyll\u00e8ne comme dominant, suivi du germacr\u00e8ne, de l\u2019humul\u00e8ne, du myrc\u00e8ne et des s\u00e9linadi\u00e8nes. <\/p>\n<p>Le <strong>caryophyll\u00e8ne<\/strong>, qui apporte une touche de piquant \u00e0 cette vari\u00e9t\u00e9, aurait \u00e9galement des bienfaits pour la sant\u00e9, notamment la r\u00e9duction de l\u2019inflammation, du stress et de l\u2019anxi\u00e9t\u00e9 (mais avec Slurricane, les amateurs peuvent avoir un effet secondaire d\u2019anxi\u00e9t\u00e9). Ce terp\u00e8ne se trouve \u00e9galement dans le poivre noir, la cannelle et l\u2019origan. Il existe des preuves que le caryophyll\u00e8ne peut \u00eatre utile pour traiter la d\u00e9pendance \u00e0 l\u2019alcool.  <\/p>\n<p>Le <strong>germacr\u00e8ne<\/strong> peut avoir un effet antimicrobien &#8211; et peut-\u00eatre aider la plante de cannabis \u00e0 pousser contre les maladies et les parasites.<\/p>\n<p><strong>L\u2019humul\u00e8ne<\/strong> est responsable de l\u2019ar\u00f4me de plantes, tout en fournissant des effets anti-inflammatoires. Il existe des preuves qu\u2019il pourrait \u00e9galement jouer un r\u00f4le dans l\u2019arr\u00eat des cellules canc\u00e9reuses et l\u2019attaque des tumeurs.   <\/p>\n<p>Le <strong>myrc\u00e8ne<\/strong>, que l\u2019on trouve \u00e9galement dans le thym, la mangue et la citronnelle, aurait des propri\u00e9t\u00e9s qui peuvent aider \u00e0 r\u00e9duire l\u2019anxi\u00e9t\u00e9 et \u00e0 provoquer un sentiment de calme. <\/p>\n<p><strong>Les s\u00e9linadi\u00e8nes<\/strong> sont en fait un groupe de terp\u00e8nes pour lesquels d\u2019autres \u00e9tudes sont pr\u00e9vues. On les trouve dans l\u2019huile de c\u00e9leri ainsi que dans le houblon, mais on ne sait pas grand-chose d\u2019autre \u00e0 leur sujet. <\/p>\n<h2>Effets du Slurricane<\/h2>\n<p>Comme chaque personne est diff\u00e9rente, il est impossible d\u2019indiquer comment vous pourriez r\u00e9agir sp\u00e9cifiquement \u00e0 la consommation de Slurricane, mais en g\u00e9n\u00e9ral, cette vari\u00e9t\u00e9 est consid\u00e9r\u00e9e comme assez puissante et g\u00e9n\u00e9ralement non recommand\u00e9e pour les novices. Si vous \u00eates novice, il est pr\u00e9f\u00e9rable de prendre cette vari\u00e9t\u00e9 lentement et de voir comment vous y r\u00e9agissez.   <\/p>\n<p>La plupart s\u2019accordent cependant \u00e0 dire que Slurricane est une vari\u00e9t\u00e9 percutante et bien qu\u2019elle ait un effet de fluage, il ne faut pas longtemps apr\u00e8s votre premi\u00e8re inspiration pour sentir le glissement dans votre t\u00eate, et soudainement, une vague d\u2019euphorie heureuse s\u2019installe, vous laissant dans un \u00e9tat de bonheur. Il combat les pens\u00e9es n\u00e9gatives, et votre esprit peut se sentir un peu h\u00e9b\u00e9t\u00e9, mais d\u2019une mani\u00e8re h\u00e9b\u00e9t\u00e9e.   <\/p>\n<p>Vous devriez peut-\u00eatre avoir des collations \u00e0 port\u00e9e de main car il est tr\u00e8s probable que les fringales vous frappent &#8211; donc avec une bonne boisson et quelques collations, vous pouvez continuer joyeusement dans votre \u00e9tat de buzz satisfait. Ensuite, pr\u00e9parez-vous \u00e0 l\u2019\u00e9tape suivante alors que Slurricane prend le contr\u00f4le de votre corps et le met avec votre esprit dans un \u00e9tat de relaxation profonde. Ce n\u2019est certainement pas une vari\u00e9t\u00e9 que vous voulez fumer lorsque vous utilisez de l\u2019\u00e9quipement ou que vous avez besoin de toutes vos facult\u00e9s pour un travail complexe. Au lieu de cela, il s\u2019agit d\u2019une fum\u00e9e nocturne (ou pour la journ\u00e9e o\u00f9 vous voulez juste v\u00e9g\u00e9taliser) &#8211; et vous avez h\u00e2te de vous mettre en mode s\u00e9datif &#8211; si vous n\u2019atteignez pas votre lit, vous serez probablement enferm\u00e9 dans le canap\u00e9 pendant un certain temps.   <\/p>\n<p>Les effets n\u00e9gatifs peuvent inclure une s\u00e9cheresse de la bouche et des yeux secs.<\/p>\n<h2>Avantages m\u00e9dicaux de Slurricane<\/h2>\n<p>En raison de ses niveaux de THC puissants et puissants, cette vari\u00e9t\u00e9 est souvent utilis\u00e9e pour traiter une vari\u00e9t\u00e9 de conditions m\u00e9dicales. Bien qu\u2019il s\u2019agisse d\u2019un excellent plat r\u00e9cr\u00e9atif nocturne, le fait qu\u2019il puisse vous amener dans un \u00e9tat de relaxation compl\u00e8te et provoquer le sommeil, ceux qui ont des probl\u00e8mes d\u2019insomnie trouvent qu\u2019il est d\u2019une aide consid\u00e9rable pour s\u2019endormir b\u00e9atement apr\u00e8s avoir aid\u00e9 \u00e0 combattre les pens\u00e9es n\u00e9gatives. <\/p>\n<p>Voici quelques-unes des affections qu\u2019il a signal\u00e9es :<\/p>\n<ul>\n<li>TSPT\n<li>Insomnie\n<li>Douleur aigu\u00eb\n<li>Douleur chronique\n<li>D\u00e9pression\n<li>Probl\u00e8mes d\u2019app\u00e9tit\n<li>Migraines\n<li>Spasmes et crampes musculaires\n<li>Fatigue\n<\/ul>\n<p><em>REMARQUE : Les informations sur ce site sont fournies \u00e0 des fins \u00e9ducatives seulement et ne remplacent pas un avis m\u00e9dical professionnel.<\/em><\/p>\n<h2>Livraison de Slurricane dans la r\u00e9gion de Toronto<\/h2>\n<p>Si vous \u00eates dans la r\u00e9gion du Grand Toronto (RGT), vous pouvez vous procurer de l\u2019herbe Slurricane en 2 heures* \u00e0 votre porte! Commandez avant 20 h et l\u2019un de nos chauffeurs vous livrera le jour m\u00eame, 2 heures gratuitement, lorsque vous commandez un minimum de 100,00 $ de l\u2019un des produits sur notre site Web.<\/p>\n<p>*Livraison en deux heures \u00e0 Toronto (Scarborough, North York, Etobicoke, DownTown, York \u2013 toutes les r\u00e9gions \u00e0 l\u2019int\u00e9rieur des fronti\u00e8res de la ville de Toronto), Richmond Hill, King, Aurora, Newmarket, Woodbridge, Vaughan et Markham.<\/p>\n<p>Pour d\u2019autres r\u00e9gions, nous pouvons vous exp\u00e9dier des Animal Cookies .<\/p>\n","protected":false},"excerpt":{"rendered":"<p>Si vous \u00eates \u00e0 la recherche d\u2019une fum\u00e9e puissante en soir\u00e9e avec jusqu\u2019\u00e0 28% de THC qui vous laissera sur des montagnes russes entre l\u2019\u00e9nergie, les picotements et la relaxation profonde, ce bourgeon pourrait \u00eatre fait pour vous!<\/p>\n<p>Les novices devraient \u00eatre prudents, mais c\u2019est une vari\u00e9t\u00e9 pr\u00e9f\u00e9r\u00e9e de nombreux v\u00e9t\u00e9rans qui aiment les effets des hybrides Indica et Indica . Il a de puissants effets corporels combin\u00e9s \u00e0 une stimulation c\u00e9r\u00e9brale m\u00e9morable avec une pouss\u00e9e euphorique et \u00e9difiante, mais peut vous laisser dans un \u00e9tat de relaxation compl\u00e8te et peut-\u00eatre s\u00e9datif, attendant avec impatience une merveilleuse nuit de sommeil. <\/p>\n<p>Slurricane est souvent pr\u00e9f\u00e9r\u00e9 par certains patients m\u00e9dicaux pour sa capacit\u00e9 \u00e0 soulager la douleur et \u00e0 vaincre l\u2019insomnie.<\/p>\n","protected":false},"featured_media":17277,"comment_status":"open","ping_status":"closed","template":"","meta":{"_acf_changed":false},"product_brand":[],"product_cat":[250],"product_tag":[],"class_list":{"0":"post-19106","1":"product","2":"type-product","3":"status-publish","4":"has-post-thumbnail","6":"product_cat-pot-indica","7":"pa_weight-1-oz-fr-ca","8":"pa_weight-1-2-oz-fr-ca","9":"pa_weight-1-4-oz-fr-ca-2","11":"first","12":"instock","13":"shipping-taxable","14":"purchasable","15":"product-type-variable"},"acf":[],"_links":{"self":[{"href":"https:\/\/420now.co\/fr-ca\/wp-json\/wp\/v2\/product\/19106","targetHints":{"allow":["GET"]}}],"collection":[{"href":"https:\/\/420now.co\/fr-ca\/wp-json\/wp\/v2\/product"}],"about":[{"href":"https:\/\/420now.co\/fr-ca\/wp-json\/wp\/v2\/types\/product"}],"replies":[{"embeddable":true,"href":"https:\/\/420now.co\/fr-ca\/wp-json\/wp\/v2\/comments?post=19106"}],"wp:featuredmedia":[{"embeddable":true,"href":"https:\/\/420now.co\/fr-ca\/wp-json\/wp\/v2\/media\/17277"}],"wp:attachment":[{"href":"https:\/\/420now.co\/fr-ca\/wp-json\/wp\/v2\/media?parent=19106"}],"wp:term":[{"taxonomy":"product_brand","embeddable":true,"href":"https:\/\/420now.co\/fr-ca\/wp-json\/wp\/v2\/product_brand?post=19106"},{"taxonomy":"product_cat","embeddable":true,"href":"https:\/\/420now.co\/fr-ca\/wp-json\/wp\/v2\/product_cat?post=19106"},{"taxonomy":"product_tag","embeddable":true,"href":"https:\/\/420now.co\/fr-ca\/wp-json\/wp\/v2\/product_tag?post=19106"}],"curies":[{"name":"wp","href":"https:\/\/api.w.org\/{rel}","templated":true}]}}