{"id":19112,"date":"2022-10-16T15:45:15","date_gmt":"2022-10-16T19:45:15","guid":{"rendered":"https:\/\/420now.co\/product\/ice-cream-cake\/"},"modified":"2026-03-12T18:15:38","modified_gmt":"2026-03-12T22:15:38","slug":"ice-cream-cake","status":"publish","type":"product","link":"https:\/\/420now.co\/fr-ca\/product\/ice-cream-cake\/","title":{"rendered":"Ice Cream Cake"},"content":{"rendered":"<p>Une vari\u00e9t\u00e9 puissante avec environ 23% de THC, beaucoup de gens aiment cette d\u00e9licieuse saveur de vari\u00e9t\u00e9 en plus de sa capacit\u00e9 \u00e0 vous faire entrer dans un high euphorisant de r\u00eave, suivi d\u2019un \u00e9tat de relaxation profonde et de somnolence.  <\/p>\n<p>Indica \u00e0 dominante indica qui aurait \u00e9t\u00e9 cr\u00e9\u00e9 \u00e0 partir d\u2019un croisement entre Wedding Cake et Gelato.  <\/p>\n<p>Ice Cream Cake est souvent utilis\u00e9 pour ses bienfaits m\u00e9dicaux ainsi que pour ses beaux effets lors de la d\u00e9gustation dans des situations r\u00e9cr\u00e9atives. Les novices doivent \u00eatre prudents en raison de sa puissance et \u00e9valuer leur r\u00e9ponse \u00e0 cette vari\u00e9t\u00e9. <\/p>\n<h2>Description de la Strain Ice Cream Cake<\/h2>\n<p>Bas\u00e9 dans un garage du sud de la Californie, les s\u00e9lectionneurs <em>de cannabis Seed Junky Genetics<\/em> ont initialement crois\u00e9 <a href=\"https:\/\/420now.co\/fr-ca\/product\/gelato-punch-aaaa\/\">Gelato<\/a> et <a href=\"https:\/\/420now.co\/fr-ca\/product\/wedding-cake\/\">Wedding Cake<\/a> pour cr\u00e9er la vari\u00e9t\u00e9 Ice Cream Cake . Seed Junky est connue pour son travail en se concentrant sur les profils terp\u00e9niques et en cherchant \u00e0 cr\u00e9er des vari\u00e9t\u00e9s aux saveurs impressionnantes et uniques.   <\/p>\n<p>Bien que cette vari\u00e9t\u00e9 soit dot\u00e9e d\u2019un puissant taux de THC de 23%, l\u2019une des grandes choses que les gens remarquent souvent \u00e0 son sujet est sa saveur &#8211; une douceur sexy avec des touches de citron et une onctuosit\u00e9 que vous trouverez d\u00e9licieuse. Vous pourriez aussi go\u00fbter un peu de noisette.   <\/p>\n<p>Il est int\u00e9ressant de noter que cette vari\u00e9t\u00e9 a \u00e9galement un niveau de CBD relativement important &#8211; et peut atteindre 1,3% selon certains tests de laboratoire.<\/p>\n<p>Indica appr\u00e9cieront probablement cette vari\u00e9t\u00e9, car elle est \u00e0 75% Indica \/ 25% Sativa. Les effets Indica sont forts et vous voudrez probablement l\u2019utiliser en soir\u00e9e lorsque vous avez h\u00e2te de vous d\u00e9tendre avant une bonne nuit de sommeil.   <\/p>\n<p>Son principal profil terp\u00e9nique comprend le limon\u00e8ne, le myrc\u00e8ne, le valencene, le caryophyll\u00e8ne, le g\u00e9raniol, le camph\u00e8ne, le car\u00e8ne et le ph\u00e9llandr\u00e8ne &#8211; un m\u00e9lange d\u00e9licieux sp\u00e9cialement pour son profil de saveur, que Seed Junky Genetics avait en t\u00eate lorsqu\u2019ils ont cr\u00e9\u00e9 Ice Cream Cake.<\/p>\n<p>Bien que de nombreux fumeurs ne s\u2019int\u00e9ressent qu\u2019aux niveaux de THC, ils font une injustice de ne pas se soucier des qualit\u00e9s subtiles des terp\u00e8nes et du profil terp\u00e9nique d\u2019une vari\u00e9t\u00e9 donn\u00e9e &#8211; dont beaucoup donnent \u00e0 une vari\u00e9t\u00e9 de cannabis ses effets, ses saveurs et ses ar\u00f4mes uniques. Beaucoup ne comprennent que maintenant la valeur des terp\u00e8nes &#8211; et l\u2019une des raisons pour lesquelles une vari\u00e9t\u00e9 particuli\u00e8re peut vous affecter diff\u00e9remment de votre partenaire fumeur. Ils peuvent \u00e9galement travailler de mani\u00e8re synergique et holistique, ensemble.  <\/p>\n<p>Beaucoup de ces terp\u00e8nes sont maintenant connus pour avoir des avantages sp\u00e9cifiques &#8211; \u00e0 la fois pour vous et pour la plante elle-m\u00eame. Certains terp\u00e8nes pr\u00e9sents dans certaines vari\u00e9t\u00e9s prot\u00e8gent la plante de cannabis contre les ravageurs et les infections et, comme si peu de recherches ont \u00e9t\u00e9 effectu\u00e9es sur certains d\u2019entre eux, la science ne sait pas encore ce dont ils sont capables. Mais nous savons quelque chose :  <\/p>\n<p><strong>Limon\u00e8ne :<\/strong> Lorsque vos papilles gustatives d\u00e9tectent le go\u00fbt du citron lorsque vous fumez Ice Cream Cake, c\u2019est d\u00fb aux grandes quantit\u00e9s de limon\u00e8ne pr\u00e9sentes. Il peut \u00e9galement donner une saveur rappelant n\u2019importe quel agrume, y compris l\u2019orange, mais dans le cas du Ice Cream Cake, combin\u00e9 aux autres terp\u00e8nes, vous obtenez g\u00e9n\u00e9ralement cette touche de citron perceptible. <\/p>\n<p>Pour les bienfaits m\u00e9dicaux, le limon\u00e8ne est \u00e9galement connu pour sa capacit\u00e9 \u00e0 \u00eatre un compos\u00e9 anxiolytique, tout en aidant \u00e0 am\u00e9liorer l\u2019humeur qui a besoin d\u2019un peu de lifting. Ce terp\u00e8ne est \u00e9galement \u00e0 l\u2019\u00e9tude pour ses propri\u00e9t\u00e9s anticanc\u00e9reuses possibles (voir <em><a href=\"https:\/\/pubmed.ncbi.nlm.nih.gov\/9654110\/\" target=\"_blank\" rel=\"noopener\">\u00c9tude de phase I et pharmacocin\u00e9tique du D-limon\u00e8ne chez les patients atteints d\u2019un cancer avanc\u00e9.<\/a><\/em> <\/p>\n<p>On croit que le limon\u00e8ne a \u00e9galement une foule d\u2019autres bienfaits pour la sant\u00e9.<\/p>\n<p><strong>Myrc\u00e8ne :<\/strong> De tous les terp\u00e8nes du cannabis, le myrc\u00e8ne est le plus abondant en g\u00e9n\u00e9ral. Bien que certains terp\u00e8nes se trouvent dans certaines vari\u00e9t\u00e9s, et pas dans d\u2019autres, vous constaterez que le myrc\u00e8ne est presque omnipr\u00e9sent dans le cannabis. Souvent, c\u2019est le terp\u00e8ne dominant \u00e0 des niveaux \u00e9lev\u00e9s, les autres terp\u00e8nes mesurant une grande distance en pourcentage. Ce terp\u00e8ne se trouve \u00e9galement dans le thym, la citronnelle et la mangue &#8211; et il a fait l\u2019objet de nombreuses recherches. Nous savons qu\u2019il favorise des effets calmants dans l\u2019esprit et le corps, et peut aider \u00e0 \u00e9loigner les pens\u00e9es n\u00e9gatives.    <\/p>\n<p><strong>Valencene :<\/strong> Si vous connaissez les diff\u00e9rents types d\u2019oranges, vous avez peut-\u00eatre entendu parler des oranges Valencia, et en effet ce terp\u00e8ne porte le nom de cette orange &#8211; car on la trouve en tr\u00e8s grande quantit\u00e9 dans les oranges Valencia. \u00c0 lui seul, il peut offrir un fort go\u00fbt d\u2019agrumes et d\u2019orange, mais dans le cas du Ice Cream Cake, notre limon\u00e8ne a tendance \u00e0 dominer ce terp\u00e8ne en saveur.   <\/p>\n<p>On sait cependant que le valencene contribue aux sentiments d\u2019euphorie et peut \u00e9galement contribuer \u00e0 la vigilance et aux fonctions cognitives. L\u2019une de ses fonctions dans le cannabis peut \u00eatre de lutter contre les parasites. Ce terp\u00e8ne est \u00e9galement connu pour ses propri\u00e9t\u00e9s antioxydantes, anti-inflammatoires et anti-allerg\u00e8nes.  <\/p>\n<p><strong>Caryophyll\u00e8ne :<\/strong> Un autre terp\u00e8ne couramment pr\u00e9sent dans les diff\u00e9rentes vari\u00e9t\u00e9s de cannabis, le caryophyll\u00e8ne se trouve \u00e9galement dans le poivre noir, le basilic et la cannelle. Il donne un peu de piquant au go\u00fbt et est connu pour \u00eatre anti-inflammatoire.   <\/p>\n<p><strong>G\u00e9raniol :<\/strong> Si vous avez remarqu\u00e9 un lien avec la plante \u00e0 fleurs pr\u00e9f\u00e9r\u00e9e de votre grand-m\u00e8re &#8211; les g\u00e9raniums, vous avez compris le lien! Le g\u00e9raniol se trouve dans les plantes de g\u00e9ranium, mais il est \u00e9galement pr\u00e9sent dans l\u2019huile de rose, le citron et l\u2019huile de citronnelle &#8211; et pourrait \u00e9galement \u00eatre pr\u00e9sent dans certaines vari\u00e9t\u00e9s de cannabis comme protection contre les infestations de parasites.   <\/p>\n<p>Lorsque l\u2019herbe que vous fumez contient du myrc\u00e8ne et du g\u00e9raniol, vous avez un effet synergique car le g\u00e9raniol peut aider \u00e0 la synth\u00e8se du myrc\u00e8ne.<\/p>\n<p><strong>Camph\u00e8ne :<\/strong> Vous aimerez peut-\u00eatre en savoir plus sur le camph\u00e8ne, surtout si vous consommez beaucoup d\u2019herbe pour Ice Cream Cake ! C\u2019est un terp\u00e8ne int\u00e9ressant avec plusieurs avantages et qualit\u00e9s qui incluent la capacit\u00e9 de r\u00e9duire la douleur, de combattre l\u2019inflammation et peut \u00e9galement \u00eatre antifongique. Sa pr\u00e9sence se retrouve \u00e9galement dans la muscade et le romarin.    <\/p>\n<p><strong>Car\u00e8ne :<\/strong> D\u00e9testez-vous l\u2019effet secondaire que certaines vari\u00e9t\u00e9s de cannabis vous font subir comme les yeux rouges et la bouche s\u00e8che? Vous pourrez peut-\u00eatre \u00ab&nbsp;remercier&nbsp;\u00bb Carene pour cela, mais ne soyez pas trop s\u00e9v\u00e8re lorsque vous d\u00e9couvrez qu\u2019il y a \u00e9galement des avantages que ce compos\u00e9 offre. Le car\u00e8ne est connu pour aider \u00e0 lutter contre l\u2019inflammation, favorise la vigilance et la r\u00e9tention de la m\u00e9moire. Certains d\u2019entre vous se souviennent peut-\u00eatre de l\u2019\u00e9poque o\u00f9 vous \u00e9tudiiez et vous entassiez avant un examen et d\u00e9couvriez que si vous fumiez pendant que vous \u00e9tiez bourr\u00e9, vous r\u00e9ussissiez bien aux examens. Cela <em>pourrait<\/em> avoir \u00e0 voir avec les niveaux de car\u00e8ne dans vos articulations!      <\/p>\n<p><strong>Phellandr\u00e8ne :<\/strong> Principalement consid\u00e9r\u00e9 comme un terp\u00e8ne qui ajoute un ar\u00f4me de menthe et de bois, mais en fait, on pense maintenant qu\u2019il est peut-\u00eatre aussi utile pour r\u00e9duire la douleur, augmenter les niveaux d\u2019\u00e9nergie et peut-\u00eatre combattre les cellules canc\u00e9reuses. D\u2019autres recherches sont n\u00e9cessaires sur le Phellandrene, mais il est souvent utilis\u00e9 comme additif dans les produits cosm\u00e9tiques pour ses d\u00e9licieuses qualit\u00e9s d\u2019am\u00e9lioration des ar\u00f4mes, en particulier ceux d\u2019un parfum bois\u00e9 ou herbac\u00e9.   <\/p>\n<h2>Effets attendus de la fleur de Ice Cream Cake<\/h2>\n<p>Alors, que pouvez-vous attendre de cette Indica \u00e0 75%, avec des niveaux de THC qui peuvent approcher les 75%, et tous ces terp\u00e8nes int\u00e9ressants? Selon vous, en g\u00e9n\u00e9ral, vous consid\u00e9rerez cette vari\u00e9t\u00e9 comme une vari\u00e9t\u00e9 nocturne, \u00e0 ne pas utiliser lorsque vous avez besoin de toutes vos facult\u00e9s pour faire fonctionner des machines ou que vous devez \u00eatre alerte. Vous adorerez cette vari\u00e9t\u00e9 cependant, le soir, lorsque vous voulez vous sentir totalement d\u00e9tendu, heureuse et, plus tard, vous sentir peut-\u00eatre s\u00e9dat\u00e9e et enferm\u00e9e dans votre canap\u00e9 si vous n\u2019\u00eates pas all\u00e9 au lit.    <\/p>\n<p>Apr\u00e8s vos deux premi\u00e8res bouff\u00e9es, vous ressentirez probablement une explosion d\u2019\u00e9nergie mentale alors qu\u2019elle s\u2019infiltre dans les zones c\u00e9r\u00e9brales \u00e0 mesure que les pens\u00e9es n\u00e9gatives sont repouss\u00e9es. Bien que vous vouliez peut-\u00eatre fumer avec des amis, c\u2019est aussi une fum\u00e9e parfaite lorsque vous \u00eates seul apr\u00e8s que cette \u00e9nergie mentale se soit d\u00e9clench\u00e9e; Il se glissera bient\u00f4t dans tout le corps, vous laissant avec un \u00e9tat mental de bonheur alors que votre corps entre dans une relaxation compl\u00e8te. <\/p>\n<h2>Avantages m\u00e9dicaux du Ice Cream Cake<\/h2>\n<p>On sait que cette souche a aid\u00e9 beaucoup de gens de mani\u00e8re m\u00e9dicinale et avec de nombreuses conditions. L\u2019insomnie est une condition majeure, en ce sens qu\u2019elle vous permet de combattre facilement les pens\u00e9es n\u00e9gatives, tout en \u00e9tant dans un \u00e9tat de bonheur d\u00e9tendu &#8211; et par d\u00e9tendu, nous entendons \u00e0 la fois dans l\u2019esprit et le corps. Et peut-\u00eatre aussi de l\u2019esprit. Avec son profil terp\u00e9nique profond, Ice Cream Cake est utilis\u00e9 pour de nombreuses conditions m\u00e9dicales, notamment :   <\/p>\n<ul>\n<li>Insomnie\n<li>TSPT\n<li>Stress\n<li>Douleur, chronique et aigu\u00eb\n<li>Perte d\u2019app\u00e9tit\n<li>D\u00e9pression\n<li>Naus\u00e9es\n<li>Crampes\n<li>Spasmes musculaires\n<li>Anxi\u00e9t\u00e9\n<\/ul>\n<p><em>REMARQUE : Les informations sur ce site sont fournies \u00e0 des fins \u00e9ducatives seulement et ne remplacent pas un avis m\u00e9dical professionnel.<\/em><\/p>\n<h2>Livraison gratuite de Ice Cream Cake en 2 heures dans la r\u00e9gion du Grand Toronto (RGT)<\/h2>\n<p>Si vous \u00eates dans la r\u00e9gion du Grand Toronto (RGT), vous pouvez vous procurer de l\u2019herbe Ice Cream Cake 2 heures* \u00e0 votre porte! Commandez avant 20 h et l\u2019un de nos chauffeurs vous livrera le jour m\u00eame, 2 heures gratuitement, lorsque vous commandez un minimum de 100,00 $ de l\u2019un des produits sur notre site Web.<\/p>\n<p>*Livraison en deux heures \u00e0 Toronto (Scarborough, North York, Etobicoke, DownTown, York \u2013 toutes les r\u00e9gions \u00e0 l\u2019int\u00e9rieur des fronti\u00e8res de la ville de Toronto), Richmond Hill, King, Aurora, Newmarket, Woodbridge, Vaughan et Markham.<\/p>\n","protected":false},"excerpt":{"rendered":"<p>Une vari\u00e9t\u00e9 puissante avec environ 23% de THC, beaucoup de gens aiment sa d\u00e9licieuse vari\u00e9t\u00e9 en plus de sa capacit\u00e9 \u00e0 vous faire entrer dans un high euphorisant de r\u00eave, suivi d\u2019un \u00e9tat de relaxation profonde et de somnolence.  <\/p>\n<p>Indica \u00e0 dominante indica qui aurait \u00e9t\u00e9 cr\u00e9\u00e9 \u00e0 partir d\u2019un croisement entre Wedding Cake et Gelato.  <\/p>\n<p>Ice Cream Cake est souvent utilis\u00e9 pour ses bienfaits m\u00e9dicaux ainsi que pour ses beaux effets lors de la d\u00e9gustation dans des situations r\u00e9cr\u00e9atives. Les novices doivent \u00eatre prudents en raison de sa puissance et \u00e9valuer leur r\u00e9ponse \u00e0 cette vari\u00e9t\u00e9. <\/p>\n","protected":false},"featured_media":17278,"comment_status":"closed","ping_status":"closed","template":"","meta":{"_acf_changed":false},"product_brand":[],"product_cat":[250],"product_tag":[],"class_list":{"0":"post-19112","1":"product","2":"type-product","3":"status-publish","4":"has-post-thumbnail","6":"product_cat-pot-indica","7":"pa_weight-1-oz-fr-ca","8":"pa_weight-1-2-oz-fr-ca","9":"pa_weight-1-4-oz-fr-ca-2","11":"first","12":"instock","13":"shipping-taxable","14":"purchasable","15":"product-type-variable"},"acf":[],"_links":{"self":[{"href":"https:\/\/420now.co\/fr-ca\/wp-json\/wp\/v2\/product\/19112","targetHints":{"allow":["GET"]}}],"collection":[{"href":"https:\/\/420now.co\/fr-ca\/wp-json\/wp\/v2\/product"}],"about":[{"href":"https:\/\/420now.co\/fr-ca\/wp-json\/wp\/v2\/types\/product"}],"replies":[{"embeddable":true,"href":"https:\/\/420now.co\/fr-ca\/wp-json\/wp\/v2\/comments?post=19112"}],"wp:featuredmedia":[{"embeddable":true,"href":"https:\/\/420now.co\/fr-ca\/wp-json\/wp\/v2\/media\/17278"}],"wp:attachment":[{"href":"https:\/\/420now.co\/fr-ca\/wp-json\/wp\/v2\/media?parent=19112"}],"wp:term":[{"taxonomy":"product_brand","embeddable":true,"href":"https:\/\/420now.co\/fr-ca\/wp-json\/wp\/v2\/product_brand?post=19112"},{"taxonomy":"product_cat","embeddable":true,"href":"https:\/\/420now.co\/fr-ca\/wp-json\/wp\/v2\/product_cat?post=19112"},{"taxonomy":"product_tag","embeddable":true,"href":"https:\/\/420now.co\/fr-ca\/wp-json\/wp\/v2\/product_tag?post=19112"}],"curies":[{"name":"wp","href":"https:\/\/api.w.org\/{rel}","templated":true}]}}