{"id":19120,"date":"2022-10-15T22:08:56","date_gmt":"2022-10-16T02:08:56","guid":{"rendered":"https:\/\/420now.co\/product\/animal-cookies-aaaa\/"},"modified":"2026-03-12T19:12:09","modified_gmt":"2026-03-12T23:12:09","slug":"animal-cookies-aaaa","status":"publish","type":"product","link":"https:\/\/420now.co\/fr-ca\/product\/animal-cookies-aaaa\/","title":{"rendered":"Animal Cookies AAAA"},"content":{"rendered":"<p>Hybride puissant \u00e0 dominante indica, Animal Cookies est un croisement entre <a href=\"https:\/\/420now.co\/fr-ca\/product\/girl-scout-cookies\/\" target=\"_blank\" rel=\"noopener\">Girl Scout Cookies<\/a> (GSC) et Fire OG. En 2014, cette vari\u00e9t\u00e9 a remport\u00e9 la High Times Cannabis Cup . <\/p>\n<p>Il frappe fort et procure un buzz euphorisant qui finit par vous faire fondre le corps. Bien qu\u2019elle puisse \u00eatre \u00e9difiante, elle peut \u00e9galement avoir des effets s\u00e9datifs et est une excellente fum\u00e9e de soir\u00e9e. <\/p>\n<p>Les niveaux de THC peuvent atteindre 27%. Les d\u00e9butants doivent \u00eatre prudents avec le dosage jusqu\u2019\u00e0 ce qu\u2019ils exp\u00e9rimentent et comprennent comment cette vari\u00e9t\u00e9 peut les affecter. <\/p>\n<h2>Histoire de la Strain de cannabis Animal Cookies<\/h2>\n<p>Parfois appel\u00e9e \u00ab Animal Crackers \u00bb, cette vari\u00e9t\u00e9 a son histoire sur la sc\u00e8ne des producteurs de la Colombie-Britannique. Il a \u00e9t\u00e9 d\u00e9velopp\u00e9 \u00e0 l\u2019origine par BC Bud Depot, un d\u00e9p\u00f4t de semences canadien de renomm\u00e9e mondiale. Il s\u2019agissait d\u2019un projet visant \u00e0 am\u00e9liorer la puissance et les caract\u00e9ristiques de la vari\u00e9t\u00e9 <em>Girl Scout Cookies<\/em> .  <\/p>\n<p>En f\u00e9vrier 2014, Animal Cookies a remport\u00e9 la High Times Medical Cannabis Cup. En effet, avec sa puissance, c\u2019est souvent un favori pour les consommateurs de cannabis m\u00e9dical. <\/p>\n<h2>Animal Cookies Descriptif<\/h2>\n<p>Beaucoup ont not\u00e9 que cette vari\u00e9t\u00e9 conserve le go\u00fbt original de Girl Scout Cookies avec des saveurs de cerise et de biscuits. En raison de son profil terp\u00e9nique, il y a des notes de p\u00e2te \u00e0 biscuits, de cerise et de vanille qui adoucissent l\u2019ar\u00f4me terreux majeur. Les principaux terp\u00e8nes Animal Cookies comprennent le caryophyll\u00e8ne, l\u2019humul\u00e8ne et le myrc\u00e8ne.  <\/p>\n<p>Ces terp\u00e8nes m\u00e9ritent aussi un commentaire; Le caryophyll\u00e8ne a un c\u00f4t\u00e9 \u00e9pic\u00e9 et se retrouve aussi dans la cannelle et le poivre noir, et il est reconnu pour avoir un effet anti-inflammatoire. Bien qu\u2019il n\u2019existe pas d\u2019\u00e9tudes d\u00e9finitives \u00e0 ce jour, il existe des preuves que le caryophyll\u00e8ne pourrait traiter l\u2019alcoolisme et la d\u00e9pendance, les maladies inflammatoires de l\u2019intestin et soulager la douleur. <\/p>\n<p>L\u2019humul\u00e8ne est un autre terp\u00e8ne prometteur en tant qu\u2019anti-inflammatoire et, curieusement, l\u2019humul\u00e8ne est souvent pr\u00e9sent dans les souches qui contiennent des quantit\u00e9s sup\u00e9rieures \u00e0 la moyenne du terp\u00e8ne caryophyll\u00e8ne susmentionn\u00e9. L\u2019humul\u00e8ne est \u00e9galement un d\u00e9fenseur de la plante de cannabis car il aide \u00e0 pr\u00e9venir les champignons et peut \u00e9loigner d\u2019autres parasites. <\/p>\n<p>Le myrc\u00e8ne est assez courant dans presque toutes les vari\u00e9t\u00e9s de cannabis et est souvent le plus dominant. On le trouve aussi dans le thym, la mangue et la citronnelle. Il est possible que lorsque les consommateurs de cannabis se sentent d\u00e9tendus, le myrc\u00e8ne entre en action et active les r\u00e9cepteurs cannabino\u00efdes de leur corps.  <\/p>\n<h2>Effets des Animal Cookies<\/h2>\n<p>Chaque personne est diff\u00e9rente et, comme mentionn\u00e9, chacun de nous poss\u00e8de des r\u00e9cepteurs cannabino\u00efdes dans tout le corps, ce qu\u2019on appelle le <a href=\"https:\/\/www.ncbi.nlm.nih.gov\/pmc\/articles\/PMC5877694\/\" target=\"_blank\" rel=\"noopener\">syst\u00e8me endocannabino\u00efde<\/a>. La fa\u00e7on dont vous r\u00e9agirez aux combinaisons de THC et aux diff\u00e9rents profils terp\u00e8nes d\u2019une vari\u00e9t\u00e9 peut \u00eatre tr\u00e8s diff\u00e9rente de la r\u00e9action des autres, ou les effets ressentis peuvent \u00eatre tr\u00e8s diff\u00e9rents de votre exp\u00e9rience. <\/p>\n<p>Mais en g\u00e9n\u00e9ral, Animal Cookies procure un high dur et audacieux qui provoque des sensations d\u2019euphorie, avec un effet tr\u00e8s bourdonnant. \u00c0 mesure que l\u2019effet s\u2019estompe, la plupart des utilisateurs d\u00e9crivent la \u00ab fonte corporelle \u00bb qui survient, pouvant entra\u00eener un verrouillage du divan et de la somnolence. Ce n\u2019est d\u00e9finitivement pas une vari\u00e9t\u00e9 que vous voulez utiliser pour utiliser de l\u2019\u00e9quipement.  <\/p>\n<p>Vous ressentirez probablement une euphorie tr\u00e8s heureuse, suivie d\u2019une relaxation profonde tr\u00e8s heureuse qui se transforme en somnolence et peut-\u00eatre en s\u00e9dation. Un effet n\u00e9gatif que vous voudrez peut-\u00eatre conna\u00eetre et qui est possible sont les sympt\u00f4mes qui incluent la s\u00e9cheresse oculaire et la bouche s\u00e8che. Vous voudrez avoir une boisson \u00e0 proximit\u00e9.  <\/p>\n<h2>Avantages m\u00e9dicaux possibles des Animal Cookies<\/h2>\n<p>Avec son profil \u00e9lev\u00e9 en THC et terp\u00e8nes, compte tenu des effets r\u00e9guliers mentionn\u00e9s ci-dessus, Animal Cookies est souvent un choix de choix pour les patients utilisant la marijuana m\u00e9dicale. M\u00eame ceux qui ne sont pas des usagers r\u00e9guliers de la sant\u00e9, mais qui souffrent r\u00e9guli\u00e8rement d\u2019insomnie, peuvent trouver cette vari\u00e9t\u00e9 particuli\u00e8rement utile pour g\u00e9rer et \u00e9liminer les nuits blanches. <\/p>\n<p>Il a un grand potentiel pour aider \u00e0 soulager les douleurs et courbatures difficiles \u00e0 g\u00e9rer \u2013 qu\u2019elles soient chroniques ou aigu\u00ebs. En raison de son profil terp\u00e8ne, certains anxieux disent que cela a aid\u00e9 \u2013 mais les d\u00e9butants doivent savoir que cela peut aussi causer un effet inverse, soit une augmentation de l\u2019anxi\u00e9t\u00e9 et de la parano\u00efa. Allez-y doucement avec Animal Cookies si vous \u00eates habitu\u00e9 \u00e0 exp\u00e9rimenter avec le cannabis, que ce soit \u00e0 des fins r\u00e9cr\u00e9atives ou m\u00e9dicales.  <\/p>\n<p>Voici un bref r\u00e9sum\u00e9 de certains des avantages m\u00e9dicaux d\u00e9clar\u00e9s :<\/p>\n<ul>\n<li>Traiter l\u2019insomnie.<\/li>\n<li>Traiter les naus\u00e9es.<\/li>\n<li>Traiter la douleur aigu\u00eb et chronique.<\/li>\n<li>Soulager l\u2019inflammation.<\/li>\n<li>Peut aider certains \u00e0 souffrir de d\u00e9pression.<\/li>\n<li>Certains utilisateurs signalent une augmentation de la concentration, peut-\u00eatre en raison du sommeil r\u00e9parateur dans lequel ils entrent, et b\u00e9n\u00e9ficient d\u2019un sentiment de concentration et de vigilance le lendemain.<\/li>\n<li>Manque d\u2019app\u00e9tit &#8211; cette vari\u00e9t\u00e9 peut provoquer le d\u00e9sir de grignoter et de manger.<\/li>\n<\/ul>\n<p><em>REMARQUE : Les informations sur ce site sont fournies \u00e0 des fins \u00e9ducatives seulement et ne remplacent pas un avis m\u00e9dical professionnel.<\/em><\/p>\n<h2>Livraison de Animal Cookies dans la r\u00e9gion de Toronto<\/h2>\n<p>Si vous \u00eates dans la r\u00e9gion du Grand Toronto (RGT), vous pouvez vous procurer de l\u2019herbe Animal Cookies dans les 2 heures* \u00e0 votre porte! Commandez avant 20 h et l\u2019un de nos chauffeurs vous livrera le jour m\u00eame, 2 heures gratuitement, lorsque vous commandez un minimum de 100,00 $ de l\u2019un des produits sur notre site Web.<\/p>\n<p>*Livraison en deux heures \u00e0 Toronto (Scarborough, North York, Etobicoke, DownTown, York \u2013 toutes les r\u00e9gions \u00e0 l\u2019int\u00e9rieur des fronti\u00e8res de la ville de Toronto), Richmond Hill, King, Aurora, Newmarket, Woodbridge, Vaughan et Markham.<\/p>\n<p>Pour d\u2019autres r\u00e9gions, nous pouvons vous exp\u00e9dier des Animal Cookies .<\/p>\n","protected":false},"excerpt":{"rendered":"<p>Hybride puissant \u00e0 dominante indica, Animal Cookies est un croisement entre <a href=\"https:\/\/420now.co\/fr-ca\/product\/girl-scout-cookies\/\" target=\"_blank\" rel=\"noopener\">Girl Scout Cookies<\/a> (GSC) et Fire OG. En 2013, cette vari\u00e9t\u00e9 a remport\u00e9 la High Times Cannabis Cup . <\/p>\n<p>Il frappe fort et procure un buzz euphorisant qui finit par vous faire fondre le corps. Bien qu\u2019elle puisse \u00eatre \u00e9difiante, elle peut \u00e9galement avoir des effets s\u00e9datifs et est une excellente fum\u00e9e de soir\u00e9e. <\/p>\n<p>Les niveaux de THC peuvent atteindre 27%. Les d\u00e9butants doivent \u00eatre prudents avec le dosage jusqu\u2019\u00e0 ce qu\u2019ils exp\u00e9rimentent et comprennent comment cette vari\u00e9t\u00e9 peut les affecter. <\/p>\n","protected":false},"featured_media":17276,"comment_status":"open","ping_status":"closed","template":"","meta":{"_acf_changed":false},"product_brand":[],"product_cat":[250],"product_tag":[],"class_list":{"0":"post-19120","1":"product","2":"type-product","3":"status-publish","4":"has-post-thumbnail","6":"product_cat-pot-indica","7":"pa_weight-1-oz-fr-ca","8":"pa_weight-1-2-oz-fr-ca","9":"pa_weight-1-4-oz-fr-ca-2","11":"first","12":"instock","13":"shipping-taxable","14":"purchasable","15":"product-type-variable"},"acf":[],"_links":{"self":[{"href":"https:\/\/420now.co\/fr-ca\/wp-json\/wp\/v2\/product\/19120","targetHints":{"allow":["GET"]}}],"collection":[{"href":"https:\/\/420now.co\/fr-ca\/wp-json\/wp\/v2\/product"}],"about":[{"href":"https:\/\/420now.co\/fr-ca\/wp-json\/wp\/v2\/types\/product"}],"replies":[{"embeddable":true,"href":"https:\/\/420now.co\/fr-ca\/wp-json\/wp\/v2\/comments?post=19120"}],"wp:featuredmedia":[{"embeddable":true,"href":"https:\/\/420now.co\/fr-ca\/wp-json\/wp\/v2\/media\/17276"}],"wp:attachment":[{"href":"https:\/\/420now.co\/fr-ca\/wp-json\/wp\/v2\/media?parent=19120"}],"wp:term":[{"taxonomy":"product_brand","embeddable":true,"href":"https:\/\/420now.co\/fr-ca\/wp-json\/wp\/v2\/product_brand?post=19120"},{"taxonomy":"product_cat","embeddable":true,"href":"https:\/\/420now.co\/fr-ca\/wp-json\/wp\/v2\/product_cat?post=19120"},{"taxonomy":"product_tag","embeddable":true,"href":"https:\/\/420now.co\/fr-ca\/wp-json\/wp\/v2\/product_tag?post=19120"}],"curies":[{"name":"wp","href":"https:\/\/api.w.org\/{rel}","templated":true}]}}